{"id":1437,"date":"2016-03-25T04:20:48","date_gmt":"2016-03-25T07:20:48","guid":{"rendered":"http:\/\/finance.thememove.com\/?page_id=1437"},"modified":"2021-04-06T12:27:53","modified_gmt":"2021-04-06T15:27:53","slug":"trabalhe-conosco","status":"publish","type":"page","link":"https:\/\/11ponto11servidor.com.br\/inst\/quem-somos\/trabalhe-conosco\/","title":{"rendered":"Trabalhe Conosco"},"content":{"rendered":"<section class=\"l-section wpb_row height_auto color_alternate\"><div class=\"l-section-h i-cf\"><div class=\"g-cols vc_row type_default valign_top\"><div class=\"vc_col-sm-3 wpb_column vc_column_container\"><div class=\"vc_column-inner us_custom_821ea863\"><div class=\"wpb_wrapper\">[vc_widget_sidebar sidebar_id=&#8221;us_widget_area_menu_quem_somos&#8221;]<\/div><\/div><\/div><div class=\"vc_col-sm-9 wpb_column vc_column_container\"><div class=\"vc_column-inner\"><div class=\"wpb_wrapper\"><div class=\"g-cols wpb_row  us_custom_cd30eb40 type_default valign_top vc_inner\"><div class=\"vc_col-sm-12 wpb_column vc_column_container\"><div class=\"vc_column-inner\"><div class=\"wpb_wrapper\"><div id=\"ult-carousel-143098882469eacaca57942\" class=\"ult-carousel-wrapper   ult_horizontal\" data-gutter=\"15\" data-rtl=\"false\" ><div class=\"ult-carousel-419941325169eacaca5785a \" ><div class=\"ult-item-wrap\" data-animation=\"animated no-animation\"><div class=\"w-image us_custom_caa68bbf align_center\"><div class=\"w-image-h\"><img decoding=\"async\" width=\"848\" height=\"388\" src=\"https:\/\/11ponto11servidor.com.br\/inst\/wp-content\/uploads\/sites\/6\/2017\/06\/ban1_trabalhe.jpg\" class=\"attachment-full size-full\" alt=\"\" srcset=\"https:\/\/11ponto11servidor.com.br\/inst\/wp-content\/uploads\/sites\/6\/2017\/06\/ban1_trabalhe.jpg 848w, https:\/\/11ponto11servidor.com.br\/inst\/wp-content\/uploads\/sites\/6\/2017\/06\/ban1_trabalhe-300x137.jpg 300w, https:\/\/11ponto11servidor.com.br\/inst\/wp-content\/uploads\/sites\/6\/2017\/06\/ban1_trabalhe-768x351.jpg 768w\" sizes=\"(max-width: 848px) 100vw, 848px\" \/><\/div><\/div><\/div><div class=\"ult-item-wrap\" data-animation=\"animated no-animation\"><div class=\"w-image us_custom_63af1093 align_center\"><div class=\"w-image-h\"><img decoding=\"async\" width=\"848\" height=\"388\" src=\"https:\/\/11ponto11servidor.com.br\/inst\/wp-content\/uploads\/sites\/6\/2017\/06\/ban2_trabalhe.jpg\" class=\"attachment-full size-full\" alt=\"\" srcset=\"https:\/\/11ponto11servidor.com.br\/inst\/wp-content\/uploads\/sites\/6\/2017\/06\/ban2_trabalhe.jpg 848w, https:\/\/11ponto11servidor.com.br\/inst\/wp-content\/uploads\/sites\/6\/2017\/06\/ban2_trabalhe-300x137.jpg 300w, https:\/\/11ponto11servidor.com.br\/inst\/wp-content\/uploads\/sites\/6\/2017\/06\/ban2_trabalhe-768x351.jpg 768w\" sizes=\"(max-width: 848px) 100vw, 848px\" \/><\/div><\/div><\/div><\/div><\/div>\t\t\t<script type=\"text\/javascript\">\n\t\t\t\tjQuery(document).ready(function ($) {\n\t\t\t\t\tif( typeof jQuery('.ult-carousel-419941325169eacaca5785a').slick == \"function\"){\n\t\t\t\t\t\t$('.ult-carousel-419941325169eacaca5785a').slick({dots: true,autoplay: true,autoplaySpeed: 5000,speed: 300,infinite: true,arrows: true,nextArrow: '<button type=\"button\" role=\"button\" aria-label=\"Next\" style=\"color:#c40c0c; font-size:20px;\" class=\"slick-next default\"><i class=\"ultsl-arrow-right4\"><\/i><\/button>',prevArrow: '<button type=\"button\" role=\"button\" aria-label=\"Previous\" style=\"color:#c40c0c; font-size:20px;\" class=\"slick-prev default\"><i class=\"ultsl-arrow-left4\"><\/i><\/button>',slidesToScroll:1,slidesToShow:1,swipe: true,draggable: true,touchMove: true,pauseOnHover: true,pauseOnFocus: false,responsive: [\n\t\t\t\t\t\t\t{\n\t\t\t\t\t\t\t  breakpoint: 1026,\n\t\t\t\t\t\t\t  settings: {\n\t\t\t\t\t\t\t\tslidesToShow: 1,\n\t\t\t\t\t\t\t\tslidesToScroll: 1,  \n\t\t\t\t\t\t\t  }\n\t\t\t\t\t\t\t},\n\t\t\t\t\t\t\t{\n\t\t\t\t\t\t\t  breakpoint: 1025,\n\t\t\t\t\t\t\t  settings: {\n\t\t\t\t\t\t\t\tslidesToShow: 1,\n\t\t\t\t\t\t\t\tslidesToScroll: 1\n\t\t\t\t\t\t\t  }\n\t\t\t\t\t\t\t},\n\t\t\t\t\t\t\t{\n\t\t\t\t\t\t\t  breakpoint: 760,\n\t\t\t\t\t\t\t  settings: {\n\t\t\t\t\t\t\t\tslidesToShow: 1,\n\t\t\t\t\t\t\t\tslidesToScroll: 1\n\t\t\t\t\t\t\t  }\n\t\t\t\t\t\t\t}\n\t\t\t\t\t\t],pauseOnDotsHover: true,customPaging: function(slider, i) {\n                   return '<i type=\"button\" style= \"color:#c40c0c;\" class=\"ultsl-radio-checked\" data-role=\"none\"><\/i>';\n                },});\n\t\t\t\t\t}\n\t\t\t\t});\n\t\t\t<\/script>\n\t\t\t<\/div><\/div><\/div><\/div><div class=\"g-cols wpb_row  us_custom_d8850670 type_default valign_top reversed vc_inner\"><div class=\"vc_col-sm-12 wpb_column vc_column_container\"><div class=\"vc_column-inner\"><div class=\"wpb_wrapper\"><h3 class=\"w-text us_custom_6f5fcfe0 grossura_700 has_text_color align_left\"><span class=\"w-text-h\"><span class=\"w-text-value\">Quer fazer parte da nossa equipe?<\/span><\/span><\/h3><div class=\"wpb_text_column\" ><div class=\"wpb_wrapper\"><p align=\"justify\">Fa\u00e7a seu cadastro e venha adicionar o seu objetivo ao nosso neg\u00f3cio e fazer parte do nosso time. Fazendo a diferen\u00e7a e tra\u00e7ando o sucesso.<\/p>\n<p align=\"justify\">A <b>11PONTO11<\/b> \u00e9 um grupo em plena expans\u00e3o, onde trabalhamos com as maiores institui\u00e7\u00f5es financeiras do pa\u00eds na prospec\u00e7\u00e3o e vendas de produtos de servi\u00e7os financeiros, seguros e viagens.<\/p>\n<p align=\"justify\">Temos v\u00e1rias oportunidades para voc\u00ea que busca impulsionar sua carreira, desenvolvimento, inspira\u00e7\u00e3o e motiva\u00e7\u00e3o.<\/p>\n<p align=\"justify\">Trabalhamos com nossos clientes e colaboradores sempre com integridade, agilidade, seguran\u00e7a, transpar\u00eancia e respeito.<\/p>\n<\/div><\/div><\/div><\/div><\/div><\/div><div class=\"g-cols wpb_row  us_custom_f88f4ae3 type_boxes valign_top reversed vc_inner has_border_radius\"><div class=\"vc_col-sm-12 wpb_column vc_column_container\"><div class=\"vc_column-inner\"><div class=\"wpb_wrapper\">\n<div class=\"wpcf7 no-js\" id=\"wpcf7-f154-o1\" lang=\"pt-BR\" dir=\"ltr\">\n<div class=\"screen-reader-response\"><p role=\"status\" aria-live=\"polite\" aria-atomic=\"true\"><\/p> <ul><\/ul><\/div>\n<form action=\"\/inst\/wp-json\/wp\/v2\/pages\/1437#wpcf7-f154-o1\" method=\"post\" class=\"wpcf7-form init\" aria-label=\"Formul\u00e1rios de contato\" enctype=\"multipart\/form-data\" novalidate=\"novalidate\" data-status=\"init\">\n<div style=\"display: none;\">\n<input type=\"hidden\" name=\"_wpcf7\" value=\"154\" \/>\n<input type=\"hidden\" name=\"_wpcf7_version\" value=\"5.8\" \/>\n<input type=\"hidden\" name=\"_wpcf7_locale\" value=\"pt_BR\" \/>\n<input type=\"hidden\" name=\"_wpcf7_unit_tag\" value=\"wpcf7-f154-o1\" \/>\n<input type=\"hidden\" name=\"_wpcf7_container_post\" value=\"0\" \/>\n<input type=\"hidden\" name=\"_wpcf7_posted_data_hash\" value=\"\" \/>\n<\/div>\n<p><span class=\"wpcf7-form-control-wrap\" data-name=\"nome\"><input size=\"40\" class=\"wpcf7-form-control wpcf7-text wpcf7-validates-as-required\" id=\"nome\" aria-required=\"true\" aria-invalid=\"false\" placeholder=\"Digite seu Nome Completo\" value=\"\" type=\"text\" name=\"nome\" \/><\/span><br \/>\n<span class=\"wpcf7-form-control-wrap\" data-name=\"email\"><input size=\"40\" class=\"wpcf7-form-control wpcf7-email wpcf7-validates-as-required wpcf7-text wpcf7-validates-as-email\" id=\"email\" aria-required=\"true\" aria-invalid=\"false\" placeholder=\"Digite seu e-mail\" value=\"\" type=\"email\" name=\"email\" \/><\/span><br \/>\n<label for=\"sexo\">*Sexo<\/label><br \/>\n<span class=\"wpcf7-form-control-wrap\" data-name=\"sexo\"><span class=\"wpcf7-form-control wpcf7-radio\"><span class=\"wpcf7-list-item first\"><label><input type=\"radio\" name=\"sexo\" value=\"Masculino\" checked=\"checked\" \/><span class=\"wpcf7-list-item-label\">Masculino<\/span><\/label><\/span><span class=\"wpcf7-list-item last\"><label><input type=\"radio\" name=\"sexo\" value=\"Feminino\" \/><span class=\"wpcf7-list-item-label\">Feminino<\/span><\/label><\/span><\/span><\/span><br \/>\n<span class=\"wpcf7-form-control-wrap\" data-name=\"telefone\"><input size=\"40\" class=\"wpcf7-form-control wpcf7-tel wpcf7-validates-as-required wpcf7-text wpcf7-validates-as-tel\" id=\"telefone\" aria-required=\"true\" aria-invalid=\"false\" placeholder=\"(DDD) Telefone\" value=\"\" type=\"tel\" name=\"telefone\" \/><\/span><br \/>\n<span class=\"wpcf7-form-control-wrap\" data-name=\"cidade\"><input size=\"40\" class=\"wpcf7-form-control wpcf7-text wpcf7-validates-as-required\" id=\"cidade\" aria-required=\"true\" aria-invalid=\"false\" placeholder=\"Cidade\" value=\"\" type=\"text\" name=\"cidade\" \/><\/span><span class=\"wpcf7-form-control-wrap\" data-name=\"estado\"><input size=\"40\" class=\"wpcf7-form-control wpcf7-text wpcf7-validates-as-required\" id=\"estado\" aria-required=\"true\" aria-invalid=\"false\" placeholder=\"UF\" value=\"\" type=\"text\" name=\"estado\" \/><\/span><br \/>\n<span class=\"wpcf7-form-control-wrap\" data-name=\"areasinteresse\"><input size=\"40\" class=\"wpcf7-form-control wpcf7-text wpcf7-validates-as-required\" id=\"areasinteresse\" aria-required=\"true\" aria-invalid=\"false\" placeholder=\"\u00c1rea de interesse\" value=\"\" type=\"text\" name=\"areasinteresse\" \/><\/span><br \/>\n<label for=\"curriculo\">*Anexar curr\u00edculo<span class=\"wpcf7-form-control-wrap\" data-name=\"curriculo\"><input size=\"40\" class=\"wpcf7-form-control wpcf7-file wpcf7-validates-as-required email-anexos1\" id=\"curriculo\" accept=\".jpg,.jpeg,.png,.gif,.pdf,.doc,.docx\" aria-required=\"true\" aria-invalid=\"false\" type=\"file\" name=\"curriculo\" \/><\/span><br \/>\n<\/label><br \/>\n<span class=\"wpcf7-form-control-wrap\" data-name=\"observacao\"><textarea cols=\"40\" rows=\"10\" class=\"wpcf7-form-control wpcf7-textarea\" id=\"observacao\" aria-invalid=\"false\" placeholder=\"Observa\u00e7\u00f5es\" name=\"observacao\"><\/textarea><\/span><br \/>\n<!--[anr_nocaptcha g-recaptcha-response]--><br \/>\n<input class=\"wpcf7-form-control wpcf7-submit has-spinner\" type=\"submit\" value=\"Enviar Informa\u00e7\u00f5es\" \/>\n<\/p><div class=\"wpcf7-response-output\" aria-hidden=\"true\"><\/div>\n<\/form>\n<\/div>\n<\/div><\/div><\/div><\/div><\/div><\/div><\/div><\/div><\/div><\/section>\n","protected":false},"excerpt":{"rendered":"[vc_widget_sidebar sidebar_id=\"us_widget_area_menu_quem_somos\"] Quer fazer parte da nossa equipe?Fa\u00e7a seu cadastro e venha adicionar o seu objetivo ao nosso neg\u00f3cio e fazer parte do nosso time. Fazendo a diferen\u00e7a e tra\u00e7ando o sucesso. A 11PONTO11 \u00e9 um grupo em plena expans\u00e3o, onde trabalhamos com as maiores institui\u00e7\u00f5es financeiras do pa\u00eds na prospec\u00e7\u00e3o e vendas de produtos...","protected":false},"author":1,"featured_media":0,"parent":304,"menu_order":0,"comment_status":"closed","ping_status":"closed","template":"","meta":{"footnotes":""},"class_list":["post-1437","page","type-page","status-publish","hentry"],"_links":{"self":[{"href":"https:\/\/11ponto11servidor.com.br\/inst\/wp-json\/wp\/v2\/pages\/1437"}],"collection":[{"href":"https:\/\/11ponto11servidor.com.br\/inst\/wp-json\/wp\/v2\/pages"}],"about":[{"href":"https:\/\/11ponto11servidor.com.br\/inst\/wp-json\/wp\/v2\/types\/page"}],"author":[{"embeddable":true,"href":"https:\/\/11ponto11servidor.com.br\/inst\/wp-json\/wp\/v2\/users\/1"}],"replies":[{"embeddable":true,"href":"https:\/\/11ponto11servidor.com.br\/inst\/wp-json\/wp\/v2\/comments?post=1437"}],"version-history":[{"count":0,"href":"https:\/\/11ponto11servidor.com.br\/inst\/wp-json\/wp\/v2\/pages\/1437\/revisions"}],"up":[{"embeddable":true,"href":"https:\/\/11ponto11servidor.com.br\/inst\/wp-json\/wp\/v2\/pages\/304"}],"wp:attachment":[{"href":"https:\/\/11ponto11servidor.com.br\/inst\/wp-json\/wp\/v2\/media?parent=1437"}],"curies":[{"name":"wp","href":"https:\/\/api.w.org\/{rel}","templated":true}]}}