{"id":2137,"date":"2017-05-11T14:19:26","date_gmt":"2017-05-11T17:19:26","guid":{"rendered":"http:\/\/11ponto11servidor.com.br\/inst\/?page_id=2137"},"modified":"2021-02-17T18:30:52","modified_gmt":"2021-02-17T21:30:52","slug":"politica-de-privacidade","status":"publish","type":"page","link":"https:\/\/11ponto11servidor.com.br\/inst\/politica-de-privacidade\/","title":{"rendered":"Pol\u00edtica de Privacidade"},"content":{"rendered":"<section class=\"l-section wpb_row us_custom_e645dbf4 height_auto\"><div class=\"l-section-h i-cf\"><div class=\"g-cols vc_row type_default valign_top\"><div class=\"vc_col-sm-12 wpb_column vc_column_container\"><div class=\"vc_column-inner\"><div class=\"wpb_wrapper\"><div class=\"wpb_text_column\" ><div class=\"wpb_wrapper\"><p>As empresas abaixo, pertencentes ao GRUPO <b>11PONTO11<\/b>:<\/p>\n<\/div><\/div><div class=\"w-tabs style_default switch_click accordion has_scrolling title_atleft icon_chevron iconpos_right tm-accordion\"><div class=\"w-tabs-sections\"><div class=\"w-tabs-sections-h\"><div class=\"w-tabs-section\" id=\"1494529484795-c993738d-e75a\"><button aria-controls=\"content-1494529484795-c993738d-e75a\" class=\"w-tabs-section-header\"><div class=\"w-tabs-section-header-h\"><div class=\"w-tabs-section-title\">11ponto11 Assessoria, Neg\u00f3cios, Viagens e Turismo Ltda<\/div><div class=\"w-tabs-section-control\"><\/div><\/div><\/button><div class=\"w-tabs-section-content\" id=\"content-1494529484795-c993738d-e75a\" aria-expanded=\"false\"><div class=\"w-tabs-section-content-h i-cf\"><div class=\"wpb_text_column\" ><div class=\"wpb_wrapper\"><p>CNPJ 12.288.127\/0001-37, endere\u00e7o: Rua Amazonas, 439 \u2013 Centro \u2013 S\u00e3o Caetano do Sul \u2013SP \u2013 CEP 09520-070 Telefones : (011) 4228-2651 e (011) 2373-5494, cadastrada e certificada pela Embratur sob n\u00ba <b>26.077903.10.0001-7<\/b><\/p>\n<\/div><\/div><\/div><\/div><\/div><div class=\"w-tabs-section\" id=\"1494529484866-dbc57da5-931d\"><button aria-controls=\"content-1494529484866-dbc57da5-931d\" class=\"w-tabs-section-header\"><div class=\"w-tabs-section-header-h\"><div class=\"w-tabs-section-title\">11ponto11 Corretora de Seguros e Prote\u00e7\u00e3o Eirelli<\/div><div class=\"w-tabs-section-control\"><\/div><\/div><\/button><div class=\"w-tabs-section-content\" id=\"content-1494529484866-dbc57da5-931d\" aria-expanded=\"false\"><div class=\"w-tabs-section-content-h i-cf\"><div class=\"wpb_text_column\" ><div class=\"wpb_wrapper\"><p>CNPJ: 14.775.041\/0001-64, mesmo endere\u00e7o e telefones acima e cadastrada junto \u00e0 SUSEP sob o n\u00ba \u00faltima, como Corretora de Seguros, regularmente registrada sob o n\u00ba SUSEP n\u00ba <b>100.731.803<\/b><\/p>\n<\/div><\/div><\/div><\/div><\/div><div class=\"w-tabs-section\" id=\"1494529663036-84aa06c3-24fe\"><button aria-controls=\"content-1494529663036-84aa06c3-24fe\" class=\"w-tabs-section-header\"><div class=\"w-tabs-section-header-h\"><div class=\"w-tabs-section-title\">11ponto11 Solu\u00e7\u00f5es e Servi\u00e7os Eirelli<\/div><div class=\"w-tabs-section-control\"><\/div><\/div><\/button><div class=\"w-tabs-section-content\" id=\"content-1494529663036-84aa06c3-24fe\" aria-expanded=\"false\"><div class=\"w-tabs-section-content-h i-cf\"><div class=\"wpb_text_column\" ><div class=\"wpb_wrapper\"><p>CNPJ : 14.108.884\/0001-07, endere\u00e7o : Rua General Jardim, 482 Cjto. 53 \u2013 Vila Buarque \u2013 S\u00e3o Paulo \u2013 SP \u2013 CEP 01223-010, telefones: (11) 3307 11 11 \u2013 (11) 3192 11 11 \u2013 (11) 4872 11 11, , cadastrada junto aos Bancos denominados \u201cParceiros\u201d como <b>Correspondente Banc\u00e1rio<\/b>, conforme RES. do BACEN (Banco Central do Brasil) N\u00ba 3.964 de 24 de Fevereiro de 2011, podendo atuar em nome destes na capta\u00e7\u00e3o de Propostas de Cr\u00e9dito, cart\u00f5es de Cr\u00e9dito e outros produtos financeiros<\/p>\n<\/div><\/div><\/div><\/div><\/div><div class=\"w-tabs-section\" id=\"1494529720531-6c3148b1-3893\"><button aria-controls=\"content-1494529720531-6c3148b1-3893\" class=\"w-tabs-section-header\"><div class=\"w-tabs-section-header-h\"><div class=\"w-tabs-section-title\">11ponto11 Contact Center Ltda<\/div><div class=\"w-tabs-section-control\"><\/div><\/div><\/button><div class=\"w-tabs-section-content\" id=\"content-1494529720531-6c3148b1-3893\" aria-expanded=\"false\"><div class=\"w-tabs-section-content-h i-cf\"><div class=\"wpb_text_column\" ><div class=\"wpb_wrapper\"><p>CNPJ 15.613.087\/0001-40, mesmo endere\u00e7o e telefones acima, tamb\u00e9m atuando como Correspondente Banc\u00e1rio<\/p>\n<\/div><\/div><\/div><\/div><\/div><\/div><\/div><\/div><div class=\"wpb_text_column us_custom_a92bf69e\" ><div class=\"wpb_wrapper\"><p>As empresas, denominadas a partir de agora: <b>11PONTO11<\/b> estabelecem a presente Pol\u00edtica de Privacidade e Seguran\u00e7a de Dados com:<\/p>\n<\/div><\/div><\/div><\/div><\/div><\/div><\/div><\/section><section class=\"l-section wpb_row us_custom_539f15ee height_auto\"><div class=\"l-section-h i-cf\"><div class=\"g-cols vc_row type_default valign_top\"><div class=\"vc_col-sm-12 wpb_column vc_column_container\"><div class=\"vc_column-inner\"><div class=\"wpb_wrapper\"><div class=\"w-tabs layout_hor style_default switch_click icon_chevron iconpos_right title_atleft tm-tab\"><div class=\"w-tabs-list hidden items_3\"><div class=\"w-tabs-list-h\"><a class=\"w-tabs-item active\" aria-controls=\"content-1494522002181-08c91ae2-c953\" href=\"javascript:void(0);\"><span class=\"w-tabs-item-title\">USU\u00c1RIOS<\/span><\/a><a class=\"w-tabs-item\" aria-controls=\"content-1494522002223-2ba010bd-2c12\" href=\"javascript:void(0);\"><span class=\"w-tabs-item-title\">ASSINANTES<\/span><\/a><a class=\"w-tabs-item\" aria-controls=\"content-1494530587998-69aefb06-686e\" href=\"javascript:void(0);\"><span class=\"w-tabs-item-title\">PARCEIROS<\/span><\/a><\/div><\/div><div class=\"w-tabs-sections\"><div class=\"w-tabs-sections-h\"><div class=\"w-tabs-section active\" id=\"1494522002181-08c91ae2-c953\"><button aria-controls=\"content-1494522002181-08c91ae2-c953\" class=\"w-tabs-section-header active\"><div class=\"w-tabs-section-header-h\"><div class=\"w-tabs-section-title\">USU\u00c1RIOS<\/div><div class=\"w-tabs-section-control\"><\/div><\/div><\/button><div class=\"w-tabs-section-content\" id=\"content-1494522002181-08c91ae2-c953\" aria-expanded=\"true\"><div class=\"w-tabs-section-content-h i-cf\"><div class=\"wpb_text_column\" ><div class=\"wpb_wrapper\"><p><b>USU\u00c1RIOS<\/b> dos Sites de nossas empresas: <a href=\"https:\/\/localhost\/\" target=\"_blank\" rel=\"noopener noreferrer\">www.11ponto11.com.br<\/a>, <a href=\"https:\/\/seucreditonoclick.com.br\/\" target=\"_blank\" rel=\"noopener noreferrer\">www.seucreditonoclick.com.br<\/a>, <a href=\"https:\/\/seuseguronoclick.com.br\/\" target=\"_blank\" rel=\"noopener noreferrer\">www.seuseguronoclick.com.br<\/a>, <a href=\"https:\/\/suaviagemnoclick.com.br\/\" target=\"_blank\" rel=\"noopener noreferrer\">www.suaviagemnoclick.com.br<\/a>, <a href=\"https:\/\/meubanconoclick.com.br\/\" target=\"_blank\" rel=\"noopener noreferrer\">www.meubanconoclick.com.br<\/a> e do blog que somos patrocinadores exclusivos: <a href=\"https:\/\/blogdosrsiape.com\/\" target=\"_blank\" rel=\"noopener noreferrer\">www.blogdosrsiape.com<\/a>.<\/p>\n<p>A <b>11PONTO11<\/b> tem o compromisso com a privacidade e a seguran\u00e7a de seus clientes durante todo o processo de navega\u00e7\u00e3o e capta\u00e7\u00f5es de informa\u00e7\u00f5es dos clientes nos Sites. Os dados cadastrais dos clientes, incluso e-mails n\u00e3o s\u00e3o vendidos, trocados ou divulgados para terceiros, exceto quando essas informa\u00e7\u00f5es s\u00e3o necess\u00e1rias para o processo de envio de contrato ou contrata\u00e7\u00e3o de cr\u00e9dito\/seguros. Seus dados pessoais s\u00e3o pe\u00e7a fundamental para que sua solicita\u00e7\u00e3o seja atendida e concretizada em um tempo reduzido.<\/p>\n<p>Ao fornecer dados e informa\u00e7\u00f5es pessoais, o <b>USU\u00c1RIO<\/b> se declara ciente da abertura de cadastro em seu nome, servindo tal ci\u00eancia de notifica\u00e7\u00e3o pr\u00e9via, sendo dispens\u00e1vel qualquer outra comunica\u00e7\u00e3o ao consumidor, como a prevista no par\u00e1grafo segundo, do artigo 43, do C\u00f3digo de Prote\u00e7\u00e3o e Defesa do Consumidor, ou no inciso I, do artigo 1\u00ba, da Portaria n\u00ba 5\/02, da Secretaria de Direito Econ\u00f4mico.<\/p>\n<p>Embora a <b>11PONTO11<\/b> empregue seus melhores esfor\u00e7os para a prote\u00e7\u00e3o dos dados do <b>USU\u00c1RIO<\/b>, e considerando as caracter\u00edsticas dos sistemas inform\u00e1ticos, e o constante avan\u00e7o das t\u00e9cnicas de invas\u00e3o, A <b>11PONTO11<\/b> N\u00c3O GARANTE a seguran\u00e7a absoluta de seus sistemas e sistemas de terceiros, utilizados pela <b>11PONTO11<\/b>, n\u00e3o se responsabilizando por atos de terceiros que eventualmente logrem \u00eaxito em coletar e utilizar, por quaisquer meios, dados e\/ou informa\u00e7\u00f5es disponibilizadas pelo USU\u00c1RIO \u00e0 <b>11PONTO11<\/b>.<\/p>\n<p>Ao fornecer dados e informa\u00e7\u00f5es pessoais, durante qualquer intera\u00e7\u00e3o com o SITE:<\/p>\n<ol>\n<li>O <b>USU\u00c1RIO<\/b> est\u00e1 ciente da utiliza\u00e7\u00e3o dos dados e informa\u00e7\u00f5es fornecidos \u00e0 <b>11PONTO11<\/b> para fins contratuais. Ademais, consente que a <b>11PONTO11<\/b> compartilhe tais dados e informa\u00e7\u00f5es com outra(s) empresa(s) de seu grupo econ\u00f4mico e\/ou com parceiros comerciais da <b>11PONTO11<\/b>, desde que este compartilhamento de dados seja necess\u00e1rio ao desenvolvimento da rela\u00e7\u00e3o contratual estabelecida;<\/li>\n<li>O <b>USU\u00c1RIO<\/b> declara estar ciente de que poder\u00e1 ser necess\u00e1rio \u00e0 <b>11PONTO11<\/b> fornecer os dados e informa\u00e7\u00f5es do <b>USU\u00c1RIO<\/b> \u00e0s empresas terceiras envolvidas, quando o usu\u00e1rio efetua cota\u00e7\u00f5es e contrata\u00e7\u00f5es de seguros por meio do SITE, que deles necessitam na fase pr\u00e9 e seguinte \u00e0 contrata\u00e7\u00e3o, em especial \u00e0s COMPANHIAS SEGURADORAS, consentindo expressamente o <b>USU\u00c1RIO<\/b> com o fornecimento de seus dados e informa\u00e7\u00f5es pessoais nestas circunst\u00e2ncias;<\/li>\n<li>Em particular, no site: www.meubanconoclick.com.br, o cliente fornece seu CPF e o Site busca em sua base cadastral a Ag\u00eancia e n\u00famero de conta corrente no Banco do Brasil. Se, estiverem corretas, o usu\u00e1rio CONFIRMA ou ALTERA para fazermos a pesquisa de sugest\u00f5es de linhas de Cr\u00e9dito Dispon\u00edveis no BB. A Opera\u00e7\u00e3o de cr\u00e9dito <strong>somente ser\u00e1 concretizada<\/strong> ap\u00f3s a Identifica\u00e7\u00e3o Positiva do USU\u00c1RIO e autoriza\u00e7\u00e3o para a contrata\u00e7\u00e3o, efetuada no ambiente interno do Banco e <strong>sem nossa interfer\u00eancia.<\/strong><\/li>\n<li><strong>N\u00e3o pedimos<\/strong> senhas pessoais, de Internet Banking ou Banc\u00e1rias de nossos USU\u00c1RIOS.<\/li>\n<li>Tendo em vista a natureza dos contratos transacionados pela <b>11PONTO11<\/b>, o <b>USU\u00c1RIO<\/b> consente com a utiliza\u00e7\u00e3o dos dados e informa\u00e7\u00f5es fornecidos a ela para fins de recebimento de comunica\u00e7\u00f5es da <b>11PONTO11<\/b>.<\/li>\n<\/ol>\n<p>O <b>USU\u00c1RIO<\/b> fica ciente que, sempre que fundado em ind\u00edcio de ato il\u00edcito, e requerido por qualquer autoridade, por exemplo, policial, informa\u00e7\u00f5es sobre a propriedade de um registro do usu\u00e1rio no PORTAL, ser\u00e1 l\u00edcito \u00e0 <b>11PONTO11<\/b> fornecer os dados cadastrais do <b>USU\u00c1RIO<\/b>, a seu exclusivo crit\u00e9rio, sem que tal ato constitua qualquer viola\u00e7\u00e3o de sigilo.<\/p>\n<p>Dentro do SITE, \u00e9 poss\u00edvel que o <b>USU\u00c1RIO<\/b> encontre links e atalhos que o direcionar\u00e3o para sites de terceiros. O <b>USU\u00c1RIO<\/b> declara estar ciente que a <b>11PONTO11<\/b> n\u00e3o tem controle ou inger\u00eancia sobre esses sites de terceiros, por n\u00e3o possu\u00edrem qualquer liga\u00e7\u00e3o com a <b>11PONTO11<\/b>, que n\u00e3o tem conhecimento das pol\u00edticas e regulamentos de privacidade destes sites, que podem ser constantemente alterados, inviabilizando sua verifica\u00e7\u00e3o pr\u00e9via pela <b>11PONTO11<\/b>. Assim, constitui obriga\u00e7\u00e3o do <b>USU\u00c1RIO<\/b> a verifica\u00e7\u00e3o dos termos relativos \u00e0 privacidade destes sites de terceiros, para os quais haja links e atalhos dispon\u00edveis nos SITES da <b>11PONTO11<\/b>, quando do acesso a eles.<\/p>\n<p>Excetuando, os Sites pertencentes ao GRUPO <b>11PONTO11<\/b> que est\u00e3o cobertos por esta Pol\u00edtica de Privacidade. S\u00e3o eles:<\/p>\n<p><a href=\"https:\/\/localhost\/\" target=\"_blank\" rel=\"noopener noreferrer\">www.11ponto11.com.br<\/a>, <a href=\"https:\/\/seucreditonoclick.com.br\/\" target=\"_blank\" rel=\"noopener noreferrer\">www.seucreditonoclick.com.br<\/a>, <a href=\"https:\/\/seuseguronoclick.com.br\/\" target=\"_blank\" rel=\"noopener noreferrer\">www.seuseguronoclick.com.br<\/a>, <a href=\"https:\/\/suaviagemnoclick.com.br\/\" target=\"_blank\" rel=\"noopener noreferrer\">www.suaviagemnoclick.com.br<\/a>, <a href=\"https:\/\/meubanconoclick.com.br\/\" target=\"_blank\" rel=\"noopener noreferrer\">www.meubanconoclick.com.br<\/a><\/p>\n<p>A <b>11PONTO11<\/b> fica isenta de qualquer responsabilidade decorrente de viola\u00e7\u00f5es da privacidade do USU\u00c1RIO pelos sites que eventualmente possuam link a partir do site da <b>11PONTO11<\/b>, excetuando-se, os Sites descritos acima.<\/p>\n<p>Caso o <b>USU\u00c1RIO<\/b> tenha qualquer d\u00favida referente \u00e0 privacidade de seus dados, ou o presente regulamento, poder\u00e1 direcionar suas quest\u00f5es ao E-MAIL: contato@11ponto11.com.br.<\/p>\n<p>Devido \u00e0 r\u00e1pida evolu\u00e7\u00e3o das tecnologias na Internet, \u00e0 <b>11PONTO11<\/b> reserva-se o direito de, a seu exclusivo crit\u00e9rio, a qualquer tempo e sem aviso pr\u00e9vio, modificar ou alterar este contrato, raz\u00e3o pela qual se recomenda ao USU\u00c1RIO, quando for utilizar os servi\u00e7os da <b>11PONTO11<\/b>, que proceda \u00e0 leitura das condi\u00e7\u00f5es vigentes \u00e0 \u00e9poca de seu acesso, vez que, a cada acesso , um novo contrato \u00e9 celebrado pelo <b>USU\u00c1RIO<\/b>. A utiliza\u00e7\u00e3o dos servi\u00e7os da <b>11PONTO11<\/b> pelo <b>USU\u00c1RIO<\/b> atrav\u00e9s do SITE implicar\u00e1 na irrestrita aceita\u00e7\u00e3o das condi\u00e7\u00f5es vigentes, incluindo as altera\u00e7\u00f5es que porventura venham a ser realizadas.<\/p>\n<p>O <b>USU\u00c1RIO<\/b> compreende e autoriza que a <b>11PONTO11<\/b> utilize artif\u00edcios t\u00e9cnicos conhecidos como \u201ccookies\u201d, ou semelhantes, para DIRECION\u00c1-LO para outros Sites, pr\u00f3prios ou n\u00e3o, devidamente \u201clogado\u201d.<\/p>\n<p>O <b>USU\u00c1RIO<\/b> declara estar ciente que existe a possibilidade de configurar seu navegador para ser avisado, na tela do computador, sobre a recep\u00e7\u00e3o dos \u201ccookies\u201d, e para impedir a sua instala\u00e7\u00e3o no disco r\u00edgido. As informa\u00e7\u00f5es pertinentes a esta configura\u00e7\u00e3o est\u00e3o dispon\u00edveis em instru\u00e7\u00f5es e manuais do pr\u00f3prio navegador.<\/p>\n<p>Para utilizar os servi\u00e7os da <b>11PONTO11<\/b> n\u00e3o \u00e9 necess\u00e1rio que o <b>USU\u00c1RIO<\/b> permita a recep\u00e7\u00e3o de \u201ccookies\u201d eventualmente utilizados pela <b>11PONTO11<\/b>.<\/p>\n<\/div><\/div><\/div><\/div><\/div><div class=\"w-tabs-section\" id=\"1494522002223-2ba010bd-2c12\"><button aria-controls=\"content-1494522002223-2ba010bd-2c12\" class=\"w-tabs-section-header\"><div class=\"w-tabs-section-header-h\"><div class=\"w-tabs-section-title\">ASSINANTES<\/div><div class=\"w-tabs-section-control\"><\/div><\/div><\/button><div class=\"w-tabs-section-content\" id=\"content-1494522002223-2ba010bd-2c12\" aria-expanded=\"false\"><div class=\"w-tabs-section-content-h i-cf\"><div class=\"wpb_text_column\" ><div class=\"wpb_wrapper\"><p><b>ASSINANTES<\/b> que cadastram seus e-mails para receberem not\u00edcias de seu interesse atrav\u00e9s do blog que patrocinamos: <a href=\"http:\/\/www.srsiape.com.br\" target=\"_blank\" rel=\"noopener noreferrer\">www.srsiape.com.br<\/a>, e\/ou pe\u00e7as promocionais de produtos de Cr\u00e9dito, Seguros, Viagens e Turismo.<\/p>\n<p>Aos <b>ASSINANTES<\/b> que cadastram seus e-mails para receberem noticias de seu interesse atrav\u00e9s do blog que patrocinamos : <a href=\"http:\/\/www.srsiape.com\/\" target=\"_blank\" rel=\"noopener noreferrer\">www.srsiape.com.br<\/a>, e\/ou pe\u00e7as promocionais de produtos de Cr\u00e9dito, Seguros, Viagens e Turismo. Esse cadastramento ocorre atrav\u00e9s de OPT-INs inseridos em todos os nossos Sites <a href=\"http:\/\/11ponto11.com.br\" target=\"_blank\" rel=\"noopener noreferrer\">www.11ponto11.com.br<\/a>, <a href=\"http:\/\/seucreditonoclick.com.br\" target=\"_blank\" rel=\"noopener noreferrer\">www.seucreditonoclick.com.br<\/a>, <a href=\"http:\/\/seuseguronoclick.com.br\" target=\"_blank\" rel=\"noopener noreferrer\">www.seuseguronoclick.com.br<\/a> e <a href=\"http:\/\/suaviagemnoclick.com.br\" target=\"_blank\" rel=\"noopener noreferrer\">www.suaviagemnoclick.com.br<\/a> onde \u00e9 dada a Op\u00e7\u00e3o de escolher os produtos que gostaria de receber informa\u00e7\u00f5es e\/ou promo\u00e7\u00f5es.<\/p>\n<p>A <b>11PONTO11<\/b> tem o compromisso com a privacidade e a seguran\u00e7a de seus clientes durante todo o processo de navega\u00e7\u00e3o e capta\u00e7\u00f5es de informa\u00e7\u00f5es dos clientes nos Sites. Os e-mails cadastrados dos clientes, n\u00e3o s\u00e3o vendidos, trocados ou divulgados para terceiros.<\/p>\n<p>A <b>11PONTO11<\/b> possui, em todos os seus Sites e Blog patrocinado a possibilidade do cliente se cadastrar para receber regularmente ofertas de produtos e noticias de seu interesse pelo e-mail cadastrado, tornando-se ASSINANTE de um, ou mais Sites, como segue:<\/p>\n<ol>\n<li>Blog do Sr. Siape: Not\u00edcias de seu interesse como funcion\u00e1rio P\u00fablico Federal, bem como de sua fam\u00edlia. Ser\u00e1 enviado um e-mail com a \u201cmanchete\u201d da not\u00edcia e acesso ao Blog para leitura completa, se o assunto, for de seu interesse.<\/li>\n<li>Ofertas de Cr\u00e9dito, atrav\u00e9s de e-mails promocionais, convidando-o a visitar nosso site especializado: <a href=\"http:\/\/seucreditonoclick.com.br\" target=\"_blank\" rel=\"noopener noreferrer\">www.seucreditonoclick.com.br<\/a> ou entrar em contato conosco atrav\u00e9s de nosso telefone gratuito: <b>0800 607 1111<\/b>.<\/li>\n<li>Ofertas de Seguros, atrav\u00e9s de e-mails promocionais, convidando-o para visitar nosso site especializado : <a href=\"http:\/\/seuseguronoclick.com.br\" target=\"_blank\" rel=\"noopener noreferrer\">www.seuseguronoclick.com.br<\/a> ou entrar em contato conosco atrav\u00e9s de nosso telefone gratuito: <b>0800 607 1111<\/b>.<\/li>\n<li>Ofertas de Viagens e Turismo, atrav\u00e9s de e-mails promocionais, convidando-o a visitar nosso site especializado: <a href=\"http:\/\/suaviagemnoclick.com.br\" target=\"_blank\" rel=\"noopener noreferrer\">www.suaviagemnoclick.com.br<\/a> ou entrar em contato conosco atrav\u00e9s de nosso telefone gratuito: <b>0800 607 1111<\/b>.<\/li>\n<\/ol>\n<p>No momento da assinatura no Site (cadastramento do e-mail) o <b>ASSINANTE<\/b> ter\u00e1 a op\u00e7\u00e3o de escolher, quais produtos gostaria de receber nossas informa\u00e7\u00f5es e\/ou ofertas.<\/p>\n<p>A qualquer momento, o <b>ASSINANTE<\/b> poder\u00e1 cancelar sua ASSINATURA de todos os Sites ou de algum que n\u00e3o seja mais de seu interesse, receber nossas pe\u00e7as de e-mail marketing.<\/p>\n<p>Caso o cliente n\u00e3o queira mais receber e-mails da <b>11PONTO11<\/b>, ele deve clicar no \u201clink\u201d de descadastramento, presente em todos os e-mails por n\u00f3s enviados ou entrar em contato conosco pelo telefone de nossa Central de Atendimento : <b>0800 607 1111<\/b> (liga\u00e7\u00e3o gratuita). O prazo para remo\u00e7\u00e3o \u00e9 de at\u00e9 48 (quarenta e oito) horas \u00fateis.<\/p>\n<p>Caso o cliente n\u00e3o queira mais receber e-mails da <b>11PONTO11<\/b>, al\u00e9m das op\u00e7\u00f5es acima, ele poder\u00e1, se for de seu interesse, enviar e-mail para: descadastramento@11ponto11.com.br. O prazo de remo\u00e7\u00e3o ser\u00e1 de at\u00e9 48 (quarenta e oito) horas \u00fateis.<\/p>\n<p>A <b>11PONTO11<\/b> possui em todos os seus Sites, Certifica\u00e7\u00e3o de Seguran\u00e7a, emitido pela empresa dos E.U.A., especializada em criptografar as informa\u00e7\u00f5es fornecidas, dando seguran\u00e7a aos usu\u00e1rios em rela\u00e7\u00e3o a invas\u00e3o dos nossos Sites para capturar as informa\u00e7\u00f5es a n\u00f3s confiadas por nossos clientes. Por outro lado, tamb\u00e9m com a certifica\u00e7\u00e3o, temos a garantia que voc\u00ea ter\u00e1 uma navega\u00e7\u00e3o \u201csegura\u201d e nossos Sites n\u00e3o ser\u00e3o agentes propagadores de V\u00edrus, Malwares, ou qualquer outro software malicioso que poder\u00e1 capturar suas informa\u00e7\u00f5es, danificador seu computador ou qualquer outra ferramenta de navega\u00e7\u00e3o.<\/p>\n<p>Ao navegar em TODOS os sites da <b>11PONTO11<\/b> voc\u00ea ter\u00e1 a identifica\u00e7\u00e3o visual (cadeado) que lhe demonstra estar tendo uma navega\u00e7\u00e3o segura e certificada. Se quiser verificar os dados do nosso certificado, click no \u201ccadeado verde\u201d e ver\u00e1 todas as especifica\u00e7\u00f5es da nossa Certifica\u00e7\u00e3o. Por outro lado, no \u201crodap\u00e9\u201d de nossos Sites, temos o selo de Seguran\u00e7a: <b>CLOUDFLARE \u2013 CERTIFICADO E PROTEGIDO<\/b> onde voc\u00ea poder\u00e1 obter todos os dados do nosso certificado de Seguran\u00e7a.<\/p>\n<p>A <b>11PONTO11<\/b> utiliza cookies e informa\u00e7\u00f5es de sua navega\u00e7\u00e3o (sess\u00e3o do browser) com o objetivo de aperfei\u00e7oar sempre nossos servi\u00e7os, produtos, conte\u00fados e garantir as melhores ofertas e promo\u00e7\u00f5es para voc\u00ea. Durante todo este processo mantemos suas informa\u00e7\u00f5es em sigilo absoluto. Vale lembrar que seus dados s\u00e3o registrados pela <b>11PONTO11<\/b> de forma automatizada, dispensando manipula\u00e7\u00e3o humana.<\/p>\n<\/div><\/div><\/div><\/div><\/div><div class=\"w-tabs-section\" id=\"1494530587998-69aefb06-686e\"><button aria-controls=\"content-1494530587998-69aefb06-686e\" class=\"w-tabs-section-header\"><div class=\"w-tabs-section-header-h\"><div class=\"w-tabs-section-title\">PARCEIROS<\/div><div class=\"w-tabs-section-control\"><\/div><\/div><\/button><div class=\"w-tabs-section-content\" id=\"content-1494530587998-69aefb06-686e\" aria-expanded=\"false\"><div class=\"w-tabs-section-content-h i-cf\"><div class=\"wpb_text_column\" ><div class=\"wpb_wrapper\"><p>A <b>11PONTO11<\/b> possui v\u00e1rios Parceiros de neg\u00f3cios e muitas vezes conduzimos nossos clientes, diretamente para os Sites destes parceiros. Assim, pedimos ler a Pol\u00edtica de Privacidade de cada um deles, pois n\u00e3o nos responsabilizamos pela navega\u00e7\u00e3o no ambiente destes. Apesar de, serem empresas de grande porte e especializadas em cada servi\u00e7o ou produto que disponibilizam.<\/p>\n<\/div><\/div><\/div><\/div><\/div><\/div><\/div><\/div><div class=\"wpb_text_column\" ><div class=\"wpb_wrapper\"><p>Central de Atendimento <b>0800 780 1111<\/b> (liga\u00e7\u00e3o gratuita) ou atrav\u00e9s do e-mail: contato@11ponto11.com.br. As altera\u00e7\u00f5es sobre nossa pol\u00edtica de privacidade ser\u00e3o devidamente informadas neste espa\u00e7o.<\/p>\n<p>Endere\u00e7o para Correspond\u00eancia:<\/p>\n<p><b>11PONTO11 SOLU\u00c7\u00d5ES E SERVI\u00c7OS EIRELI<\/b><br \/>\nCENTRAL DE RELACIONAMENTO<br \/>\nRua General Jardim, 482 \u2013 Cjto 53 \u2013 Vila Buarque \u2013 S\u00e3o Paulo \u2013 SP<br \/>\nCEP: 01223-010<\/p>\n<\/div><\/div><\/div><\/div><\/div><\/div><\/div><\/section>\n","protected":false},"excerpt":{"rendered":"As empresas abaixo, pertencentes ao GRUPO 11PONTO11: 11ponto11 Assessoria, Neg\u00f3cios, Viagens e Turismo LtdaCNPJ 12.288.127\/0001-37, endere\u00e7o: Rua Amazonas, 439 \u2013 Centro \u2013 S\u00e3o Caetano do Sul \u2013SP \u2013 CEP 09520-070 Telefones : (011) 4228-2651 e (011) 2373-5494, cadastrada e certificada pela Embratur sob n\u00ba 26.077903.10.0001-7 11ponto11 Corretora de Seguros e Prote\u00e7\u00e3o EirelliCNPJ: 14.775.041\/0001-64, mesmo endere\u00e7o...","protected":false},"author":1,"featured_media":0,"parent":0,"menu_order":0,"comment_status":"closed","ping_status":"closed","template":"","meta":{"footnotes":""},"class_list":["post-2137","page","type-page","status-publish","hentry"],"_links":{"self":[{"href":"https:\/\/11ponto11servidor.com.br\/inst\/wp-json\/wp\/v2\/pages\/2137"}],"collection":[{"href":"https:\/\/11ponto11servidor.com.br\/inst\/wp-json\/wp\/v2\/pages"}],"about":[{"href":"https:\/\/11ponto11servidor.com.br\/inst\/wp-json\/wp\/v2\/types\/page"}],"author":[{"embeddable":true,"href":"https:\/\/11ponto11servidor.com.br\/inst\/wp-json\/wp\/v2\/users\/1"}],"replies":[{"embeddable":true,"href":"https:\/\/11ponto11servidor.com.br\/inst\/wp-json\/wp\/v2\/comments?post=2137"}],"version-history":[{"count":0,"href":"https:\/\/11ponto11servidor.com.br\/inst\/wp-json\/wp\/v2\/pages\/2137\/revisions"}],"wp:attachment":[{"href":"https:\/\/11ponto11servidor.com.br\/inst\/wp-json\/wp\/v2\/media?parent=2137"}],"curies":[{"name":"wp","href":"https:\/\/api.w.org\/{rel}","templated":true}]}}