{"id":2589,"date":"2017-05-31T10:36:35","date_gmt":"2017-05-31T13:36:35","guid":{"rendered":"http:\/\/11ponto11servidor.com.br\/inst\/?page_id=2589"},"modified":"2020-09-16T10:11:45","modified_gmt":"2020-09-16T13:11:45","slug":"mapa-do-site","status":"publish","type":"page","link":"https:\/\/11ponto11servidor.com.br\/inst\/mapa-do-site\/","title":{"rendered":"Mapa do Site"},"content":{"rendered":"<section class=\"l-section wpb_row us_custom_24c1f17b height_auto\"><div class=\"l-section-h i-cf\"><div class=\"g-cols vc_row type_default valign_top\"><div class=\"vc_col-sm-4 wpb_column vc_column_container\"><div class=\"vc_column-inner\"><div class=\"wpb_wrapper\"><div class=\"wpb_text_column\" ><div class=\"wpb_wrapper\"><ul class=\"mapadosite\">\n<li>\n<h1>Institucional<\/h1>\n<\/li>\n<li><a href=\"\/\"><i class=\"fa fa-chevron-right\"><\/i> Principal<\/a><\/li>\n<li><a href=\"\/inst\/quem-somos\"><i class=\"fa fa-chevron-down\"><\/i> Quem Somos<\/a>\n<ul class=\"mapadosite\">\n<li><a href=\"\/inst\/quem-somos\/historia\/\"><i class=\"fa fa-minus\"><\/i> Nossa Hist\u00f3ria<\/a><\/li>\n<li><a href=\"\/inst\/quem-somos\/nossa-equipe\/\"><i class=\"fa fa-minus\"><\/i> Nossa Equipe<\/a><\/li>\n<li><a href=\"\/inst\/quem-somos\/websites\/\"><i class=\"fa fa-minus\"><\/i> Nossos Websites<\/a><\/li>\n<li><a href=\"\/inst\/quem-somos\/nossos-parceiros\/\"><i class=\"fa fa-minus\"><\/i> Nossos Parceiros<\/a><\/li>\n<li><a href=\"\/inst\/quem-somos\/nossos-parceiros\/\"><i class=\"fa fa-minus\"><\/i> Trabalhe Conosco<\/a><\/li>\n<\/ul>\n<\/li>\n<li><a href=\"\/inst\/nossos-produtos-servicos\/\"><i class=\"fa fa-chevron-down\"><\/i> Solu\u00e7\u00f5es para Voc\u00ea<\/a>\n<ul class=\"mapadosite\">\n<li><a href=\"https:\/\/www.seucreditonoclick.com.br\/\" target=\"_blank\" rel=\"noopener noreferrer\"><i class=\"fa fa-minus\"><\/i> Solu\u00e7\u00f5es de Cr\u00e9dito<\/a><\/li>\n<li><a href=\"https:\/\/www.seuseguronoclick.com.br\/\" target=\"_blank\" rel=\"noopener noreferrer\"><i class=\"fa fa-minus\"><\/i> Solu\u00e7\u00f5es de Seguros<\/a><\/li>\n<li><a href=\"https:\/\/www.suaviagemnoclick.com.br\/\" target=\"_blank\" rel=\"noopener noreferrer\"><i class=\"fa fa-minus\"><\/i> Solu\u00e7\u00f5es de Viagens<\/a><\/li>\n<\/ul>\n<\/li>\n<li><a href=\"https:\/\/blogdosrsiape.com\/\" target=\"_blank\" rel=\"noopener noreferrer\"><i class=\"fa fa-chevron-right\"><\/i> Blog Patrocinado<\/a><\/li>\n<li><a href=\"\/inst\/fale-conosco\/\"><i class=\"fa fa-chevron-right\"><\/i> Canais de Atendimento<\/a><\/li>\n<li><a href=\"\/inst\/contato\"><i class=\"fa fa-chevron-right\"><\/i> Contato<\/a><\/li>\n<\/ul>\n<\/div><\/div><\/div><\/div><\/div><div class=\"vc_col-sm-4 wpb_column vc_column_container\"><div class=\"vc_column-inner\"><div class=\"wpb_wrapper\"><div class=\"wpb_text_column\" ><div class=\"wpb_wrapper\"><ul class=\"mapadosite\">\n<li>\n<h1>Produtos<\/h1>\n<\/li>\n<li><a href=\"https:\/\/www.seucreditonoclick.com.br\/nossas-solucoes-de-credito\/consignado-siape\/\" target=\"_blank\" rel=\"noopener noreferrer\"><i class=\"fa fa-chevron-right\"><\/i> Consig Express<\/a><\/li>\n<li><a href=\"https:\/\/www.seucreditonoclick.com.br\/nossas-solucoes-de-credito\/consignado-siape-viagem\/\" target=\"_blank\" rel=\"noopener noreferrer\"><i class=\"fa fa-chevron-right\"><\/i> Consignado Viagem<\/a><\/li>\n<li><a href=\"https:\/\/www.seucreditonoclick.com.br\/nossas-solucoes-de-credito\/consignado-siape-banco-do-brasil\/\" target=\"_blank\" rel=\"noopener noreferrer\"><i class=\"fa fa-chevron-right\"><\/i> Consignado Banco do Brasil<\/a><\/li>\n<li><a href=\"https:\/\/www.seucreditonoclick.com.br\/nossas-solucoes-de-credito\/credito-salario-banco-do-brasil\/\" target=\"_blank\" rel=\"noopener noreferrer\"><i class=\"fa fa-chevron-right\"><\/i> Cr\u00e9dito Sal\u00e1rio<\/a><\/li>\n<li><a href=\"https:\/\/www.seucreditonoclick.com.br\/nossas-solucoes-de-credito\/cartao-consignado-siape\/\" target=\"_blank\" rel=\"noopener noreferrer\"><i class=\"fa fa-chevron-right\"><\/i> Cart\u00e3o Consignado<\/a><\/li>\n<li><a href=\"https:\/\/www.seucreditonoclick.com.br\/nossas-solucoes-de-credito\/refinanciamentos\/\" target=\"_blank\" rel=\"noopener noreferrer\"><i class=\"fa fa-chevron-right\"><\/i> Refinanciamentos<\/a><\/li>\n<li><a href=\"https:\/\/www.seucreditonoclick.com.br\/nossas-solucoes-de-credito\/portabilidade-consignado-siape\/\" target=\"_blank\" rel=\"noopener noreferrer\"><i class=\"fa fa-chevron-right\"><\/i> Portabilidade<\/a><\/li>\n<li><a href=\"https:\/\/www.seucreditonoclick.com.br\/nossas-solucoes-de-credito\/dinheiro-com-imovel\/\" target=\"_blank\" rel=\"noopener noreferrer\"><i class=\"fa fa-chevron-right\"><\/i> Im\u00f3vel<\/a><\/li>\n<li><a href=\"https:\/\/www.seucreditonoclick.com.br\/nossas-solucoes-de-credito\/cheque-especial-com-imovel\/\" target=\"_blank\" rel=\"noopener noreferrer\"><i class=\"fa fa-chevron-right\"><\/i> Cheque Especial<\/a><\/li>\n<li><a href=\"https:\/\/www.seucreditonoclick.com.br\/nossas-solucoes-de-credito\/aquisicao-de-imovel\/\" target=\"_blank\" rel=\"noopener noreferrer\"><i class=\"fa fa-chevron-right\"><\/i> Aquisi\u00e7\u00e3o de Im\u00f3vel<\/a><\/li>\n<li><a href=\"https:\/\/www.seucreditonoclick.com.br\/nossas-solucoes-de-credito\/reforma-de-imovel\/\" target=\"_blank\" rel=\"noopener noreferrer\"><i class=\"fa fa-chevron-right\"><\/i> Reforma de Im\u00f3vel<\/a><\/li>\n<li><a href=\"https:\/\/www.seucreditonoclick.com.br\/nossas-solucoes-de-credito\/construcao-de-imovel\/\" target=\"_blank\" rel=\"noopener noreferrer\"><i class=\"fa fa-chevron-right\"><\/i> Constru\u00e7\u00e3o<\/a><\/li>\n<li><a href=\"https:\/\/www.seucreditonoclick.com.br\/nossas-solucoes-de-credito\/consorcio-imovel\/\" target=\"_blank\" rel=\"noopener noreferrer\"><i class=\"fa fa-chevron-right\"><\/i> Cons\u00f3rcio de Im\u00f3vel<\/a><\/li>\n<li><a href=\"https:\/\/www.seucreditonoclick.com.br\/nossas-solucoes-de-credito\/consorcio-auto\/\" target=\"_blank\" rel=\"noopener noreferrer\"><i class=\"fa fa-chevron-right\"><\/i> Cons\u00f3rcio de Auto<\/a><\/li>\n<li><a href=\"https:\/\/www.seucreditonoclick.com.br\/nossas-solucoes-de-credito\/consorcio-servicos\/\" target=\"_blank\" rel=\"noopener noreferrer\"><i class=\"fa fa-chevron-right\"><\/i> Cons\u00f3rcio Servi\u00e7os<\/a><\/li>\n<\/ul>\n<\/div><\/div><\/div><\/div><\/div><div class=\"vc_col-sm-4 wpb_column vc_column_container\"><div class=\"vc_column-inner\"><div class=\"wpb_wrapper\"><div class=\"wpb_text_column\" ><div class=\"wpb_wrapper\"><ul class=\"mapadosite\">\n<li>\n<h1>Servi\u00e7os<\/h1>\n<\/li>\n<li><a href=\"https:\/\/www.seucreditonoclick.com.br\/nossas-solucoes-de-credito\/consignado-siape\/simulador-de-credito\/\" target=\"_blank\" rel=\"noopener noreferrer\"><i class=\"fa fa-chevron-right\"><\/i> Simulador de Cr\u00e9dito<\/a><\/li>\n<li><a href=\"https:\/\/www.seuseguronoclick.com.br\/\" target=\"_blank\" rel=\"noopener noreferrer\"><i class=\"fa fa-chevron-right\"><\/i> Simulador de Seguro<\/a><\/li>\n<li><a href=\"https:\/\/www.suaviagemnoclick.com.br\/\" target=\"_blank\" rel=\"noopener noreferrer\"><i class=\"fa fa-chevron-right\"><\/i> Programa de Milhagem<\/a><\/li>\n<li><a href=\"https:\/\/www.suaviagemnoclick.com.br\/\" target=\"_blank\" rel=\"noopener noreferrer\"><i class=\"fa fa-chevron-right\"><\/i> Passagem A\u00e9rea<\/a><\/li>\n<li><a href=\"https:\/\/www.suaviagemnoclick.com.br\/\" target=\"_blank\" rel=\"noopener noreferrer\"><i class=\"fa fa-chevron-right\"><\/i> Hot\u00e9is<\/a><\/li>\n<li><a href=\"https:\/\/www.suaviagemnoclick.com.br\/\" target=\"_blank\" rel=\"noopener noreferrer\"><i class=\"fa fa-chevron-right\"><\/i> Pacotes<\/a><\/li>\n<li><a href=\"https:\/\/www.suaviagemnoclick.com.br\/\" target=\"_blank\" rel=\"noopener noreferrer\"><i class=\"fa fa-chevron-right\"><\/i> Aluguel de Ve\u00edculo<\/a><\/li>\n<li><a href=\"https:\/\/www.suaviagemnoclick.com.br\/\" target=\"_blank\" rel=\"noopener noreferrer\"><i class=\"fa fa-chevron-right\"><\/i> Cart\u00e3o Multimoeda<\/a><\/li>\n<li><a href=\"https:\/\/www.suaviagemnoclick.com.br\/\" target=\"_blank\" rel=\"noopener noreferrer\"><i class=\"fa fa-chevron-right\"><\/i> Seguro Viagem<\/a><\/li>\n<li><a href=\"https:\/\/www.suaviagemnoclick.com.br\/\" target=\"_blank\" rel=\"noopener noreferrer\"><i class=\"fa fa-chevron-right\"><\/i> Cr\u00e9dito para Viajar<\/a><\/li>\n<li><a href=\"https:\/\/www.suaviagemnoclick.com.br\/\" target=\"_blank\" rel=\"noopener noreferrer\"><i class=\"fa fa-chevron-right\"><\/i> Atendimento<\/a><\/li>\n<li><a href=\"https:\/\/www.suaviagemnoclick.com.br\/\" target=\"_blank\" rel=\"noopener noreferrer\"><i class=\"fa fa-chevron-right\"><\/i> Seguros<\/a><\/li>\n<\/ul>\n<\/div><\/div><\/div><\/div><\/div><\/div><\/div><\/section>\n","protected":false},"excerpt":{"rendered":"Institucional Principal Quem Somos Nossa Hist\u00f3ria Nossa Equipe Nossos Websites Nossos Parceiros Trabalhe Conosco Solu\u00e7\u00f5es para Voc\u00ea Solu\u00e7\u00f5es de Cr\u00e9dito Solu\u00e7\u00f5es de Seguros Solu\u00e7\u00f5es de Viagens Blog Patrocinado Canais de Atendimento Contato Produtos Consig Express Consignado Viagem Consignado Banco do Brasil Cr\u00e9dito Sal\u00e1rio Cart\u00e3o Consignado Refinanciamentos Portabilidade Im\u00f3vel Cheque Especial Aquisi\u00e7\u00e3o de Im\u00f3vel Reforma de...","protected":false},"author":4,"featured_media":0,"parent":0,"menu_order":0,"comment_status":"closed","ping_status":"closed","template":"","meta":{"footnotes":""},"class_list":["post-2589","page","type-page","status-publish","hentry"],"_links":{"self":[{"href":"https:\/\/11ponto11servidor.com.br\/inst\/wp-json\/wp\/v2\/pages\/2589"}],"collection":[{"href":"https:\/\/11ponto11servidor.com.br\/inst\/wp-json\/wp\/v2\/pages"}],"about":[{"href":"https:\/\/11ponto11servidor.com.br\/inst\/wp-json\/wp\/v2\/types\/page"}],"author":[{"embeddable":true,"href":"https:\/\/11ponto11servidor.com.br\/inst\/wp-json\/wp\/v2\/users\/4"}],"replies":[{"embeddable":true,"href":"https:\/\/11ponto11servidor.com.br\/inst\/wp-json\/wp\/v2\/comments?post=2589"}],"version-history":[{"count":0,"href":"https:\/\/11ponto11servidor.com.br\/inst\/wp-json\/wp\/v2\/pages\/2589\/revisions"}],"wp:attachment":[{"href":"https:\/\/11ponto11servidor.com.br\/inst\/wp-json\/wp\/v2\/media?parent=2589"}],"curies":[{"name":"wp","href":"https:\/\/api.w.org\/{rel}","templated":true}]}}