{"id":322,"date":"2016-01-21T01:43:10","date_gmt":"2016-01-21T03:43:10","guid":{"rendered":"http:\/\/finance.thememove.com\/?page_id=322"},"modified":"2020-09-28T17:24:07","modified_gmt":"2020-09-28T20:24:07","slug":"contato","status":"publish","type":"page","link":"https:\/\/11ponto11servidor.com.br\/inst\/contato\/","title":{"rendered":"Fale Conosco"},"content":{"rendered":"<section class=\"l-section wpb_row height_large tm-wpcf7 with_overlay with_shape\"><div class=\"l-section-overlay\" style=\"background: #f5f5f5\"><\/div><div class=\"l-section-shape type_triangle-2 pos_bottom\" style=\"color:#ffffff;height:200px;\"><svg xmlns=\"http:\/\/www.w3.org\/2000\/svg\" viewBox=\"0 0 64 8\" preserveAspectRatio=\"none\" width=\"100%\" height=\"100%\">\n\t<path fill=\"currentColor\" d=\"M64 8 L0 8 L0 0 L48 7.9 L64 0 Z\"\/>\n<\/svg><\/div><div class=\"l-section-h i-cf\"><div class=\"g-cols vc_row type_default valign_top\"><div class=\"vc_col-sm-6 wpb_column vc_column_container\"><div class=\"vc_column-inner\"><div class=\"wpb_wrapper\">[vc_raw_html]JTNDZGl2JTIwY2xhc3MlM0QlMjJhbGlnbmNlbnRlciUyMGJvcmRhX3ZpZGVvX3NvYnJlJTIyJTNFJTNDaWZyYW1lJTIwc3JjJTNEJTIyaHR0cHMlM0ElMkYlMkZ3d3cuZ29vZ2xlLmNvbSUyRm1hcHMlMkZlbWJlZCUzRnBiJTNEJTIxMW0xOCUyMTFtMTIlMjExbTMlMjExZDM2NTcuNjg2NDg5OTQyMTc1NyUyMTJkLTQ2LjY1MTI5OTk0OTEyMjQ5NiUyMTNkLTIzLjU0Mzc3NTg2Njc1MzczNCUyMTJtMyUyMTFmMCUyMTJmMCUyMTNmMCUyMTNtMiUyMTFpMTAyNCUyMTJpNzY4JTIxNGYxMy4xJTIxM20zJTIxMW0yJTIxMXMweDk0Y2U1ODQ4NjQ0ODZkYTUlMjUzQTB4YzQ2MzI4YTA2OTc4ODI4YyUyMTJzUnVhJTI1MjBHZW4uJTI1MjBKYXJkaW0lMjUyQyUyNTIwNDgyJTI1MjAtJTI1MjBWaWxhJTI1MjBCdWFycXVlJTI1MkMlMjUyMFMlMjVDMyUyNUEzbyUyNTIwUGF1bG8lMjUyMC0lMjUyMFNQJTI1MkMlMjUyMDAxMjIzLTAxMCUyMTVlMCUyMTNtMiUyMTFzcHQtQlIlMjEyc2JyJTIxNHYxNTc4NjgzNTM0MDA4JTIxNW0yJTIxMXNwdC1CUiUyMTJzYnIlMjIlMjB3aWR0aCUzRCUyMjEwMCUyNSUyMiUyMGhlaWdodCUzRCUyMjQwMCUyMiUyMGZyYW1lYm9yZGVyJTNEJTIyMCUyMiUyMHN0eWxlJTNEJTIyYm9yZGVyJTNBMCUzQiUyMiUyMGFsbG93ZnVsbHNjcmVlbiUzRCUyMiUyMiUzRSUzQyUyRmlmcmFtZSUzRSUzQyUyRmRpdiUzRQ==[\/vc_raw_html]<\/div><\/div><\/div><div class=\"vc_col-sm-6 wpb_column vc_column_container\"><div class=\"vc_column-inner\"><div class=\"wpb_wrapper\"><div class=\"w-text us_custom_18ab3b30 has_text_color align_left\"><span class=\"w-text-h\"><span class=\"w-text-value\">Preencha o formul\u00e1rio para enviar sua mensagem sobre: d\u00favidas, sugest\u00f5es, elogios ou cr\u00edticas, que em breve retornaremos.<\/span><\/span><\/div>\n<div class=\"wpcf7 no-js\" id=\"wpcf7-f152-o1\" lang=\"pt-BR\" dir=\"ltr\">\n<div class=\"screen-reader-response\"><p role=\"status\" aria-live=\"polite\" aria-atomic=\"true\"><\/p> <ul><\/ul><\/div>\n<form action=\"\/inst\/wp-json\/wp\/v2\/pages\/322#wpcf7-f152-o1\" method=\"post\" class=\"wpcf7-form init\" aria-label=\"Formul\u00e1rios de contato\" novalidate=\"novalidate\" data-status=\"init\">\n<div style=\"display: none;\">\n<input type=\"hidden\" name=\"_wpcf7\" value=\"152\" \/>\n<input type=\"hidden\" name=\"_wpcf7_version\" value=\"5.8\" \/>\n<input type=\"hidden\" name=\"_wpcf7_locale\" value=\"pt_BR\" \/>\n<input type=\"hidden\" name=\"_wpcf7_unit_tag\" value=\"wpcf7-f152-o1\" \/>\n<input type=\"hidden\" name=\"_wpcf7_container_post\" value=\"0\" \/>\n<input type=\"hidden\" name=\"_wpcf7_posted_data_hash\" value=\"\" \/>\n<\/div>\n<p><span class=\"wpcf7-form-control-wrap\" data-name=\"nome\"><input size=\"40\" class=\"wpcf7-form-control wpcf7-text wpcf7-validates-as-required\" id=\"nome\" aria-required=\"true\" aria-invalid=\"false\" placeholder=\"Digite seu nome...\" value=\"\" type=\"text\" name=\"nome\" \/><\/span><br \/>\n<span class=\"wpcf7-form-control-wrap\" data-name=\"email\"><input size=\"40\" class=\"wpcf7-form-control wpcf7-email wpcf7-validates-as-required wpcf7-text wpcf7-validates-as-email\" id=\"email\" aria-required=\"true\" aria-invalid=\"false\" placeholder=\"Digite seu e-mail...\" value=\"\" type=\"email\" name=\"email\" \/><\/span><br \/>\n<span class=\"wpcf7-form-control-wrap\" data-name=\"cpf\"><input size=\"40\" maxlength=\"14\" minlength=\"11\" class=\"wpcf7-form-control wpcf7-tel wpcf7-validates-as-required wpcf7-text wpcf7-validates-as-tel\" id=\"cpf\" aria-required=\"true\" aria-invalid=\"false\" placeholder=\"Digite seu CPF...\" value=\"\" type=\"tel\" name=\"cpf\" \/><\/span><br \/>\n<span class=\"wpcf7-form-control-wrap\" data-name=\"assunto\"><select class=\"wpcf7-form-control wpcf7-select wpcf7-validates-as-required\" id=\"assunto\" aria-required=\"true\" aria-invalid=\"false\" name=\"assunto\"><option value=\"\">&#8212;Escolha uma op\u00e7\u00e3o&#8212;<\/option><option value=\"Mensagem\">Mensagem<\/option><option value=\"D\u00favidas\">D\u00favidas<\/option><option value=\"Sugest\u00f5es\">Sugest\u00f5es<\/option><option value=\"Cr\u00edticas\">Cr\u00edticas<\/option><option value=\"Parceria\">Parceria<\/option><\/select><\/span><br \/>\n<span class=\"wpcf7-form-control-wrap\" data-name=\"telefone\"><input size=\"40\" class=\"wpcf7-form-control wpcf7-tel wpcf7-validates-as-required wpcf7-text wpcf7-validates-as-tel\" id=\"telefone\" aria-required=\"true\" aria-invalid=\"false\" placeholder=\"Telefone: xx XXXXX-XXXX\" value=\"\" type=\"tel\" name=\"telefone\" \/><\/span><br \/>\n<span class=\"wpcf7-form-control-wrap\" data-name=\"mensagem\"><textarea cols=\"40\" rows=\"10\" class=\"wpcf7-form-control wpcf7-textarea wpcf7-validates-as-required\" id=\"mensagem\" aria-required=\"true\" aria-invalid=\"false\" placeholder=\"Digite sua mensagem\" name=\"mensagem\"><\/textarea><\/span><br \/>\n<!--[anr_nocaptcha g-recaptcha-response]--><br \/>\n<input class=\"wpcf7-form-control wpcf7-submit has-spinner\" type=\"submit\" value=\"Enviar\" \/>\n<\/p><div class=\"wpcf7-response-output\" aria-hidden=\"true\"><\/div>\n<\/form>\n<\/div>\n<\/div><\/div><\/div><\/div><\/div><\/section><section class=\"l-section wpb_row us_custom_589115b0 height_auto with_overlay\"><div class=\"l-section-overlay\" style=\"background: #ffffff\"><\/div><div class=\"l-section-h i-cf\"><div class=\"g-cols vc_row type_default valign_top\"><div class=\"vc_col-sm-12 wpb_column vc_column_container contact-page-info\"><div class=\"vc_column-inner\"><div class=\"wpb_wrapper\"><div class=\"g-cols wpb_row  type_default valign_middle reversed vc_inner\"><div class=\"vc_col-sm-6 wpb_column vc_column_container\"><div class=\"vc_column-inner us_custom_d4c5bc3e\"><div class=\"wpb_wrapper\"><h3 class=\"w-text us_custom_7ee4b0b7 heading-left-grey font-weight-700 has_text_color align_left\"><span class=\"w-text-h\"><span class=\"w-text-value\">Entre em Contato<\/span><\/span><\/h3><div class=\"wpb_text_column us_custom_c6dac466\" ><div class=\"wpb_wrapper\"><p><i class=\"fa fa-map-marker\"><\/i> Rua General Jardim, 482 &#8211; 5\u00ba andar &#8211; Vila Buarque, S\u00e3o Paulo &#8211; SP.<br \/>\n<i class=\"fa fa-phone\"><\/i> 0800-780-1111<br \/>\n<i class=\"fa fa-phone\"><\/i> 0800-607-1111<br \/>\n<i class=\"fa fa-clock-o\"><\/i> Seg \u00e0 Sex das 9:00 \u00e0s 18:48<\/p>\n<\/div><\/div><\/div><\/div><\/div><div class=\"vc_col-sm-6 wpb_column vc_column_container tm-getconnected\"><div class=\"vc_column-inner us_custom_3ac7f4f5\"><div class=\"wpb_wrapper\"><div class=\"w-image style_shadow-2 largura_450px align_center animate_afr\"><div class=\"w-image-h\"><div class=\"w-image-shadow\" style=\"background-image:url(https:\/\/11ponto11servidor.com.br\/inst\/wp-content\/uploads\/sites\/6\/2016\/01\/contact1.jpg);\"><\/div><img decoding=\"async\" width=\"470\" height=\"290\" src=\"https:\/\/11ponto11servidor.com.br\/inst\/wp-content\/uploads\/sites\/6\/2016\/01\/contact1.jpg\" class=\"attachment-full size-full\" alt=\"\" srcset=\"https:\/\/11ponto11servidor.com.br\/inst\/wp-content\/uploads\/sites\/6\/2016\/01\/contact1.jpg 470w, https:\/\/11ponto11servidor.com.br\/inst\/wp-content\/uploads\/sites\/6\/2016\/01\/contact1-300x185.jpg 300w\" sizes=\"(max-width: 470px) 100vw, 470px\" \/><\/div><\/div><\/div><\/div><\/div><\/div><\/div><\/div><\/div><\/div><\/div><\/section>\n","protected":false},"excerpt":{"rendered":"[vc_raw_html]JTNDZGl2JTIwY2xhc3MlM0QlMjJhbGlnbmNlbnRlciUyMGJvcmRhX3ZpZGVvX3NvYnJlJTIyJTNFJTNDaWZyYW1lJTIwc3JjJTNEJTIyaHR0cHMlM0ElMkYlMkZ3d3cuZ29vZ2xlLmNvbSUyRm1hcHMlMkZlbWJlZCUzRnBiJTNEJTIxMW0xOCUyMTFtMTIlMjExbTMlMjExZDM2NTcuNjg2NDg5OTQyMTc1NyUyMTJkLTQ2LjY1MTI5OTk0OTEyMjQ5NiUyMTNkLTIzLjU0Mzc3NTg2Njc1MzczNCUyMTJtMyUyMTFmMCUyMTJmMCUyMTNmMCUyMTNtMiUyMTFpMTAyNCUyMTJpNzY4JTIxNGYxMy4xJTIxM20zJTIxMW0yJTIxMXMweDk0Y2U1ODQ4NjQ0ODZkYTUlMjUzQTB4YzQ2MzI4YTA2OTc4ODI4YyUyMTJzUnVhJTI1MjBHZW4uJTI1MjBKYXJkaW0lMjUyQyUyNTIwNDgyJTI1MjAtJTI1MjBWaWxhJTI1MjBCdWFycXVlJTI1MkMlMjUyMFMlMjVDMyUyNUEzbyUyNTIwUGF1bG8lMjUyMC0lMjUyMFNQJTI1MkMlMjUyMDAxMjIzLTAxMCUyMTVlMCUyMTNtMiUyMTFzcHQtQlIlMjEyc2JyJTIxNHYxNTc4NjgzNTM0MDA4JTIxNW0yJTIxMXNwdC1CUiUyMTJzYnIlMjIlMjB3aWR0aCUzRCUyMjEwMCUyNSUyMiUyMGhlaWdodCUzRCUyMjQwMCUyMiUyMGZyYW1lYm9yZGVyJTNEJTIyMCUyMiUyMHN0eWxlJTNEJTIyYm9yZGVyJTNBMCUzQiUyMiUyMGFsbG93ZnVsbHNjcmVlbiUzRCUyMiUyMiUzRSUzQyUyRmlmcmFtZSUzRSUzQyUyRmRpdiUzRQ==[\/vc_raw_html]Preencha o formul\u00e1rio para enviar sua mensagem sobre: d\u00favidas, sugest\u00f5es, elogios ou cr\u00edticas, que em breve retornaremos. &#8212;Escolha uma op\u00e7\u00e3o&#8212;MensagemD\u00favidasSugest\u00f5esCr\u00edticasParceria Entre em Contato Rua General Jardim, 482 &#8211; 5\u00ba andar &#8211; Vila Buarque, S\u00e3o Paulo &#8211; SP. 0800-780-1111 0800-607-1111 Seg \u00e0 Sex das 9:00 \u00e0s 18:48","protected":false},"author":1,"featured_media":0,"parent":0,"menu_order":0,"comment_status":"closed","ping_status":"closed","template":"","meta":{"footnotes":""},"class_list":["post-322","page","type-page","status-publish","hentry"],"_links":{"self":[{"href":"https:\/\/11ponto11servidor.com.br\/inst\/wp-json\/wp\/v2\/pages\/322"}],"collection":[{"href":"https:\/\/11ponto11servidor.com.br\/inst\/wp-json\/wp\/v2\/pages"}],"about":[{"href":"https:\/\/11ponto11servidor.com.br\/inst\/wp-json\/wp\/v2\/types\/page"}],"author":[{"embeddable":true,"href":"https:\/\/11ponto11servidor.com.br\/inst\/wp-json\/wp\/v2\/users\/1"}],"replies":[{"embeddable":true,"href":"https:\/\/11ponto11servidor.com.br\/inst\/wp-json\/wp\/v2\/comments?post=322"}],"version-history":[{"count":0,"href":"https:\/\/11ponto11servidor.com.br\/inst\/wp-json\/wp\/v2\/pages\/322\/revisions"}],"wp:attachment":[{"href":"https:\/\/11ponto11servidor.com.br\/inst\/wp-json\/wp\/v2\/media?parent=322"}],"curies":[{"name":"wp","href":"https:\/\/api.w.org\/{rel}","templated":true}]}}