{"id":699,"date":"2016-02-22T10:41:42","date_gmt":"2016-02-22T13:41:42","guid":{"rendered":"http:\/\/finance.thememove.com\/?page_id=699"},"modified":"2021-02-16T14:05:07","modified_gmt":"2021-02-16T17:05:07","slug":"websites","status":"publish","type":"page","link":"https:\/\/11ponto11servidor.com.br\/inst\/quem-somos\/websites\/","title":{"rendered":"Nossos Websites"},"content":{"rendered":"<section class=\"l-section wpb_row us_custom_8074c799 height_auto color_alternate\"><div class=\"l-section-h i-cf\"><div class=\"g-cols vc_row type_default valign_top\"><div class=\"vc_col-sm-3 wpb_column vc_column_container\"><div class=\"vc_column-inner us_custom_821ea863\"><div class=\"wpb_wrapper\">[vc_widget_sidebar sidebar_id=&#8221;us_widget_area_menu_quem_somos&#8221;]<\/div><\/div><\/div><div class=\"vc_col-sm-9 wpb_column vc_column_container\"><div class=\"vc_column-inner\"><div class=\"wpb_wrapper\"><div class=\"g-cols wpb_row  us_custom_f1a01fce type_default valign_top reversed vc_inner\"><div class=\"vc_col-sm-12 wpb_column vc_column_container\"><div class=\"vc_column-inner\"><div class=\"wpb_wrapper\"><h3 class=\"w-text us_custom_6f9bbc3c grossura_700 has_text_color align_left\"><span class=\"w-text-h\"><span class=\"w-text-value\">Acesse nossos Websites<\/span><\/span><\/h3><div class=\"wpb_text_column grossura_300 font_16px\" ><div class=\"wpb_wrapper\"><p>Al\u00e9m deste Site Institucional, desenvolvemos Sites espec\u00edficos para as solu\u00e7\u00f5es que ofertamos: Cr\u00e9dito, Seguros e Prote\u00e7\u00e3o e Viagens, tudo para propiciar uma EXCELENTE experi\u00eancia de &#8220;navega\u00e7\u00e3o&#8221;. Desta forma, cada Site possui uma &#8220;prateleira&#8221; de produtos espec\u00edfica, havendo, muitas vezes, conex\u00e3o entre eles contendo os mesmos produtos com utiliza\u00e7\u00e3o para finalidades diferentes.<\/p>\n<p><strong>Tamb\u00e9m patrocinamos um Blog com not\u00edcias de interesse do Servidor Federal e familiares. Boa navega\u00e7\u00e3o!<\/strong><\/p>\n<\/div><\/div><\/div><\/div><\/div><\/div><div class=\"g-cols wpb_row  us_custom_d8850670 type_default valign_top vc_inner\"><div class=\"vc_col-sm-6 wpb_column vc_column_container has-fill\"><div class=\"vc_column-inner us_custom_c2a1ae1a\"><div class=\"wpb_wrapper\"><h5 class=\"w-text us_custom_d37401f2 grossura_700 has_text_color align_center\"><span class=\"w-text-h\"><span class=\"w-text-value\">www.seucreditonoclick.com.br<\/span><\/span><\/h5><div class=\"wpb_text_column grossura_300 font_14px\" ><div class=\"wpb_wrapper\"><p><a href=\"https:\/\/seucreditonoclick.com.br\/\" target=\"_blank\" rel=\"noopener noreferrer\"><img decoding=\"async\" width=\"151\" height=\"180\" class=\"largura_100px alignleft wp-image-2043\" src=\"\/wp-content\/uploads\/sites\/6\/2016\/02\/logo-seu-credito-no-click.png\" border=\"0\" \/><\/a> Site que concentra v\u00e1rias solu\u00e7\u00f5es de cr\u00e9dito al\u00e9m de ampla assessoria para o consumo consciente do mesmo.<\/p>\n<p>Temos v\u00e1rias op\u00e7\u00f5es de Cr\u00e9dito desde Cr\u00e9ditos exclusivos para Correntistas do Banco do Brasil, al\u00e9m de outros em Bancos onde n\u00e3o h\u00e1 a necessidade de abertura de conta corrente para ser atendido.<\/p>\n<p>Operamos com os maiores Bancos Brasileiros e a modalidade que mais atende suas necessidades. Melhor\u2026 tudo por telefone ou \u201cchat\u201d sem sair de casa ou do escrit\u00f3rio.<\/p>\n<\/div><\/div><\/div><\/div><\/div><div class=\"vc_col-sm-6 wpb_column vc_column_container has-fill\"><div class=\"vc_column-inner us_custom_3dca2cae\"><div class=\"wpb_wrapper\"><h5 class=\"w-text us_custom_343be0a9 grossura_700 has_text_color align_center\"><span class=\"w-text-h\"><span class=\"w-text-value\">www.seuseguronoclick.com.br<\/span><\/span><\/h5><div class=\"wpb_text_column grossura_300 font_14px\" ><div class=\"wpb_wrapper\"><p><a href=\"https:\/\/seuseguronoclick.com.br\/\" target=\"_blank\" rel=\"noopener noreferrer\"><img decoding=\"async\" class=\"largura_100px alignleft wp-image-2043\" src=\"\/wp-content\/uploads\/sites\/6\/2016\/02\/logo-seu-seguro-no-click.png\" border=\"0\" \/><\/a> Site que concentra v\u00e1rias solu\u00e7\u00f5es de Seguros e Prote\u00e7\u00e3o desenvolvidas pelas Seguradoras Parceiras para os Servidores P\u00fablicos Federais, al\u00e9m de seus ascendentes e descendentes diretos e esposo(a).<\/p>\n<p>O grande diferencial \u00e9 termos ap\u00f3lices coletivas com as Seguradoras que operamos com pre\u00e7os e condi\u00e7\u00f5es especiais e exclusivas para nosso publico. Voc\u00ea entra em cada produto de Seguro e Prote\u00e7\u00e3o e faz simula\u00e7\u00f5es ou nos presta informa\u00e7\u00f5es para simularmos e lhe passarmos por telefone ou via \u201cchat\u201d. Tudo sem sair de casa ou escrit\u00f3rio. Melhor\u2026 no caso do autom\u00f3vel voc\u00ea ter\u00e1 a \u201ccobertura\u201d com a proposta inicial e ap\u00f3s a vistoria do autom\u00f3vel (quando recomendada) encaminhada para Seguradora. Nossos pre\u00e7os s\u00e3o at\u00e9 30% menores do que voc\u00ea encontra no seu Banco ou com os demais corretores.<\/p>\n<\/div><\/div><\/div><\/div><\/div><\/div><div class=\"g-cols wpb_row  us_custom_d8850670 type_default valign_top vc_inner\"><div class=\"vc_col-sm-6 wpb_column vc_column_container has-fill\"><div class=\"vc_column-inner us_custom_c2a1ae1a\"><div class=\"wpb_wrapper\"><h5 class=\"w-text us_custom_d37401f2 grossura_700 has_text_color align_center\"><span class=\"w-text-h\"><span class=\"w-text-value\">www.suaviagemnoclick.com.br<\/span><\/span><\/h5><div class=\"wpb_text_column grossura_300 font_14px\" ><div class=\"wpb_wrapper\"><p><a href=\"https:\/\/suaviagemnoclick.com.br\/\" target=\"_blank\" rel=\"noopener noreferrer\"><img decoding=\"async\" width=\"120\" height=\"126\" class=\"alignleft largura_100px wp-image-4450\" src=\"\/wp-content\/uploads\/sites\/6\/2019\/10\/logo_suaviagem.png\" border=\"0\" \/><\/a> Site que concentra todas as solu\u00e7\u00f5es de Viagens e Turismo, al\u00e9m de conveni\u00eancias e orienta\u00e7\u00f5es para tirar o m\u00e1ximo proveito da sua viagem em termos de tempo e custo.<br \/>\nTemos uma ag\u00eancia de Viagens e Turismo registrada na EMBRATUR e somos afiliados aos principais fornecedores nacionais e internacionais que operam produtos e servi\u00e7os ligados ao setor.<\/p>\n<p>O mais importante \u00e9 que, ap\u00f3s escolher sua viagem dos sonhos, tamb\u00e9m ofertamos op\u00e7\u00f5es de financiamento com taxas imbat\u00edveis. Assim, \u00e9 o \u00fanico Site de Viagens no Brasil e talvez no mundo que opera somente com Servidores P\u00fablicos Federais e familiares e disp\u00f5e de tantas alternativas.<\/p>\n<\/div><\/div><\/div><\/div><\/div><div class=\"vc_col-sm-6 wpb_column vc_column_container has-fill\"><div class=\"vc_column-inner us_custom_c2a1ae1a\"><div class=\"wpb_wrapper\"><h5 class=\"w-text us_custom_343be0a9 grossura_700 has_text_color align_center\"><span class=\"w-text-h\"><span class=\"w-text-value\">www.blogdosrsiape.com<\/span><\/span><\/h5><div class=\"wpb_text_column grossura_300 font_14px\" ><div class=\"wpb_wrapper\"><p><a href=\"https:\/\/blogdosrsiape.com\/\" target=\"_blank\" rel=\"noopener noreferrer\"><img decoding=\"async\" width=\"151\" height=\"180\" class=\"alignleft largura_100px wp-image-2046\" src=\"\/wp-content\/uploads\/sites\/6\/2016\/02\/icon-srsiape.png\" border=\"0\" \/><\/a> O Blog do Sr.SIAPE \u00e9 o conte\u00fado mais acessado na prefer\u00eancia do Servidor P\u00fablico Federal. O personagem \u00e9 um pesquisador de not\u00edcias de interesse, muito embora as mat\u00e9rias publicadas n\u00e3o refletem a opini\u00e3o do blog nem do personagem, que se esfor\u00e7a diariamente com o intuito de manter atualizado o grande contingente de Servidores Federais do Brasil com posts de not\u00edcias e assuntos relacionados, indiferentemente de op\u00e7\u00e3o pol\u00edtico partid\u00e1ria. Temos como miss\u00e3o, diariamente informar aos Servidores P\u00fablicos Federais o que est\u00e1 ocorrendo no Brasil e at\u00e9 no exterior que podem de alguma forma afetar sua carreira e vida pessoal, com mat\u00e9rias e posts de qualidade.<\/p>\n<\/div><\/div><\/div><\/div><\/div><\/div><div class=\"g-cols wpb_row  us_custom_d8850670 type_default valign_top vc_inner\"><div class=\"vc_col-sm-6 wpb_column vc_column_container has-fill\"><div class=\"vc_column-inner us_custom_c2a1ae1a\"><div class=\"wpb_wrapper\"><h5 class=\"w-text us_custom_d37401f2 grossura_700 has_text_color align_center\"><span class=\"w-text-h\"><span class=\"w-text-value\">www.meubanconoclick.com.br<\/span><\/span><\/h5><div class=\"wpb_text_column grossura_300 font_14px\" ><div class=\"wpb_wrapper\"><p><a href=\"https:\/\/meubanconoclick.com.br\/\" target=\"_blank\" rel=\"noopener noreferrer\"><img decoding=\"async\" width=\"782\" height=\"843\" class=\"alignleft largura_100px wp-image-4447\" src=\"\/wp-content\/uploads\/sites\/6\/2019\/10\/logo_meubanco_no_click.png\" border=\"0\" srcset=\"https:\/\/11ponto11servidor.com.br\/inst\/wp-content\/uploads\/sites\/6\/2019\/10\/logo_meubanco_no_click.png 782w, https:\/\/11ponto11servidor.com.br\/inst\/wp-content\/uploads\/sites\/6\/2019\/10\/logo_meubanco_no_click-278x300.png 278w, https:\/\/11ponto11servidor.com.br\/inst\/wp-content\/uploads\/sites\/6\/2019\/10\/logo_meubanco_no_click-768x828.png 768w\" sizes=\"(max-width: 782px) 100vw, 782px\" \/><\/a> Site que sugere todas as linhas de cr\u00e9dito para 5 milh\u00f5es de clientes do Banco do Brasil. S\u00e3o mais de 15 Bilh\u00f5es em Cr\u00e9ditos Dispon\u00edveis para 10% do total de correntistas BB. Se voc\u00ea \u00e9 correntista do Banco e faz parte desta a\u00e7\u00e3o? Acesse o site, digite seu CPF aceitando os termos da consulta e o nosso \u201crobot\u201d lhe traz como resultado as op\u00e7\u00f5es dispon\u00edveis em Cr\u00e9dito para voc\u00ea.<\/p>\n<\/div><\/div><\/div><\/div><\/div><div class=\"vc_col-sm-6 wpb_column vc_column_container has-fill\"><div class=\"vc_column-inner us_custom_c2a1ae1a\"><div class=\"wpb_wrapper\"><h5 class=\"w-text us_custom_4f4d540b grossura_700 has_text_color\"><span class=\"w-text-h\"><span class=\"w-text-value\">www.seuconsorcionoclick.com.br<\/span><\/span><\/h5><div class=\"wpb_text_column grossura_300 font_14px\" ><div class=\"wpb_wrapper\"><p><a href=\"https:\/\/seuconsorcionoclick.com.br\/\" target=\"_blank\" rel=\"noopener noreferrer\"><img decoding=\"async\" class=\"alignleft largura_100px wp-image-4450\" src=\"\/wp-content\/uploads\/sites\/6\/2017\/05\/logo_seuconsorcio_noclick.png\" border=\"0\" \/><\/a> Site que seleciona as melhores Cotas de Cons\u00f3rcio em andamento junto \u00e0s maiores administradoras do Pa\u00eds.<\/p>\n<\/div><\/div><\/div><\/div><\/div><\/div><\/div><\/div><\/div><\/div><\/div><\/section>\n","protected":false},"excerpt":{"rendered":"[vc_widget_sidebar sidebar_id=\"us_widget_area_menu_quem_somos\"]Acesse nossos WebsitesAl\u00e9m deste Site Institucional, desenvolvemos Sites espec\u00edficos para as solu\u00e7\u00f5es que ofertamos: Cr\u00e9dito, Seguros e Prote\u00e7\u00e3o e Viagens, tudo para propiciar uma EXCELENTE experi\u00eancia de &#8220;navega\u00e7\u00e3o&#8221;. Desta forma, cada Site possui uma &#8220;prateleira&#8221; de produtos espec\u00edfica, havendo, muitas vezes, conex\u00e3o entre eles contendo os mesmos produtos com utiliza\u00e7\u00e3o para finalidades diferentes. Tamb\u00e9m...","protected":false},"author":1,"featured_media":0,"parent":304,"menu_order":0,"comment_status":"closed","ping_status":"closed","template":"","meta":{"footnotes":""},"class_list":["post-699","page","type-page","status-publish","hentry"],"_links":{"self":[{"href":"https:\/\/11ponto11servidor.com.br\/inst\/wp-json\/wp\/v2\/pages\/699"}],"collection":[{"href":"https:\/\/11ponto11servidor.com.br\/inst\/wp-json\/wp\/v2\/pages"}],"about":[{"href":"https:\/\/11ponto11servidor.com.br\/inst\/wp-json\/wp\/v2\/types\/page"}],"author":[{"embeddable":true,"href":"https:\/\/11ponto11servidor.com.br\/inst\/wp-json\/wp\/v2\/users\/1"}],"replies":[{"embeddable":true,"href":"https:\/\/11ponto11servidor.com.br\/inst\/wp-json\/wp\/v2\/comments?post=699"}],"version-history":[{"count":0,"href":"https:\/\/11ponto11servidor.com.br\/inst\/wp-json\/wp\/v2\/pages\/699\/revisions"}],"up":[{"embeddable":true,"href":"https:\/\/11ponto11servidor.com.br\/inst\/wp-json\/wp\/v2\/pages\/304"}],"wp:attachment":[{"href":"https:\/\/11ponto11servidor.com.br\/inst\/wp-json\/wp\/v2\/media?parent=699"}],"curies":[{"name":"wp","href":"https:\/\/api.w.org\/{rel}","templated":true}]}}