{"id":737,"date":"2016-02-23T02:05:05","date_gmt":"2016-02-23T05:05:05","guid":{"rendered":"http:\/\/finance.thememove.com\/?page_id=737"},"modified":"2020-09-16T13:36:49","modified_gmt":"2020-09-16T16:36:49","slug":"nossa-equipe","status":"publish","type":"page","link":"https:\/\/11ponto11servidor.com.br\/inst\/quem-somos\/nossa-equipe\/","title":{"rendered":"Nossa Equipe"},"content":{"rendered":"<section class=\"l-section wpb_row us_custom_8074c799 height_auto color_alternate\"><div class=\"l-section-h i-cf\"><div class=\"g-cols vc_row type_default valign_top\"><div class=\"vc_col-sm-3 wpb_column vc_column_container\"><div class=\"vc_column-inner us_custom_821ea863\"><div class=\"wpb_wrapper\">[vc_widget_sidebar sidebar_id=&#8221;us_widget_area_menu_quem_somos&#8221;]<\/div><\/div><\/div><div class=\"vc_col-sm-9 wpb_column vc_column_container\"><div class=\"vc_column-inner\"><div class=\"wpb_wrapper\"><div class=\"g-cols wpb_row  us_custom_e216b3d6 type_boxes valign_top reversed vc_inner\"><div class=\"vc_col-sm-4 wpb_column vc_column_container has-fill\"><div class=\"vc_column-inner us_custom_435669d0\"><div class=\"wpb_wrapper\"><div class=\"w-image us_custom_db4f8e90 align_center\"><div class=\"w-image-h\"><img decoding=\"async\" width=\"370\" height=\"250\" src=\"https:\/\/11ponto11servidor.com.br\/inst\/wp-content\/uploads\/sites\/6\/2017\/06\/pic1.jpg\" class=\"attachment-full size-full\" alt=\"\" srcset=\"https:\/\/11ponto11servidor.com.br\/inst\/wp-content\/uploads\/sites\/6\/2017\/06\/pic1.jpg 370w, https:\/\/11ponto11servidor.com.br\/inst\/wp-content\/uploads\/sites\/6\/2017\/06\/pic1-300x203.jpg 300w\" sizes=\"(max-width: 370px) 100vw, 370px\" \/><\/div><\/div><h6 class=\"w-text us_custom_a30c7b7a grossura_600 has_text_color align_left\"><span class=\"w-text-h\"><span class=\"w-text-value\">Consultores de Cr\u00e9dito<\/span><\/span><\/h6><div class=\"wpb_text_column font_14px\" ><div class=\"wpb_wrapper\"><p>Respons\u00e1veis pelo atendimento via telefone, chat ou e-mail aos nossos clientes. Fazem o papel do &#8220;Gerente do Banco&#8221;, propiciando solu\u00e7\u00f5es de cr\u00e9dito e aconselhamento financeiro. S\u00e3o o &#8220;elo&#8220; de liga\u00e7\u00e3o entre os v\u00e1rios Bancos que representam e nossos clientes.<\/p>\n<\/div><\/div><\/div><\/div><\/div><div class=\"vc_col-sm-4 wpb_column vc_column_container has-fill\"><div class=\"vc_column-inner us_custom_435669d0\"><div class=\"wpb_wrapper\"><div class=\"w-image us_custom_db4f8e90 align_center\"><div class=\"w-image-h\"><img decoding=\"async\" width=\"370\" height=\"250\" src=\"https:\/\/11ponto11servidor.com.br\/inst\/wp-content\/uploads\/sites\/6\/2017\/06\/pic2.jpg\" class=\"attachment-full size-full\" alt=\"\" srcset=\"https:\/\/11ponto11servidor.com.br\/inst\/wp-content\/uploads\/sites\/6\/2017\/06\/pic2.jpg 370w, https:\/\/11ponto11servidor.com.br\/inst\/wp-content\/uploads\/sites\/6\/2017\/06\/pic2-300x203.jpg 300w\" sizes=\"(max-width: 370px) 100vw, 370px\" \/><\/div><\/div><h6 class=\"w-text us_custom_a30c7b7a grossura_500 has_text_color align_left\"><span class=\"w-text-h\"><span class=\"w-text-value\">Consultores de Seguros<\/span><\/span><\/h6><div class=\"wpb_text_column font_14px\" ><div class=\"wpb_wrapper\"><p>Respons\u00e1veis por propiciar as melhores op\u00e7\u00f5es de solu\u00e7\u00f5es de Seguro e Prote\u00e7\u00e3o ao nosso segurado e cliente. Operam com v\u00e1rias modalidades de Seguros Patrimoniais, Vida, Sa\u00fade e etc, sempre com grandes Seguradoras e pre\u00e7os justos.<\/p>\n<\/div><\/div><\/div><\/div><\/div><div class=\"vc_col-sm-4 wpb_column vc_column_container has-fill\"><div class=\"vc_column-inner us_custom_435669d0\"><div class=\"wpb_wrapper\"><div class=\"w-image us_custom_db4f8e90 align_center\"><div class=\"w-image-h\"><img decoding=\"async\" width=\"370\" height=\"250\" src=\"https:\/\/11ponto11servidor.com.br\/inst\/wp-content\/uploads\/sites\/6\/2017\/06\/pic3.jpg\" class=\"attachment-full size-full\" alt=\"\" srcset=\"https:\/\/11ponto11servidor.com.br\/inst\/wp-content\/uploads\/sites\/6\/2017\/06\/pic3.jpg 370w, https:\/\/11ponto11servidor.com.br\/inst\/wp-content\/uploads\/sites\/6\/2017\/06\/pic3-300x203.jpg 300w\" sizes=\"(max-width: 370px) 100vw, 370px\" \/><\/div><\/div><h6 class=\"w-text us_custom_a30c7b7a grossura_500 has_text_color align_left\"><span class=\"w-text-h\"><span class=\"w-text-value\">Consultores de Viagens &amp; Turismo<\/span><\/span><\/h6><div class=\"wpb_text_column font_14px\" ><div class=\"wpb_wrapper\"><p>Selecionam e colocam \u00e0 disposi\u00e7\u00e3o no Site as melhores op\u00e7\u00f5es de solu\u00e7\u00f5es de Viagens e Turismo. Sempre, com empresas &#8220;Top&#8221; no mercado que atuam.<\/p>\n<\/div><\/div><\/div><\/div><\/div><\/div><div class=\"g-cols wpb_row  us_custom_3f9f88d7 type_boxes valign_top reversed vc_inner\"><div class=\"vc_col-sm-4 wpb_column vc_column_container has-fill\"><div class=\"vc_column-inner us_custom_435669d0\"><div class=\"wpb_wrapper\"><div class=\"w-image us_custom_db4f8e90 align_center\"><div class=\"w-image-h\"><img decoding=\"async\" width=\"370\" height=\"250\" src=\"https:\/\/11ponto11servidor.com.br\/inst\/wp-content\/uploads\/sites\/6\/2017\/06\/pic4.jpg\" class=\"attachment-full size-full\" alt=\"\" srcset=\"https:\/\/11ponto11servidor.com.br\/inst\/wp-content\/uploads\/sites\/6\/2017\/06\/pic4.jpg 370w, https:\/\/11ponto11servidor.com.br\/inst\/wp-content\/uploads\/sites\/6\/2017\/06\/pic4-300x203.jpg 300w\" sizes=\"(max-width: 370px) 100vw, 370px\" \/><\/div><\/div><h6 class=\"w-text us_custom_a30c7b7a grossura_500 has_text_color align_left\"><span class=\"w-text-h\"><span class=\"w-text-value\">\u00c1rea Administrativa | BackOffice<\/span><\/span><\/h6><div class=\"wpb_text_column font_14px\" ><div class=\"wpb_wrapper\"><p>Respons\u00e1vel por realizar o P\u00f3s-Venda junto aos nossos clientes: Envio de Contratos, Propostas de Seguros, etc. Tamb\u00e9m respons\u00e1vel em fazer o interface com Bancos, Seguradoras e demais servi\u00e7os. Tudo para que o cliente &#8220;receba&#8220; exatamente o que contratou com nossos Consultores. Todos nossos contatos telef\u00f4nicos ficam gravados por 5 anos, ficando \u00e0 disposi\u00e7\u00e3o de empresas contratantes e clientes para dirimir eventuais d\u00favidas.<\/p>\n<\/div><\/div><\/div><\/div><\/div><div class=\"vc_col-sm-4 wpb_column vc_column_container has-fill\"><div class=\"vc_column-inner us_custom_435669d0\"><div class=\"wpb_wrapper\"><div class=\"w-image us_custom_db4f8e90 align_center\"><div class=\"w-image-h\"><img decoding=\"async\" width=\"370\" height=\"250\" src=\"https:\/\/11ponto11servidor.com.br\/inst\/wp-content\/uploads\/sites\/6\/2017\/06\/pic5.jpg\" class=\"attachment-full size-full\" alt=\"\" srcset=\"https:\/\/11ponto11servidor.com.br\/inst\/wp-content\/uploads\/sites\/6\/2017\/06\/pic5.jpg 370w, https:\/\/11ponto11servidor.com.br\/inst\/wp-content\/uploads\/sites\/6\/2017\/06\/pic5-300x203.jpg 300w\" sizes=\"(max-width: 370px) 100vw, 370px\" \/><\/div><\/div><h6 class=\"w-text us_custom_a30c7b7a grossura_500 has_text_color align_left\" id=\"grossura_500\"><span class=\"w-text-h\"><span class=\"w-text-value\">\u00c1rea de Marketing | CRM<\/span><\/span><\/h6><div class=\"wpb_text_column font_14px\" ><div class=\"wpb_wrapper\"><p><i>Iniciativas Gerenciais &amp; Web Decisions<\/i><\/p>\n<p>Respons\u00e1vel pela sele\u00e7\u00e3o de &#8220;Campanhas de Atendimento&#8221;, monitoramento de Canais de Atendimento, conte\u00fado em nossos Sites, etc. Procura propiciar o melhor atendimento, de acordo com o interesse do cliente e perfil deste.<\/p>\n<\/div><\/div><\/div><\/div><\/div><div class=\"vc_col-sm-4 wpb_column vc_column_container has-fill\"><div class=\"vc_column-inner us_custom_435669d0\"><div class=\"wpb_wrapper\"><div class=\"w-image us_custom_db4f8e90 align_center\"><div class=\"w-image-h\"><img decoding=\"async\" width=\"370\" height=\"250\" src=\"https:\/\/11ponto11servidor.com.br\/inst\/wp-content\/uploads\/sites\/6\/2017\/06\/pic6.jpg\" class=\"attachment-full size-full\" alt=\"\" srcset=\"https:\/\/11ponto11servidor.com.br\/inst\/wp-content\/uploads\/sites\/6\/2017\/06\/pic6.jpg 370w, https:\/\/11ponto11servidor.com.br\/inst\/wp-content\/uploads\/sites\/6\/2017\/06\/pic6-300x203.jpg 300w\" sizes=\"(max-width: 370px) 100vw, 370px\" \/><\/div><\/div><h6 class=\"w-text us_custom_a30c7b7a grossura_500 has_text_color align_left\"><span class=\"w-text-h\"><span class=\"w-text-value\">Coordenadores<\/span><\/span><\/h6><div class=\"wpb_text_column font_14px\" ><div class=\"wpb_wrapper\"><p><i>Gerente Comercial<\/i><\/p>\n<p>Respons\u00e1vel por coordenar o trabalho dos Supervisores, sempre preservando o alto n\u00edvel de qualidade no atendimento \u00e0 nossos clientes.<\/p>\n<\/div><\/div><\/div><\/div><\/div><\/div><div class=\"g-cols wpb_row  us_custom_3f9f88d7 type_boxes valign_top reversed vc_inner\"><div class=\"vc_col-sm-4 wpb_column vc_column_container has-fill\"><div class=\"vc_column-inner us_custom_435669d0\"><div class=\"wpb_wrapper\"><div class=\"w-image us_custom_db4f8e90 align_center\"><div class=\"w-image-h\"><img decoding=\"async\" width=\"370\" height=\"250\" src=\"https:\/\/11ponto11servidor.com.br\/inst\/wp-content\/uploads\/sites\/6\/2017\/06\/pic7.jpg\" class=\"attachment-full size-full\" alt=\"\" srcset=\"https:\/\/11ponto11servidor.com.br\/inst\/wp-content\/uploads\/sites\/6\/2017\/06\/pic7.jpg 370w, https:\/\/11ponto11servidor.com.br\/inst\/wp-content\/uploads\/sites\/6\/2017\/06\/pic7-300x203.jpg 300w\" sizes=\"(max-width: 370px) 100vw, 370px\" \/><\/div><\/div><h6 class=\"w-text us_custom_a30c7b7a grossura_500 has_text_color align_left\"><span class=\"w-text-h\"><span class=\"w-text-value\">O Envolvimento dos S\u00f3cios<\/span><\/span><\/h6><div class=\"wpb_text_column font_14px\" ><div class=\"wpb_wrapper\"><p>Os s\u00f3cios est\u00e3o diretamente envolvidos em todas as \u00e1reas da Opera\u00e7\u00e3o, ficando fisicamente juntos com nossa \u201cCentral de Relacionamento\u201d. Decis\u00f5es s\u00e3o tomadas rapidamente e em consenso, tudo para nos transformarmos em \u201cEmpresa Refer\u00eancia&#8220; em cada mercado que atuamos.<\/p>\n<\/div><\/div><\/div><\/div><\/div><\/div><\/div><\/div><\/div><\/div><\/div><\/section>\n","protected":false},"excerpt":{"rendered":"[vc_widget_sidebar sidebar_id=\"us_widget_area_menu_quem_somos\"]Consultores de Cr\u00e9ditoRespons\u00e1veis pelo atendimento via telefone, chat ou e-mail aos nossos clientes. Fazem o papel do &#8220;Gerente do Banco&#8221;, propiciando solu\u00e7\u00f5es de cr\u00e9dito e aconselhamento financeiro. S\u00e3o o &#8220;elo&#8220; de liga\u00e7\u00e3o entre os v\u00e1rios Bancos que representam e nossos clientes. Consultores de SegurosRespons\u00e1veis por propiciar as melhores op\u00e7\u00f5es de solu\u00e7\u00f5es de Seguro e...","protected":false},"author":1,"featured_media":0,"parent":304,"menu_order":0,"comment_status":"closed","ping_status":"closed","template":"","meta":{"footnotes":""},"class_list":["post-737","page","type-page","status-publish","hentry"],"_links":{"self":[{"href":"https:\/\/11ponto11servidor.com.br\/inst\/wp-json\/wp\/v2\/pages\/737"}],"collection":[{"href":"https:\/\/11ponto11servidor.com.br\/inst\/wp-json\/wp\/v2\/pages"}],"about":[{"href":"https:\/\/11ponto11servidor.com.br\/inst\/wp-json\/wp\/v2\/types\/page"}],"author":[{"embeddable":true,"href":"https:\/\/11ponto11servidor.com.br\/inst\/wp-json\/wp\/v2\/users\/1"}],"replies":[{"embeddable":true,"href":"https:\/\/11ponto11servidor.com.br\/inst\/wp-json\/wp\/v2\/comments?post=737"}],"version-history":[{"count":0,"href":"https:\/\/11ponto11servidor.com.br\/inst\/wp-json\/wp\/v2\/pages\/737\/revisions"}],"up":[{"embeddable":true,"href":"https:\/\/11ponto11servidor.com.br\/inst\/wp-json\/wp\/v2\/pages\/304"}],"wp:attachment":[{"href":"https:\/\/11ponto11servidor.com.br\/inst\/wp-json\/wp\/v2\/media?parent=737"}],"curies":[{"name":"wp","href":"https:\/\/api.w.org\/{rel}","templated":true}]}}