{"id":754,"date":"2016-02-23T02:57:27","date_gmt":"2016-02-23T05:57:27","guid":{"rendered":"http:\/\/finance.thememove.com\/?page_id=754"},"modified":"2020-09-17T14:24:56","modified_gmt":"2020-09-17T17:24:56","slug":"historia","status":"publish","type":"page","link":"https:\/\/11ponto11servidor.com.br\/inst\/quem-somos\/historia\/","title":{"rendered":"Nossa Hist\u00f3ria"},"content":{"rendered":"<section class=\"l-section wpb_row us_custom_c6a6f2fd height_auto color_alternate\"><div class=\"l-section-h i-cf\"><div class=\"g-cols vc_row type_default valign_top\"><div class=\"vc_col-sm-3 wpb_column vc_column_container has-fill\"><div class=\"vc_column-inner us_custom_0e117d71 type_sticky\"><div class=\"wpb_wrapper\">[vc_widget_sidebar sidebar_id=&#8221;us_widget_area_menu_quem_somos&#8221;]<\/div><\/div><\/div><div class=\"vc_col-sm-9 wpb_column vc_column_container\"><div class=\"vc_column-inner us_custom_94f1d787\"><div class=\"wpb_wrapper\"><div class=\"g-cols wpb_row  us_custom_f1a01fce type_default valign_top reversed vc_inner\"><div class=\"vc_col-sm-12 wpb_column vc_column_container\"><div class=\"vc_column-inner\"><div class=\"wpb_wrapper\"><h3 class=\"w-text us_custom_6f9bbc3c grossura_700 has_text_color align_left\"><span class=\"w-text-h\"><span class=\"w-text-value\">Trajet\u00f3ria e Ascen\u00e7\u00e3o do Grupo<\/span><\/span><\/h3><div class=\"w-image us_custom_b39c59f6 align_none\"><div class=\"w-image-h\"><img decoding=\"async\" width=\"848\" height=\"388\" src=\"https:\/\/11ponto11servidor.com.br\/inst\/wp-content\/uploads\/sites\/6\/2017\/06\/banner_4empresas.jpg\" class=\"attachment-full size-full\" alt=\"\" srcset=\"https:\/\/11ponto11servidor.com.br\/inst\/wp-content\/uploads\/sites\/6\/2017\/06\/banner_4empresas.jpg 848w, https:\/\/11ponto11servidor.com.br\/inst\/wp-content\/uploads\/sites\/6\/2017\/06\/banner_4empresas-300x137.jpg 300w, https:\/\/11ponto11servidor.com.br\/inst\/wp-content\/uploads\/sites\/6\/2017\/06\/banner_4empresas-768x351.jpg 768w\" sizes=\"(max-width: 848px) 100vw, 848px\" \/><\/div><\/div><div class=\"wpb_text_column grossura_300 font_16px\" ><div class=\"wpb_wrapper\"><p>Desde a primeira empresa idealizada pelo fundador e sua fam\u00edlia, outros executivos, tamb\u00e9m t\u00e3o experientes quanto vieram somar e transformar esse sonho em realidade. Hoje, somos um GRUPO de 4 empresas, com forte estrutura tecnol\u00f3gica para proporcionar a CONVENI\u00caNCIA necess\u00e1ria ao cliente para que, sem sair de casa, ou ir \u00e0 sua ag\u00eancia banc\u00e1ria, possa ter o atendimento com m\u00e1xima PRIVACIDADE, RAPIDEZ e SEGURAN\u00c7A.<\/p>\n<\/div><\/div><div class=\"w-separator size_small\"><\/div><div class=\"jstime timeline_preloader\" style=\"opacity:0;width:35px;margin:auto;margin-top:30px;\"><img decoding=\"async\" style=\"box-shadow:none;\" alt=\"timeline_pre_loader\" src=\"https:\/\/11ponto11servidor.com.br\/inst\/wp-content\/plugins\/Ultimate_VC_Addons\/modules\/..\/assets\/img\/timeline_pre-loader.gif\" \/><\/div><div class=\"smile-icon-timeline-wrap jstime   tl-animation-slide-up\"   data-time_block_bg_color=\"#ffffff\"  style=\"opacity:0; \"><div class=\"timeline-line \" style=\"border-right-color:;\"><span><\/span><\/div><div class=\"timeline-wrapper\"><\/div>\n\t\t\t\t<div id=\"timeline-seperator-1602\" class=\"timeline-separator-text \" data-sep-col=\"#ffffff\" data-sep-bg-col=\"\"><span class=\"sep-text ult-responsive\"  data-ultimate-target='#timeline-seperator-1602 .sep-text'  data-responsive-json-new='{\"font-size\":\"\",\"line-height\":\"\"}'  style=\"color:#ffffff;border-width:1px;border-radius:5px;\">11PONTO11 Assessoria, Neg\u00f3cios, Viagens e Turismo LTDA<\/span><\/div><div class=\"timeline-wrapper \"><div class=\"timeline-block \"><div class=\"timeline-dot\"><\/div><div class=\"ult-timeline-arrow\"><s><\/s><l><\/l><\/div><div class=\"timeline-icon-block\"><div class=\"ult-timeline-icon tl-icon-no-bg\" style=\"   \"><\/div> <!-- icon --><\/div><div class=\"timeline-header-block\" >\n\t\t\t\t\t\t\t<div id=\"timeline-item-3112\" class=\"timeline-header\" style=\"\"><h3 class=\"ult-timeline-title ult-responsive\"  data-ultimate-target='#timeline-item-3112 .ult-timeline-title'  data-responsive-json-new='{\"font-size\":\"\",\"line-height\":\"\"}'  style=\"\"><\/h3><div class=\"ult-responsive timeline-item-spt\"  data-ultimate-target='#timeline-item-3112 .timeline-item-spt'  data-responsive-json-new='{\"font-size\":\"\",\"line-height\":\"\"}'  style=\"\"><img decoding=\"async\" class=\"lazy-loaded\" src=\"\/wp-content\/uploads\/sites\/6\/2016\/02\/history_1.jpg\" alt=\"null\" data-lazy-type=\"image\" data-src=\"\/wp-content\/uploads\/sites\/6\/2016\/02\/history_1.jpg\" \/><\/div><\/div> <!-- header --><\/div><\/div><div class=\"timeline-block \"><div class=\"timeline-dot\"><\/div><div class=\"ult-timeline-arrow\"><s><\/s><l><\/l><\/div><div class=\"timeline-icon-block\"><div class=\"ult-timeline-icon tl-icon-no-bg\" style=\"   \"><\/div> <!-- icon --><\/div><div class=\"timeline-header-block\" >\n\t\t\t\t\t\t\t<div id=\"timeline-item-3551\" class=\"timeline-header\" style=\"\"><h3 class=\"ult-timeline-title ult-responsive\"  data-ultimate-target='#timeline-item-3551 .ult-timeline-title'  data-responsive-json-new='{\"font-size\":\"\",\"line-height\":\"\"}'  style=\"\"><\/h3><div class=\"ult-responsive timeline-item-spt\"  data-ultimate-target='#timeline-item-3551 .timeline-item-spt'  data-responsive-json-new='{\"font-size\":\"\",\"line-height\":\"\"}'  style=\"\">Essa primeira empresa foi aberta com o objetivo de prestar assessoria econ\u00f4mica e financeira, seja para empresas ou pessoas f\u00edsicas. Em contato constante com bancos, estes demandaram em n\u00f3s credenciais como correspondentes banc\u00e1rios para que em nome dos mesmos intermedi\u00e1ssemos contratos de empr\u00e9stimos e outros produtos financeiros.Resolvemos assim nos credenciar nos principais bancos do Pa\u00eds. Entretanto, t\u00ednhamos conhecimento e resolvemos focar nossos esfor\u00e7os junto ao Servi\u00e7o P\u00fablico Federal Civil (SIAPE), pois sab\u00edamos tratar desse p\u00fablico da \u201cnata\u201d do servi\u00e7o p\u00fablico brasileiro e ter fortes car\u00eancias de atendimento. Assim, iniciamos nossa opera\u00e7\u00e3o num pequeno escrit\u00f3rio em S\u00e3o Caetano do Sul com apenas 05 funcion\u00e1rios, al\u00e9m dos donos e futuros s\u00f3cios.Quer\u00edamos, desde o come\u00e7o ser uma grife em termos de atendimento banc\u00e1rio para esse p\u00fablico levando: rapidez, privacidade, seguran\u00e7a e conveni\u00eancia aos funcion\u00e1rios p\u00fablicos (ativos, aposentados e pensionistas) ligados ao SIAPE.Recentemente, agregamos a essa empresa a condi\u00e7\u00e3o de ser Ag\u00eancia de Viagens e Turismo, devidamente cadastrada no Minist\u00e9rio do Turismo sob o n\u00ba 26.077903.10.0001-7 (Cadastur) tamb\u00e9m com o prop\u00f3sito de levar as melhores op\u00e7\u00f5es aos Servidores Federais.<\/div><\/div> <!-- header --><\/div><\/div><\/div>\n\t\t\t\t<div id=\"timeline-seperator-6917\" class=\"timeline-separator-text \" data-sep-col=\"#ffffff\" data-sep-bg-col=\"\"><span class=\"sep-text ult-responsive\"  data-ultimate-target='#timeline-seperator-6917 .sep-text'  data-responsive-json-new='{\"font-size\":\"\",\"line-height\":\"\"}'  style=\"color:#ffffff;border-width:1px;border-radius:5px;\">11PONTO11 Solu\u00e7\u00f5es e Servi\u00e7os EIRELLI<\/span><\/div><div class=\"timeline-wrapper \"><div class=\"timeline-block \"><div class=\"timeline-dot\"><\/div><div class=\"ult-timeline-arrow\"><s><\/s><l><\/l><\/div><div class=\"timeline-icon-block\"><div class=\"ult-timeline-icon tl-icon-no-bg\" style=\"   \"><\/div> <!-- icon --><\/div><div class=\"timeline-header-block\" >\n\t\t\t\t\t\t\t<div id=\"timeline-item-2455\" class=\"timeline-header\" style=\"\"><h3 class=\"ult-timeline-title ult-responsive\"  data-ultimate-target='#timeline-item-2455 .ult-timeline-title'  data-responsive-json-new='{\"font-size\":\"\",\"line-height\":\"\"}'  style=\"\"><\/h3><div class=\"ult-responsive timeline-item-spt\"  data-ultimate-target='#timeline-item-2455 .timeline-item-spt'  data-responsive-json-new='{\"font-size\":\"\",\"line-height\":\"\"}'  style=\"\"><img decoding=\"async\" class=\"lazy-loaded\" src=\"\/wp-content\/uploads\/sites\/6\/2016\/02\/history_2.jpg\" alt=\"null\" data-lazy-type=\"image\" data-src=\"\/wp-content\/uploads\/sites\/6\/2016\/02\/history_2.jpg\" \/><\/div><\/div> <!-- header --><\/div><\/div><div class=\"timeline-block \"><div class=\"timeline-dot\"><\/div><div class=\"ult-timeline-arrow\"><s><\/s><l><\/l><\/div><div class=\"timeline-icon-block\"><div class=\"ult-timeline-icon tl-icon-no-bg\" style=\"   \"><\/div> <!-- icon --><\/div><div class=\"timeline-header-block\" >\n\t\t\t\t\t\t\t<div id=\"timeline-item-2133\" class=\"timeline-header\" style=\"\"><h3 class=\"ult-timeline-title ult-responsive\"  data-ultimate-target='#timeline-item-2133 .ult-timeline-title'  data-responsive-json-new='{\"font-size\":\"\",\"line-height\":\"\"}'  style=\"\"><\/h3><div class=\"ult-responsive timeline-item-spt\"  data-ultimate-target='#timeline-item-2133 .timeline-item-spt'  data-responsive-json-new='{\"font-size\":\"\",\"line-height\":\"\"}'  style=\"\">Em 26\/07\/2011 foi aberta a 11PONTO11 SOLU\u00c7\u00d5ES E SERVI\u00c7OS EIRELLI, empresa montada com uma Central de Relacionamento composta com 50 posi\u00e7\u00f5es comerciais de contact center, al\u00e9m de 15 posi\u00e7\u00f5es administrativas e de gest\u00e3o.Procuramos investir nos mais modernos meios de comunica\u00e7\u00e3o integrada, atuando por telefone, Internet, chat etc. Todas as liga\u00e7\u00f5es s\u00e3o gravadas e pudemos evoluir nosso atendimento fechando parcerias importantes com bancos de varejo, fazendo o papel do gerente de contas ou de ag\u00eancia.O n\u00famero de parceiros cresceram e o nosso \u201csonho\u201d de ser uma grife no atendimento \u00e0s demandas banc\u00e1rias deste p\u00fablico come\u00e7ou a se tornar realidade. Realizamos a intermedia\u00e7\u00e3o de mais de R$ 150 milh\u00f5es em opera\u00e7\u00f5es de cr\u00e9dito para o p\u00fablico que selecionamos e continuamos a focar: Funcion\u00e1rios P\u00fablicos ligados ao SIAPE.<\/div><\/div> <!-- header --><\/div><\/div><\/div>\n\t\t\t\t<div id=\"timeline-seperator-5935\" class=\"timeline-separator-text \" data-sep-col=\"#ffffff\" data-sep-bg-col=\"\"><span class=\"sep-text ult-responsive\"  data-ultimate-target='#timeline-seperator-5935 .sep-text'  data-responsive-json-new='{\"font-size\":\"\",\"line-height\":\"\"}'  style=\"color:#ffffff;border-width:1px;border-radius:5px;\">11PONTO11 Corretora de Seguros e Prote\u00e7\u00e3o EIRELLI<\/span><\/div><div class=\"timeline-wrapper \"><div class=\"timeline-block \"><div class=\"timeline-dot\"><\/div><div class=\"ult-timeline-arrow\"><s><\/s><l><\/l><\/div><div class=\"timeline-icon-block\"><div class=\"ult-timeline-icon tl-icon-no-bg\" style=\"   \"><\/div> <!-- icon --><\/div><div class=\"timeline-header-block\" >\n\t\t\t\t\t\t\t<div id=\"timeline-item-1815\" class=\"timeline-header\" style=\"\"><h3 class=\"ult-timeline-title ult-responsive\"  data-ultimate-target='#timeline-item-1815 .ult-timeline-title'  data-responsive-json-new='{\"font-size\":\"\",\"line-height\":\"\"}'  style=\"\"><\/h3><div class=\"ult-responsive timeline-item-spt\"  data-ultimate-target='#timeline-item-1815 .timeline-item-spt'  data-responsive-json-new='{\"font-size\":\"\",\"line-height\":\"\"}'  style=\"\"><img decoding=\"async\" class=\"lazy-loaded\" src=\"\/wp-content\/uploads\/sites\/6\/2016\/02\/history_3.jpg\" alt=\"null\" data-lazy-type=\"image\" data-src=\"\/wp-content\/uploads\/sites\/6\/2016\/02\/history_3.jpg\" \/><\/div><\/div> <!-- header --><\/div><\/div><div class=\"timeline-block \"><div class=\"timeline-dot\"><\/div><div class=\"ult-timeline-arrow\"><s><\/s><l><\/l><\/div><div class=\"timeline-icon-block\"><div class=\"ult-timeline-icon tl-icon-no-bg\" style=\"   \"><\/div> <!-- icon --><\/div><div class=\"timeline-header-block\" >\n\t\t\t\t\t\t\t<div id=\"timeline-item-4312\" class=\"timeline-header\" style=\"\"><h3 class=\"ult-timeline-title ult-responsive\"  data-ultimate-target='#timeline-item-4312 .ult-timeline-title'  data-responsive-json-new='{\"font-size\":\"\",\"line-height\":\"\"}'  style=\"\"><\/h3><div class=\"ult-responsive timeline-item-spt\"  data-ultimate-target='#timeline-item-4312 .timeline-item-spt'  data-responsive-json-new='{\"font-size\":\"\",\"line-height\":\"\"}'  style=\"\">\u00c9ramos refer\u00eancia no mercado brasileiro no atendimento a esse p\u00fablico no tocante a solu\u00e7\u00f5es de cr\u00e9dito. Entretanto, muitos clientes que fal\u00e1vamos diariamente n\u00e3o tinham necessidades de cr\u00e9dito moment\u00e2neas e sim de solu\u00e7\u00f5es de seguros. Assim, vendo a possibilidade de seguir nossa estrat\u00e9gia, abrimos a 11PONTO11 CORRETORA DE SEGUROS E PROTE\u00c7\u00c3O EIRELLI em 06\/12\/2011. Empresa credenciada pela SUSEP para comercializar todos os produtos de seguros e prote\u00e7\u00e3o de qualquer seguradora atuante no mercado brasileiro.Fomos as principais seguradoras no pa\u00eds, nos cadastramos e estas criaram condi\u00e7\u00f5es especiais para atendermos nosso p\u00fablico, al\u00e9m de seus ascendentes e descendentes diretos.<\/div><\/div> <!-- header --><\/div><\/div><\/div>\n\t\t\t\t<div id=\"timeline-seperator-9192\" class=\"timeline-separator-text \" data-sep-col=\"#ffffff\" data-sep-bg-col=\"\"><span class=\"sep-text ult-responsive\"  data-ultimate-target='#timeline-seperator-9192 .sep-text'  data-responsive-json-new='{\"font-size\":\"\",\"line-height\":\"\"}'  style=\"color:#ffffff;border-width:1px;border-radius:5px;\">11PONTO11 Contact Center LTDA<\/span><\/div><div class=\"timeline-wrapper \"><div class=\"timeline-block \"><div class=\"timeline-dot\"><\/div><div class=\"ult-timeline-arrow\"><s><\/s><l><\/l><\/div><div class=\"timeline-icon-block\"><div class=\"ult-timeline-icon tl-icon-no-bg\" style=\"   \"><\/div> <!-- icon --><\/div><div class=\"timeline-header-block\" >\n\t\t\t\t\t\t\t<div id=\"timeline-item-1527\" class=\"timeline-header\" style=\"\"><h3 class=\"ult-timeline-title ult-responsive\"  data-ultimate-target='#timeline-item-1527 .ult-timeline-title'  data-responsive-json-new='{\"font-size\":\"\",\"line-height\":\"\"}'  style=\"\"><\/h3><div class=\"ult-responsive timeline-item-spt\"  data-ultimate-target='#timeline-item-1527 .timeline-item-spt'  data-responsive-json-new='{\"font-size\":\"\",\"line-height\":\"\"}'  style=\"\"><img decoding=\"async\" class=\"lazy-loaded\" src=\"\/wp-content\/uploads\/sites\/6\/2016\/02\/history_4.jpg\" alt=\"null\" data-lazy-type=\"image\" data-src=\"\/wp-content\/uploads\/sites\/6\/2016\/02\/history_4.jpg\" \/><\/div><\/div> <!-- header --><\/div><\/div><div class=\"timeline-block \"><div class=\"timeline-dot\"><\/div><div class=\"ult-timeline-arrow\"><s><\/s><l><\/l><\/div><div class=\"timeline-icon-block\"><div class=\"ult-timeline-icon tl-icon-no-bg\" style=\"   \"><\/div> <!-- icon --><\/div><div class=\"timeline-header-block\" >\n\t\t\t\t\t\t\t<div id=\"timeline-item-4491\" class=\"timeline-header\" style=\"\"><h3 class=\"ult-timeline-title ult-responsive\"  data-ultimate-target='#timeline-item-4491 .ult-timeline-title'  data-responsive-json-new='{\"font-size\":\"\",\"line-height\":\"\"}'  style=\"\"><\/h3><div class=\"ult-responsive timeline-item-spt\"  data-ultimate-target='#timeline-item-4491 .timeline-item-spt'  data-responsive-json-new='{\"font-size\":\"\",\"line-height\":\"\"}'  style=\"\">Com o in\u00edcio da comercializa\u00e7\u00e3o de Seguros e Prote\u00e7\u00e3o, ampliamos nossas posi\u00e7\u00f5es comerciais de 50 para 60 e deslocamos nosso pessoal administrativo para novo ambiente e abrimos a empresa: 11PONTO11 CONTACT CENTER LTDA em 11\/05\/2012.Assim, ao falarmos com aproximadamente 100 mil servidores P\u00fablicos Federais Civis, todos os meses, temos uma gama enorme de Solu\u00e7\u00f5es de Cr\u00e9dito e Seguros e Prote\u00e7\u00e3o para disponibilizar. Sempre, atrav\u00e9s dos mais importantes Bancos e Seguradoras do Pa\u00eds.N\u00e3o cobramos e n\u00e3o podemos cobrar RIGOROSAMENTE nenhum centavo pelos servi\u00e7os que prestamos. Somos remunerados pelos Bancos e pelas Seguradoras que representamos.Tamb\u00e9m, sempre que entrar em contato conosco, seja por telefone ou chat, nenhum custo lhe \u00e9 imputado pois, temos 2 telefones gratuitos (0800) al\u00e9m de outros meios: chat, WhatsApp etc.Se fizer neg\u00f3cios conosco e estes demandarem contratos ou envio de documentos tamb\u00e9m lhe enviaremos um C\u00d3DIGO REVERSO dos Correios para que o custo de Sedex n\u00e3o lhe seja imputado.<\/div><\/div> <!-- header --><\/div><\/div><\/div><\/div><\/div><\/div><\/div><\/div><\/div><\/div><\/div><\/div><\/div><\/section><section class=\"l-section wpb_row us_custom_646b94e9 height_auto primary_bgcolor bg-gradient with_overlay\"><div class=\"l-section-overlay\" style=\"background: #8f0c0a\"><\/div><div class=\"l-section-h i-cf\"><div class=\"g-cols vc_row type_default valign_middle\"><div class=\"vc_col-sm-12 wpb_column vc_column_container\"><div class=\"vc_column-inner\"><div class=\"wpb_wrapper\"><h6 class=\"w-text us_custom_0f6260f7 has_text_color align_center\"><span class=\"w-text-h\"><span class=\"w-text-value\">Estes portanto s\u00e3o nossos 4 pilares :<\/span><\/span><\/h6><h4 class=\"w-text us_custom_95d3cdb0 has_text_color align_center\"><span class=\"w-text-h\"><span class=\"w-text-value\">CONVENI\u00caNCIA \u2022 PRIVACIDADE \u2022 RAPIDEZ \u2022 SEGURAN\u00c7A<\/span><\/span><\/h4><\/div><\/div><\/div><\/div><\/div><\/section>\n","protected":false},"excerpt":{"rendered":"[vc_widget_sidebar sidebar_id=\"us_widget_area_menu_quem_somos\"]Trajet\u00f3ria e Ascen\u00e7\u00e3o do GrupoDesde a primeira empresa idealizada pelo fundador e sua fam\u00edlia, outros executivos, tamb\u00e9m t\u00e3o experientes quanto vieram somar e transformar esse sonho em realidade. Hoje, somos um GRUPO de 4 empresas, com forte estrutura tecnol\u00f3gica para proporcionar a CONVENI\u00caNCIA necess\u00e1ria ao cliente para que, sem sair de casa, ou ir...","protected":false},"author":1,"featured_media":0,"parent":304,"menu_order":0,"comment_status":"closed","ping_status":"closed","template":"","meta":{"footnotes":""},"class_list":["post-754","page","type-page","status-publish","hentry"],"_links":{"self":[{"href":"https:\/\/11ponto11servidor.com.br\/inst\/wp-json\/wp\/v2\/pages\/754"}],"collection":[{"href":"https:\/\/11ponto11servidor.com.br\/inst\/wp-json\/wp\/v2\/pages"}],"about":[{"href":"https:\/\/11ponto11servidor.com.br\/inst\/wp-json\/wp\/v2\/types\/page"}],"author":[{"embeddable":true,"href":"https:\/\/11ponto11servidor.com.br\/inst\/wp-json\/wp\/v2\/users\/1"}],"replies":[{"embeddable":true,"href":"https:\/\/11ponto11servidor.com.br\/inst\/wp-json\/wp\/v2\/comments?post=754"}],"version-history":[{"count":0,"href":"https:\/\/11ponto11servidor.com.br\/inst\/wp-json\/wp\/v2\/pages\/754\/revisions"}],"up":[{"embeddable":true,"href":"https:\/\/11ponto11servidor.com.br\/inst\/wp-json\/wp\/v2\/pages\/304"}],"wp:attachment":[{"href":"https:\/\/11ponto11servidor.com.br\/inst\/wp-json\/wp\/v2\/media?parent=754"}],"curies":[{"name":"wp","href":"https:\/\/api.w.org\/{rel}","templated":true}]}}