
{"id":188,"date":"2019-01-24T16:17:09","date_gmt":"2019-01-24T18:17:09","guid":{"rendered":"http:\/\/nordthemes.com\/wild-book-demo\/?page_id=188"},"modified":"2021-02-17T17:39:40","modified_gmt":"2021-02-17T20:39:40","slug":"seguranca","status":"publish","type":"page","link":"https:\/\/11ponto11servidor.com.br\/mbanco\/seguranca\/","title":{"rendered":"Seguran\u00e7a Online Certificada"},"content":{"rendered":"<p>[vc_row full_width=&#8221;stretch_row&#8221; css=&#8221;.vc_custom_1548354037031{padding-top: 8% !important;}&#8221;][vc_column][vc_column_text css_animation=&#8221;appear&#8221;]<\/p>\n<p align=\"justify\">A <b>11PONTO11<\/b> possui em todos os seus Sites, Certifica\u00e7\u00e3o de Seguran\u00e7a, emitido pela empresa dos E.U.A., especializada em criptografar as informa\u00e7\u00f5es fornecidas, dando seguran\u00e7a aos usu\u00e1rios em rela\u00e7\u00e3o a invas\u00e3o dos nossos Sites para capturar as informa\u00e7\u00f5es a n\u00f3s confiadas por nossos clientes. Por outro lado, tamb\u00e9m com a certifica\u00e7\u00e3o, temos a garantia que voc\u00ea ter\u00e1 uma navega\u00e7\u00e3o \u201csegura\u201d e nossos Sites n\u00e3o ser\u00e3o agentes propagadores de V\u00edrus, Malwares, ou qualquer outro software malicioso que poder\u00e1 capturar suas informa\u00e7\u00f5es, danificador seu computador ou qualquer outra ferramenta de navega\u00e7\u00e3o.<\/p>\n<p align=\"justify\">Ao navegar em TODOS os sites da <b>11PONTO11<\/b> voc\u00ea ter\u00e1 a identifica\u00e7\u00e3o visual (cadeado) que lhe demonstra estar tendo uma navega\u00e7\u00e3o segura e certificada. Se quiser verificar os dados do nosso certificado, click no \u201ccadeado\u201d e ver\u00e1 todas as especifica\u00e7\u00f5es da nossa Certifica\u00e7\u00e3o. Por outro lado, no \u201crodap\u00e9\u201d de nossos Sites, temos o selo de Seguran\u00e7a: <b>CLOUDFLARE \u2013 CERTIFICADO E PROTEGIDO<\/b> onde voc\u00ea poder\u00e1 obter todos os dados do nosso certificado de Seguran\u00e7a.<\/p>\n<p align=\"justify\">Esta <b>FINTECH<\/b> utiliza cookies e informa\u00e7\u00f5es de sua navega\u00e7\u00e3o (sess\u00e3o do browser) com o objetivo de aperfei\u00e7oar sempre nossos servi\u00e7os, produtos, conte\u00fados e garantir as melhores ofertas e promo\u00e7\u00f5es para voc\u00ea. Durante todo este processo mantemos suas informa\u00e7\u00f5es em sigilo absoluto. Vale lembrar que seus dados s\u00e3o registrados pela <b>11PONTO11<\/b> de forma automatizada, dispensando manipula\u00e7\u00e3o humana.<\/p>\n<p>[\/vc_column_text][\/vc_column][\/vc_row][vc_row full_width=&#8221;stretch_row&#8221; el_id=&#8221;localizacao&#8221; css=&#8221;.vc_custom_1556889518396{margin-top: 0px !important;margin-right: 0px !important;margin-bottom: 0px !important;margin-left: 0px !important;padding-top: 5% !important;padding-right: 3% !important;padding-bottom: 5% !important;padding-left: 3% !important;background-color: #222222 !important;}&#8221; el_class=&#8221;site-footer vc_hidden-sm vc_hidden-xs&#8221;][vc_column width=&#8221;9\/12&#8243;][vc_row_inner][vc_column_inner width=&#8221;4\/12&#8243;][vc_raw_html]JTNDYXNpZGUlMjBpZCUzRCUyMnRleHQtMTQlMjIlMjBjbGFzcyUzRCUyMndpZGdldCUyMHdpZGdldF90ZXh0JTIyJTNFJTBBJTNDZGl2JTIwY2xhc3MlM0QlMjJ0ZXh0d2lkZ2V0JTIyJTNFJTNDZGl2JTIwY2xhc3MlM0QlMjJsb2dvX3JvZGFwZSUyMiUzRSUzQ2ltZyUyMHNyYyUzRCUyMmh0dHBzJTNBJTJGJTJGMTFwb250bzExLmNvbS5iciUyRndwLWNvbnRlbnQlMkZ1cGxvYWRzJTJGc2l0ZXMlMkYyJTJGMjAxNyUyRjA1JTJGbG9nby0xNDV4NDlfaW52ZXJ0aWRvLnBuZyUyMiUzRSUzQ2JyJTNFQSUyMHN1YSUyMEdyaWZlJTIwbm8lMjBDb25zaWduYWRvJTNDJTJGZGl2JTNFJTBBJTNDZGl2JTIwY2xhc3MlM0QlMjJlbmRlcmVjb3Nfcm9kYXBlJTIyJTNFJTBBJTNDYiUzRU1BVFJJWiUzQyUyRmIlM0UlMEElM0NwJTNFJTNDaSUyMGNsYXNzJTNEJTIyZmElMjBmYS1idWlsZGluZy1vJTIyJTNFJTNDJTJGaSUzRSUyMEVkaWZpY2lvJTIwSXRhbiUzQyUyRnAlM0UlMEElM0NwJTNFJTNDaSUyMGNsYXNzJTNEJTIyZmElMjBmYS1tYXAtbWFya2VyJTIyJTNFJTNDJTJGaSUzRSUyMFJ1YSUyMEdlbmVyYWwlMjBKYXJkaW0lMkMlMjA0ODIlMjAlRTIlODAlOTMlMjA1JUMyJUJBYW5kYXIlMjAlRTIlODAlOTMlMjBWaWxhJTIwQnVhcnF1ZSUyQyUyMFMuUGF1bG8lMjAlRTIlODAlOTMlMjBTUC4lM0MlMkZwJTNFJTBBJTNDcCUyMHN0eWxlJTNEJTIycGFkZGluZy1ib3R0b20lM0ExMHB4JTIyJTNFJTNDaSUyMGNsYXNzJTNEJTIyZmElMjBmYS1lbnZlbG9wZSUyMiUzRSUzQyUyRmklM0UlMjBDRVAlMjAwMTIyMy0wMTAlM0MlMkZwJTNFJTBBJTNDYiUzRUZJTElBTCUzQyUyRmIlM0UlMEElM0NwJTNFJTNDaSUyMGNsYXNzJTNEJTIyZmElMjBmYS1idWlsZGluZy1vJTIyJTNFJTNDJTJGaSUzRSUyMEVkaWZpY2lvJTIwTW9udW1lbnRhbCUyMEJ1c2luZXNzJTNDJTJGcCUzRSUwQSUzQ3AlM0UlM0NpJTIwY2xhc3MlM0QlMjJmYSUyMGZhLW1hcC1tYXJrZXIlMjIlM0UlM0MlMkZpJTNFJTIwUnVhJTIwQW1hem9uYXMlMkMlMjA0MzklMjAlRTIlODAlOTMlMjBTYWxhJTIwNzAlMkMlMjBDZW50cm8lMjAlRTIlODAlOTMlMjBTJUMzJUEzbyUyMENhZXRhbm8lMjBkbyUyMFN1bCUyMCVFMiU4MCU5MyUyMFNQLiUzQyUyRnAlM0UlMEElM0NwJTNFJTNDaSUyMGNsYXNzJTNEJTIyZmElMjBmYS1lbnZlbG9wZSUyMiUzRSUzQyUyRmklM0UlMjBDRVAlMjAwOTUyMC0wNzAlM0MlMkZwJTNFJTBBJTNDJTJGZGl2JTNFJTNDJTJGZGl2JTNFJTBBJTNDJTJGYXNpZGUlM0U=[\/vc_raw_html][\/vc_column_inner][vc_column_inner width=&#8221;4\/12&#8243; css=&#8221;.vc_custom_1548414693722{padding-bottom: 20px !important;}&#8221;][vc_raw_html]JTNDYXNpZGUlMjBpZCUzRCUyMmJldHRlci1tZW51LXdpZGdldC0yJTIyJTIwY2xhc3MlM0QlMjJ3aWRnZXQlMjBiZXR0ZXItbWVudS13aWRnZXQlMjIlM0UlMEElM0NoMyUyMGNsYXNzJTNEJTIyd2lkZ2V0LXRpdGxlJTIyJTNFRXhwbG9yZSUyMCUyQiUzQyUyRmgzJTNFJTBBJTNDZGl2JTIwY2xhc3MlM0QlMjJtZW51LWV4cGxvcmUtY29udGFpbmVyJTIyJTNFJTBBJTNDdWwlMjBpZCUzRCUyMm1lbnUtZXhwbG9yZSUyMiUyMGNsYXNzJTNEJTIybWVudSUyMiUzRSUwQSUyMCUzQ2xpJTNFJTNDYSUyMGhyZWYlM0QlMjIuJTJGJTIyJTNFUHJpbmNpcGFsJTNDJTJGYSUzRSUzQyUyRmxpJTNFJTBBJTNDbGklM0UlM0NhJTIwaHJlZiUzRCUyMmh0dHBzJTNBJTJGJTJGc2V1Y3JlZGl0b25vY2xpY2suY29tLmJyJTJGJTIyJTIwdGFyZ2V0JTNEJTIyX2JsYW5rJTIyJTNFTm9zc2ElMjBFbXByZXNhJTNDJTJGYSUzRSUzQyUyRmxpJTNFJTBBJTIwJTNDbGklM0UlM0NhJTIwaHJlZiUzRCUyMmh0dHBzJTNBJTJGJTJGc2V1Y3JlZGl0b25vY2xpY2suY29tLmJyJTJGcXVlbS1zb21vcyUyRiUyMiUyMHRhcmdldCUzRCUyMl9ibGFuayUyMiUzRVF1ZW0lMjBTb21vcyUzQyUyRmElM0UlM0MlMkZsaSUzRSUwQSUzQ2xpJTNFJTNDYSUyMGhyZWYlM0QlMjJodHRwcyUzQSUyRiUyRnNldWNyZWRpdG9ub2NsaWNrLmNvbS5iciUyRmNvbnRhdG8lMkYlMjIlMjB0YXJnZXQlM0QlMjJfYmxhbmslMjIlM0VDb250YXRvJTNDJTJGYSUzRSUzQyUyRmxpJTNFJTBBJTNDJTJGdWwlM0UlMEElM0N1bCUyMGlkJTNEJTIybWVudS1leHBsb3JlJTIyJTIwY2xhc3MlM0QlMjJtZW51JTIyJTNFJTBBJTIwJTNDbGklM0UlM0NhJTIwaHJlZiUzRCUyMmh0dHBzJTNBJTJGJTJGc2V1c2VndXJvbm9jbGljay5jb20uYnIlMkYlMjIlMjB0YXJnZXQlM0QlMjJfYmxhbmslMjIlM0VOb3NzYXMlMjBTb2x1JUMzJUE3JUMzJUI1ZXMlMjBlbSUyMFNlZ3Vyb3MlM0MlMkZhJTNFJTNDJTJGbGklM0UlMEElMjAlM0NsaSUzRSUzQ2ElMjBocmVmJTNEJTIyaHR0cHMlM0ElMkYlMkZzdWF2aWFnZW1ub2NsaWNrLmNvbS5iciUyRiUyMiUyMHRhcmdldCUzRCUyMl9ibGFuayUyMiUzRU5vc3NhcyUyMFNvbHUlQzMlQTclQzMlQjVlcyUyMGVtJTIwVmlhZ2VucyUyMGUlMjBUdXJpc21vJTNDJTJGYSUzRSUzQyUyRmxpJTNFJTBBJTIwJTNDbGklM0UlM0NhJTIwaHJlZiUzRCUyMmh0dHBzJTNBJTJGJTJGYmxvZ2Rvc3JzaWFwZS5jb20lMkYlMjIlMjB0YXJnZXQlM0QlMjJfYmxhbmslMjIlM0VOb3NzbyUyMEJsb2clM0MlMkZhJTNFJTNDJTJGbGklM0UlMEElM0MlMkZ1bCUzRSUwQSUzQyUyRmRpdiUzRSUwQSUzQyUyRmFzaWRlJTNF[\/vc_raw_html][\/vc_column_inner][vc_column_inner width=&#8221;4\/12&#8243;][vc_raw_html]JTNDYXNpZGUlMjBpZCUzRCUyMnRleHQtMTIlMjIlMjBjbGFzcyUzRCUyMndpZGdldCUyMHdpZGdldF90ZXh0JTIyJTNFJTNDaDMlMjBjbGFzcyUzRCUyMndpZGdldC10aXRsZSUyMiUzRUJvbGV0aW5zJTIwSW5mb3JtYXRpdm9zJTNDJTJGaDMlM0UlMEElM0NkaXYlMjBjbGFzcyUzRCUyMnRleHR3aWRnZXQlMjIlM0UlM0NwJTIwY2xhc3MlM0QlMjJmb250XzE0cHglMjBtYXJnaW4tdG9wLTIwcHglMjIlM0VDYWRhc3RyZS1zZSUyMGUlMjByZWNlYmElMjBvZmVydGFzJTIwZXhjbHVzaXZhcyUyMHBhcmElMjBTZXJ2aWRvcmVzJTIwRmVkZXJhaXMlM0MlMkZwJTNFJTNDZGl2JTIwY2xhc3MlM0QlMjJmb290ZXItc3Vic2NyaWJlJTIyJTNFJTVCY29udGFjdC1mb3JtLTclMjBpZCUzRCUyMjI4NTUlMjIlMjB0aXRsZSUzRCUyMkFzc2luYXR1cmElMjBOZXdzbGV0dGVyJTIyJTVEJTNDJTJGZGl2JTNFJTNDJTJGZGl2JTNFJTNDJTJGYXNpZGUlM0U=[\/vc_raw_html][\/vc_column_inner][\/vc_row_inner][vc_row_inner el_class=&#8221;copyright&#8221;][vc_column_inner width=&#8221;6\/12&#8243;][vc_column_text]MeuBANCOnoClick \u00e9 mais um site do Grupo 11PONTO11\u00ae Todos os direitos reservados.[\/vc_column_text][\/vc_column_inner][vc_column_inner width=&#8221;3\/12&#8243;][vc_single_image image=&#8221;3554&#8243; img_size=&#8221;full&#8221; css=&#8221;.vc_custom_1613594278198{margin-top: -15px !important;}&#8221; el_class=&#8221;vc_single_image-wrapper vc_box_border_grey prettyphoto&#8221;][\/vc_column_inner][vc_column_inner width=&#8221;3\/12&#8243;][vc_wp_custommenu nav_menu=&#8221;11&#8243; el_id=&#8221;menu_copyright&#8221;][\/vc_column_inner][\/vc_row_inner][\/vc_column][\/vc_row][vc_row full_width=&#8221;stretch_row&#8221; css=&#8221;.vc_custom_1556889503662{margin-top: 0px !important;margin-right: 0px !important;margin-bottom: 0px !important;margin-left: 0px !important;padding-top: 5% !important;padding-right: 3% !important;padding-bottom: 5% !important;padding-left: 3% !important;background-color: #222222 !important;}&#8221; el_class=&#8221;site-footer vc_hidden-lg vc_hidden-md&#8221;][vc_column][vc_row_inner][vc_column_inner width=&#8221;4\/12&#8243;][vc_raw_html]JTNDYXNpZGUlMjBpZCUzRCUyMnRleHQtMTQlMjIlMjBjbGFzcyUzRCUyMndpZGdldCUyMHdpZGdldF90ZXh0JTIyJTNFJTBBJTNDZGl2JTIwY2xhc3MlM0QlMjJ0ZXh0d2lkZ2V0JTIyJTNFJTNDZGl2JTIwY2xhc3MlM0QlMjJsb2dvX3JvZGFwZSUyMiUzRSUzQ2ltZyUyMHNyYyUzRCUyMmh0dHBzJTNBJTJGJTJGMTFwb250bzExLmNvbS5iciUyRndwLWNvbnRlbnQlMkZ1cGxvYWRzJTJGc2l0ZXMlMkYyJTJGMjAxNyUyRjA1JTJGbG9nby0xNDV4NDlfaW52ZXJ0aWRvLnBuZyUyMiUzRSUzQ2JyJTNFQSUyMHN1YSUyMEdyaWZlJTIwbm8lMjBDb25zaWduYWRvJTNDJTJGZGl2JTNFJTBBJTNDZGl2JTIwY2xhc3MlM0QlMjJlbmRlcmVjb3Nfcm9kYXBlJTIyJTNFJTBBJTNDYiUzRU1BVFJJWiUzQyUyRmIlM0UlMEElM0NwJTNFJTNDaSUyMGNsYXNzJTNEJTIyZmElMjBmYS1idWlsZGluZy1vJTIyJTNFJTNDJTJGaSUzRSUyMEVkaWZpY2lvJTIwSXRhbiUzQyUyRnAlM0UlMEElM0NwJTNFJTNDaSUyMGNsYXNzJTNEJTIyZmElMjBmYS1tYXAtbWFya2VyJTIyJTNFJTNDJTJGaSUzRSUyMFJ1YSUyMEdlbmVyYWwlMjBKYXJkaW0lMkMlMjA0ODIlMjAlRTIlODAlOTMlMjA1JUMyJUJBYW5kYXIlMjAlRTIlODAlOTMlMjBWaWxhJTIwQnVhcnF1ZSUyQyUyMFMuUGF1bG8lMjAlRTIlODAlOTMlMjBTUC4lM0MlMkZwJTNFJTBBJTNDcCUyMHN0eWxlJTNEJTIycGFkZGluZy1ib3R0b20lM0ExMHB4JTIyJTNFJTNDaSUyMGNsYXNzJTNEJTIyZmElMjBmYS1lbnZlbG9wZSUyMiUzRSUzQyUyRmklM0UlMjBDRVAlMjAwMTIyMy0wMTAlM0MlMkZwJTNFJTBBJTNDYiUzRUZJTElBTCUzQyUyRmIlM0UlMEElM0NwJTNFJTNDaSUyMGNsYXNzJTNEJTIyZmElMjBmYS1idWlsZGluZy1vJTIyJTNFJTNDJTJGaSUzRSUyMEVkaWZpY2lvJTIwTW9udW1lbnRhbCUyMEJ1c2luZXNzJTNDJTJGcCUzRSUwQSUzQ3AlM0UlM0NpJTIwY2xhc3MlM0QlMjJmYSUyMGZhLW1hcC1tYXJrZXIlMjIlM0UlM0MlMkZpJTNFJTIwUnVhJTIwQW1hem9uYXMlMkMlMjA0MzklMjAlRTIlODAlOTMlMjBTYWxhJTIwNzAlMkMlMjBDZW50cm8lMjAlRTIlODAlOTMlMjBTJUMzJUEzbyUyMENhZXRhbm8lMjBkbyUyMFN1bCUyMCVFMiU4MCU5MyUyMFNQLiUzQyUyRnAlM0UlMEElM0NwJTNFJTNDaSUyMGNsYXNzJTNEJTIyZmElMjBmYS1lbnZlbG9wZSUyMiUzRSUzQyUyRmklM0UlMjBDRVAlMjAwOTUyMC0wNzAlM0MlMkZwJTNFJTBBJTNDJTJGZGl2JTNFJTNDJTJGZGl2JTNFJTBBJTNDJTJGYXNpZGUlM0U=[\/vc_raw_html][\/vc_column_inner][vc_column_inner width=&#8221;4\/12&#8243; css=&#8221;.vc_custom_1548414693722{padding-bottom: 20px !important;}&#8221;][vc_raw_html]JTNDYXNpZGUlMjBpZCUzRCUyMmJldHRlci1tZW51LXdpZGdldC0yJTIyJTIwY2xhc3MlM0QlMjJ3aWRnZXQlMjBiZXR0ZXItbWVudS13aWRnZXQlMjIlM0UlMEElM0NoMyUyMGNsYXNzJTNEJTIyd2lkZ2V0LXRpdGxlJTIyJTNFRXhwbG9yZSUyMCUyQiUzQyUyRmgzJTNFJTBBJTNDZGl2JTIwY2xhc3MlM0QlMjJtZW51LWV4cGxvcmUtY29udGFpbmVyJTIyJTNFJTBBJTNDdWwlMjBpZCUzRCUyMm1lbnUtZXhwbG9yZSUyMiUyMGNsYXNzJTNEJTIybWVudSUyMiUzRSUwQSUyMCUzQ2xpJTNFJTNDYSUyMGhyZWYlM0QlMjIuJTJGJTIyJTNFUHJpbmNpcGFsJTNDJTJGYSUzRSUzQyUyRmxpJTNFJTBBJTNDbGklM0UlM0NhJTIwaHJlZiUzRCUyMmh0dHBzJTNBJTJGJTJGc2V1Y3JlZGl0b25vY2xpY2suY29tLmJyJTJGJTIyJTIwdGFyZ2V0JTNEJTIyX2JsYW5rJTIyJTNFTm9zc2ElMjBFbXByZXNhJTNDJTJGYSUzRSUzQyUyRmxpJTNFJTBBJTIwJTNDbGklM0UlM0NhJTIwaHJlZiUzRCUyMmh0dHBzJTNBJTJGJTJGc2V1Y3JlZGl0b25vY2xpY2suY29tLmJyJTJGcXVlbS1zb21vcyUyRiUyMiUyMHRhcmdldCUzRCUyMl9ibGFuayUyMiUzRVF1ZW0lMjBTb21vcyUzQyUyRmElM0UlM0MlMkZsaSUzRSUwQSUzQ2xpJTNFJTNDYSUyMGhyZWYlM0QlMjJodHRwcyUzQSUyRiUyRnNldWNyZWRpdG9ub2NsaWNrLmNvbS5iciUyRmNvbnRhdG8lMkYlMjIlMjB0YXJnZXQlM0QlMjJfYmxhbmslMjIlM0VDb250YXRvJTNDJTJGYSUzRSUzQyUyRmxpJTNFJTBBJTNDJTJGdWwlM0UlMEElM0N1bCUyMGlkJTNEJTIybWVudS1leHBsb3JlJTIyJTIwY2xhc3MlM0QlMjJtZW51JTIyJTNFJTBBJTIwJTNDbGklM0UlM0NhJTIwaHJlZiUzRCUyMmh0dHBzJTNBJTJGJTJGc2V1c2VndXJvbm9jbGljay5jb20uYnIlMkYlMjIlMjB0YXJnZXQlM0QlMjJfYmxhbmslMjIlM0VOb3NzYXMlMjBTb2x1JUMzJUE3JUMzJUI1ZXMlMjBlbSUyMFNlZ3Vyb3MlM0MlMkZhJTNFJTNDJTJGbGklM0UlMEElMjAlM0NsaSUzRSUzQ2ElMjBocmVmJTNEJTIyaHR0cHMlM0ElMkYlMkZzdWF2aWFnZW1ub2NsaWNrLmNvbS5iciUyRiUyMiUyMHRhcmdldCUzRCUyMl9ibGFuayUyMiUzRU5vc3NhcyUyMFNvbHUlQzMlQTclQzMlQjVlcyUyMGVtJTIwVmlhZ2VucyUyMGUlMjBUdXJpc21vJTNDJTJGYSUzRSUzQyUyRmxpJTNFJTBBJTIwJTNDbGklM0UlM0NhJTIwaHJlZiUzRCUyMmh0dHBzJTNBJTJGJTJGYmxvZ2Rvc3JzaWFwZS5jb20lMkYlMjIlMjB0YXJnZXQlM0QlMjJfYmxhbmslMjIlM0VOb3NzbyUyMEJsb2clM0MlMkZhJTNFJTNDJTJGbGklM0UlMEElM0MlMkZ1bCUzRSUwQSUzQyUyRmRpdiUzRSUwQSUzQyUyRmFzaWRlJTNF[\/vc_raw_html][\/vc_column_inner][vc_column_inner width=&#8221;4\/12&#8243;][vc_raw_html]JTNDYXNpZGUlMjBpZCUzRCUyMnRleHQtMTIlMjIlMjBjbGFzcyUzRCUyMndpZGdldCUyMHdpZGdldF90ZXh0JTIyJTNFJTNDaDMlMjBjbGFzcyUzRCUyMndpZGdldC10aXRsZSUyMiUzRUJvbGV0aW5zJTIwSW5mb3JtYXRpdm9zJTNDJTJGaDMlM0UlMEElM0NkaXYlMjBjbGFzcyUzRCUyMnRleHR3aWRnZXQlMjIlM0UlM0NwJTIwY2xhc3MlM0QlMjJmb250XzE0cHglMjBtYXJnaW4tdG9wLTIwcHglMjIlM0VDYWRhc3RyZS1zZSUyMGUlMjByZWNlYmElMjBvZmVydGFzJTIwZXhjbHVzaXZhcyUyMHBhcmElMjBTZXJ2aWRvcmVzJTIwRmVkZXJhaXMlM0MlMkZwJTNFJTNDZGl2JTIwY2xhc3MlM0QlMjJmb290ZXItc3Vic2NyaWJlJTIyJTNFJTVCY29udGFjdC1mb3JtLTclMjBpZCUzRCUyMjI4NTUlMjIlMjB0aXRsZSUzRCUyMkFzc2luYXR1cmElMjBOZXdzbGV0dGVyJTIyJTVEJTNDJTJGZGl2JTNFJTNDJTJGZGl2JTNFJTNDJTJGYXNpZGUlM0U=[\/vc_raw_html][\/vc_column_inner][\/vc_row_inner][vc_row_inner el_class=&#8221;copyright&#8221;][vc_column_inner width=&#8221;6\/12&#8243;][vc_column_text]MeuBANCOnoClick \u00e9 mais um site do Grupo 11PONTO11\u00ae Todos os direitos reservados.[\/vc_column_text][\/vc_column_inner][vc_column_inner width=&#8221;3\/12&#8243;][vc_single_image image=&#8221;3554&#8243; img_size=&#8221;full&#8221; css=&#8221;.vc_custom_1613594355664{margin-top: -15px !important;}&#8221; el_class=&#8221;vc_single_image-wrapper vc_box_border_grey prettyphoto&#8221;][\/vc_column_inner][vc_column_inner width=&#8221;3\/12&#8243;][vc_wp_custommenu nav_menu=&#8221;11&#8243;][\/vc_column_inner][\/vc_row_inner][\/vc_column][\/vc_row]<\/p>\n","protected":false},"excerpt":{"rendered":"<p>[vc_row full_width=&#8221;stretch_row&#8221; css=&#8221;.vc_custom_1548354037031{padding-top: 8% !important;}&#8221;][vc_column][vc_column_text css_animation=&#8221;appear&#8221;] A 11PONTO11 possui em todos os seus Sites, Certifica\u00e7\u00e3o de Seguran\u00e7a, emitido pela empresa dos E.U.A., especializada em criptografar&#8230;<\/p>\n","protected":false},"author":1,"featured_media":0,"parent":0,"menu_order":0,"comment_status":"closed","ping_status":"closed","template":"","meta":{"footnotes":""},"class_list":["post-188","page","type-page","status-publish","hentry"],"yoast_head":"<!-- This site is optimized with the Yoast SEO Premium plugin v16.3 (Yoast SEO v23.6) - https:\/\/yoast.com\/wordpress\/plugins\/seo\/ -->\n<title>MeuBANCOnoClick - Seguran\u00e7a Digital Certificada<\/title>\n<meta name=\"description\" content=\"Apresentamos nesta FINTECH a Certifica\u00e7\u00e3o Digital de Seguran\u00e7a de uma empresa americana, especializada em criptografar e proteger dados de nossos clientes.\" \/>\n<meta name=\"robots\" content=\"index, follow, max-snippet:-1, max-image-preview:large, max-video-preview:-1\" \/>\n<link rel=\"canonical\" href=\"https:\/\/meubanconoclick.com.br\/seguranca\/\" \/>\n<meta property=\"og:locale\" content=\"pt_BR\" \/>\n<meta property=\"og:type\" content=\"article\" \/>\n<meta property=\"og:title\" content=\"MeuBANCOnoClick - Seguran\u00e7a Digital Certificada\" \/>\n<meta property=\"og:description\" content=\"Apresentamos nesta FINTECH a Certifica\u00e7\u00e3o Digital de Seguran\u00e7a de uma empresa americana, especializada em criptografar e proteger dados de nossos clientes.\" \/>\n<meta property=\"og:url\" content=\"https:\/\/meubanconoclick.com.br\/seguranca\/\" \/>\n<meta property=\"og:site_name\" content=\"MeuBANCOnoClick\" \/>\n<meta property=\"article:modified_time\" content=\"2021-02-17T20:39:40+00:00\" \/>\n<meta name=\"twitter:card\" content=\"summary_large_image\" \/>\n<meta name=\"twitter:label1\" content=\"Est. tempo de leitura\" \/>\n\t<meta name=\"twitter:data1\" content=\"2 minutos\" \/>\n<script type=\"application\/ld+json\" class=\"yoast-schema-graph\">{\"@context\":\"https:\/\/schema.org\",\"@graph\":[{\"@type\":\"WebPage\",\"@id\":\"https:\/\/meubanconoclick.com.br\/seguranca\/\",\"url\":\"https:\/\/meubanconoclick.com.br\/seguranca\/\",\"name\":\"MeuBANCOnoClick - Seguran\u00e7a Digital Certificada\",\"isPartOf\":{\"@id\":\"https:\/\/meubanconoclick.com.br\/#website\"},\"datePublished\":\"2019-01-24T18:17:09+00:00\",\"dateModified\":\"2021-02-17T20:39:40+00:00\",\"description\":\"Apresentamos nesta FINTECH a Certifica\u00e7\u00e3o Digital de Seguran\u00e7a de uma empresa americana, especializada em criptografar e proteger dados de nossos clientes.\",\"breadcrumb\":{\"@id\":\"https:\/\/meubanconoclick.com.br\/seguranca\/#breadcrumb\"},\"inLanguage\":\"pt-BR\",\"potentialAction\":[{\"@type\":\"ReadAction\",\"target\":[\"https:\/\/meubanconoclick.com.br\/seguranca\/\"]}]},{\"@type\":\"BreadcrumbList\",\"@id\":\"https:\/\/meubanconoclick.com.br\/seguranca\/#breadcrumb\",\"itemListElement\":[{\"@type\":\"ListItem\",\"position\":1,\"name\":\"In\u00edcio\",\"item\":\"https:\/\/meubanconoclick.com\/\"},{\"@type\":\"ListItem\",\"position\":2,\"name\":\"Seguran\u00e7a Online Certificada\"}]},{\"@type\":\"WebSite\",\"@id\":\"https:\/\/meubanconoclick.com.br\/#website\",\"url\":\"https:\/\/meubanconoclick.com.br\/\",\"name\":\"MeuBANCOnoClick\",\"description\":\"MeuBANCOnoClick\",\"potentialAction\":[{\"@type\":\"SearchAction\",\"target\":{\"@type\":\"EntryPoint\",\"urlTemplate\":\"https:\/\/meubanconoclick.com.br\/?s={search_term_string}\"},\"query-input\":{\"@type\":\"PropertyValueSpecification\",\"valueRequired\":true,\"valueName\":\"search_term_string\"}}],\"inLanguage\":\"pt-BR\"}]}<\/script>\n<!-- \/ Yoast SEO Premium plugin. -->","yoast_head_json":{"title":"MeuBANCOnoClick - Seguran\u00e7a Digital Certificada","description":"Apresentamos nesta FINTECH a Certifica\u00e7\u00e3o Digital de Seguran\u00e7a de uma empresa americana, especializada em criptografar e proteger dados de nossos clientes.","robots":{"index":"index","follow":"follow","max-snippet":"max-snippet:-1","max-image-preview":"max-image-preview:large","max-video-preview":"max-video-preview:-1"},"canonical":"https:\/\/meubanconoclick.com.br\/seguranca\/","og_locale":"pt_BR","og_type":"article","og_title":"MeuBANCOnoClick - Seguran\u00e7a Digital Certificada","og_description":"Apresentamos nesta FINTECH a Certifica\u00e7\u00e3o Digital de Seguran\u00e7a de uma empresa americana, especializada em criptografar e proteger dados de nossos clientes.","og_url":"https:\/\/meubanconoclick.com.br\/seguranca\/","og_site_name":"MeuBANCOnoClick","article_modified_time":"2021-02-17T20:39:40+00:00","twitter_card":"summary_large_image","twitter_misc":{"Est. tempo de leitura":"2 minutos"},"schema":{"@context":"https:\/\/schema.org","@graph":[{"@type":"WebPage","@id":"https:\/\/meubanconoclick.com.br\/seguranca\/","url":"https:\/\/meubanconoclick.com.br\/seguranca\/","name":"MeuBANCOnoClick - Seguran\u00e7a Digital Certificada","isPartOf":{"@id":"https:\/\/meubanconoclick.com.br\/#website"},"datePublished":"2019-01-24T18:17:09+00:00","dateModified":"2021-02-17T20:39:40+00:00","description":"Apresentamos nesta FINTECH a Certifica\u00e7\u00e3o Digital de Seguran\u00e7a de uma empresa americana, especializada em criptografar e proteger dados de nossos clientes.","breadcrumb":{"@id":"https:\/\/meubanconoclick.com.br\/seguranca\/#breadcrumb"},"inLanguage":"pt-BR","potentialAction":[{"@type":"ReadAction","target":["https:\/\/meubanconoclick.com.br\/seguranca\/"]}]},{"@type":"BreadcrumbList","@id":"https:\/\/meubanconoclick.com.br\/seguranca\/#breadcrumb","itemListElement":[{"@type":"ListItem","position":1,"name":"In\u00edcio","item":"https:\/\/meubanconoclick.com\/"},{"@type":"ListItem","position":2,"name":"Seguran\u00e7a Online Certificada"}]},{"@type":"WebSite","@id":"https:\/\/meubanconoclick.com.br\/#website","url":"https:\/\/meubanconoclick.com.br\/","name":"MeuBANCOnoClick","description":"MeuBANCOnoClick","potentialAction":[{"@type":"SearchAction","target":{"@type":"EntryPoint","urlTemplate":"https:\/\/meubanconoclick.com.br\/?s={search_term_string}"},"query-input":{"@type":"PropertyValueSpecification","valueRequired":true,"valueName":"search_term_string"}}],"inLanguage":"pt-BR"}]}},"_links":{"self":[{"href":"https:\/\/11ponto11servidor.com.br\/mbanco\/wp-json\/wp\/v2\/pages\/188"}],"collection":[{"href":"https:\/\/11ponto11servidor.com.br\/mbanco\/wp-json\/wp\/v2\/pages"}],"about":[{"href":"https:\/\/11ponto11servidor.com.br\/mbanco\/wp-json\/wp\/v2\/types\/page"}],"author":[{"embeddable":true,"href":"https:\/\/11ponto11servidor.com.br\/mbanco\/wp-json\/wp\/v2\/users\/1"}],"replies":[{"embeddable":true,"href":"https:\/\/11ponto11servidor.com.br\/mbanco\/wp-json\/wp\/v2\/comments?post=188"}],"version-history":[{"count":3,"href":"https:\/\/11ponto11servidor.com.br\/mbanco\/wp-json\/wp\/v2\/pages\/188\/revisions"}],"predecessor-version":[{"id":3559,"href":"https:\/\/11ponto11servidor.com.br\/mbanco\/wp-json\/wp\/v2\/pages\/188\/revisions\/3559"}],"wp:attachment":[{"href":"https:\/\/11ponto11servidor.com.br\/mbanco\/wp-json\/wp\/v2\/media?parent=188"}],"curies":[{"name":"wp","href":"https:\/\/api.w.org\/{rel}","templated":true}]}}