
{"id":197,"date":"2017-08-13T09:32:23","date_gmt":"2017-08-13T09:32:23","guid":{"rendered":"http:\/\/nordthemes.com\/wild-book-demo\/?page_id=197"},"modified":"2020-01-13T19:27:17","modified_gmt":"2020-01-13T21:27:17","slug":"fale-conosco","status":"publish","type":"page","link":"https:\/\/11ponto11servidor.com.br\/mbanco\/fale-conosco\/","title":{"rendered":"Escreva-nos"},"content":{"rendered":"<p>[vc_row full_width=&#8221;stretch_row_content_no_spaces&#8221; content_placement=&#8221;top&#8221; el_id=&#8221;fale&#8221; css=&#8221;.vc_custom_1578950110968{margin-top: 0px !important;margin-bottom: 0px !important;background-color: #ffffff !important;}&#8221;][vc_column][vc_column_text]Preencha o formul\u00e1rio para enviar sua mensagem sobre: d\u00favidas, sugest\u00f5es, elogios ou cr\u00edticas, que em breve retornaremos.\n<div class=\"wpcf7 no-js\" id=\"wpcf7-f1199-o1\" lang=\"pt-BR\" dir=\"ltr\">\n<div class=\"screen-reader-response\"><p role=\"status\" aria-live=\"polite\" aria-atomic=\"true\"><\/p> <ul><\/ul><\/div>\n<form action=\"\/mbanco\/wp-json\/wp\/v2\/pages\/197#wpcf7-f1199-o1\" method=\"post\" class=\"wpcf7-form init\" aria-label=\"Formul\u00e1rios de contato\" novalidate=\"novalidate\" data-status=\"init\">\n<div style=\"display: none;\">\n<input type=\"hidden\" name=\"_wpcf7\" value=\"1199\" \/>\n<input type=\"hidden\" name=\"_wpcf7_version\" value=\"5.8\" \/>\n<input type=\"hidden\" name=\"_wpcf7_locale\" value=\"pt_BR\" \/>\n<input type=\"hidden\" name=\"_wpcf7_unit_tag\" value=\"wpcf7-f1199-o1\" \/>\n<input type=\"hidden\" name=\"_wpcf7_container_post\" value=\"0\" \/>\n<input type=\"hidden\" name=\"_wpcf7_posted_data_hash\" value=\"\" \/>\n<\/div>\n<p><span class=\"wpcf7-form-control-wrap\" data-name=\"nome\"><input size=\"40\" class=\"wpcf7-form-control wpcf7-text wpcf7-validates-as-required\" id=\"nome\" aria-required=\"true\" aria-invalid=\"false\" placeholder=\"Digite seu nome..\" value=\"\" type=\"text\" name=\"nome\" \/><\/span><br \/>\n<span class=\"wpcf7-form-control-wrap\" data-name=\"email\"><input size=\"40\" class=\"wpcf7-form-control wpcf7-email wpcf7-validates-as-required wpcf7-text wpcf7-validates-as-email\" id=\"email\" aria-required=\"true\" aria-invalid=\"false\" placeholder=\"Digite seu e-mail...\" value=\"\" type=\"email\" name=\"email\" \/><\/span><br \/>\n<span class=\"wpcf7-form-control-wrap\" data-name=\"cpfs\"><input size=\"40\" maxlength=\"11\" minlength=\"11\" class=\"wpcf7-form-control wpcf7-tel wpcf7-validates-as-required wpcf7-text wpcf7-validates-as-tel\" id=\"cpfs\" aria-required=\"true\" aria-invalid=\"false\" placeholder=\"CPF\" value=\"\" type=\"tel\" name=\"cpfs\" \/><\/span><br \/>\n<span class=\"wpcf7-character-count down position_relative top-50px left-20px flutua_direita\" data-target-name=\"cpfs\" data-starting-value=\"11\" data-current-value=\"11\" data-maximum-value=\"11\" data-minimum-value=\"11\">11<\/span><br \/>\n<span class=\"wpcf7-form-control-wrap\" data-name=\"assunto\"><select class=\"wpcf7-form-control wpcf7-select\" id=\"assunto\" aria-invalid=\"false\" name=\"assunto\"><option value=\"\">&#8212;Escolha uma op\u00e7\u00e3o&#8212;<\/option><option value=\"Mensagem\">Mensagem<\/option><option value=\"D\u00favidas\">D\u00favidas<\/option><option value=\"Sugest\u00f5es\">Sugest\u00f5es<\/option><option value=\"Cr\u00edticas\">Cr\u00edticas<\/option><option value=\"Parceria\">Parceria<\/option><\/select><\/span><br \/>\n<span class=\"wpcf7-form-control-wrap\" data-name=\"telefone\"><input size=\"40\" class=\"wpcf7-form-control wpcf7-tel wpcf7-validates-as-required wpcf7-text wpcf7-validates-as-tel\" id=\"telefone\" aria-required=\"true\" aria-invalid=\"false\" placeholder=\"Telefone: xx XXXXX-XXXX\" value=\"\" type=\"tel\" name=\"telefone\" \/><\/span><br \/>\n<span class=\"wpcf7-form-control-wrap\" data-name=\"mensagem\"><textarea cols=\"40\" rows=\"10\" class=\"wpcf7-form-control wpcf7-textarea wpcf7-validates-as-required\" id=\"mensagem\" aria-required=\"true\" aria-invalid=\"false\" placeholder=\"Digite sua mensagem\" name=\"mensagem\"><\/textarea><\/span><br \/>\n<input class=\"wpcf7-form-control wpcf7-submit has-spinner\" type=\"submit\" value=\"Enviar\" \/><br \/>\n<div class=\"anr_captcha_field\"><div id=\"anr_captcha_field_1\" class=\"anr_captcha_field_div\"><\/div><\/div><span class=\"wpcf7-form-control-wrap g-recaptcha-response\"><\/span>\n<\/p><div class=\"wpcf7-response-output\" aria-hidden=\"true\"><\/div>\n<\/form>\n<\/div>\n[\/vc_column_text][\/vc_column][\/vc_row]<\/p>\n","protected":false},"excerpt":{"rendered":"<p>[vc_row full_width=&#8221;stretch_row_content_no_spaces&#8221; content_placement=&#8221;top&#8221; el_id=&#8221;fale&#8221; css=&#8221;.vc_custom_1578950110968{margin-top: 0px !important;margin-bottom: 0px !important;background-color: #ffffff !important;}&#8221;][vc_column][vc_column_text]Preencha o formul\u00e1rio para enviar sua mensagem sobre: d\u00favidas, sugest\u00f5es, elogios ou cr\u00edticas, que em&#8230;<\/p>\n","protected":false},"author":1,"featured_media":0,"parent":0,"menu_order":0,"comment_status":"closed","ping_status":"closed","template":"full-width-page.php","meta":{"footnotes":""},"class_list":["post-197","page","type-page","status-publish","hentry"],"yoast_head":"<!-- This site is optimized with the Yoast SEO Premium plugin v16.3 (Yoast SEO v23.6) - https:\/\/yoast.com\/wordpress\/plugins\/seo\/ -->\n<title>Chat Online | MeuBANCOnoClick<\/title>\n<meta name=\"description\" content=\"Fale AGORA com um de nossos experts atrav\u00e9s do Chat On-line. CLIQUE!\" \/>\n<meta name=\"robots\" content=\"index, follow, max-snippet:-1, max-image-preview:large, max-video-preview:-1\" \/>\n<link rel=\"canonical\" href=\"https:\/\/meubanconoclick.com.br\/fale-conosco\/\" \/>\n<meta property=\"og:locale\" content=\"pt_BR\" \/>\n<meta property=\"og:type\" content=\"article\" \/>\n<meta property=\"og:title\" content=\"Chat Online | MeuBANCOnoClick\" \/>\n<meta property=\"og:description\" content=\"Fale AGORA com um de nossos experts atrav\u00e9s do Chat On-line. CLIQUE!\" \/>\n<meta property=\"og:url\" content=\"https:\/\/meubanconoclick.com.br\/fale-conosco\/\" \/>\n<meta property=\"og:site_name\" content=\"MeuBANCOnoClick\" \/>\n<meta property=\"article:modified_time\" content=\"2020-01-13T21:27:17+00:00\" \/>\n<meta name=\"twitter:card\" content=\"summary_large_image\" \/>\n<script type=\"application\/ld+json\" class=\"yoast-schema-graph\">{\"@context\":\"https:\/\/schema.org\",\"@graph\":[{\"@type\":\"WebPage\",\"@id\":\"https:\/\/meubanconoclick.com.br\/fale-conosco\/\",\"url\":\"https:\/\/meubanconoclick.com.br\/fale-conosco\/\",\"name\":\"Chat Online | MeuBANCOnoClick\",\"isPartOf\":{\"@id\":\"https:\/\/meubanconoclick.com.br\/#website\"},\"datePublished\":\"2017-08-13T09:32:23+00:00\",\"dateModified\":\"2020-01-13T21:27:17+00:00\",\"description\":\"Fale AGORA com um de nossos experts atrav\u00e9s do Chat On-line. CLIQUE!\",\"breadcrumb\":{\"@id\":\"https:\/\/meubanconoclick.com.br\/fale-conosco\/#breadcrumb\"},\"inLanguage\":\"pt-BR\",\"potentialAction\":[{\"@type\":\"ReadAction\",\"target\":[\"https:\/\/meubanconoclick.com.br\/fale-conosco\/\"]}]},{\"@type\":\"BreadcrumbList\",\"@id\":\"https:\/\/meubanconoclick.com.br\/fale-conosco\/#breadcrumb\",\"itemListElement\":[{\"@type\":\"ListItem\",\"position\":1,\"name\":\"In\u00edcio\",\"item\":\"https:\/\/meubanconoclick.com\/\"},{\"@type\":\"ListItem\",\"position\":2,\"name\":\"Escreva-nos\"}]},{\"@type\":\"WebSite\",\"@id\":\"https:\/\/meubanconoclick.com.br\/#website\",\"url\":\"https:\/\/meubanconoclick.com.br\/\",\"name\":\"MeuBANCOnoClick\",\"description\":\"MeuBANCOnoClick\",\"potentialAction\":[{\"@type\":\"SearchAction\",\"target\":{\"@type\":\"EntryPoint\",\"urlTemplate\":\"https:\/\/meubanconoclick.com.br\/?s={search_term_string}\"},\"query-input\":{\"@type\":\"PropertyValueSpecification\",\"valueRequired\":true,\"valueName\":\"search_term_string\"}}],\"inLanguage\":\"pt-BR\"}]}<\/script>\n<!-- \/ Yoast SEO Premium plugin. -->","yoast_head_json":{"title":"Chat Online | MeuBANCOnoClick","description":"Fale AGORA com um de nossos experts atrav\u00e9s do Chat On-line. CLIQUE!","robots":{"index":"index","follow":"follow","max-snippet":"max-snippet:-1","max-image-preview":"max-image-preview:large","max-video-preview":"max-video-preview:-1"},"canonical":"https:\/\/meubanconoclick.com.br\/fale-conosco\/","og_locale":"pt_BR","og_type":"article","og_title":"Chat Online | MeuBANCOnoClick","og_description":"Fale AGORA com um de nossos experts atrav\u00e9s do Chat On-line. CLIQUE!","og_url":"https:\/\/meubanconoclick.com.br\/fale-conosco\/","og_site_name":"MeuBANCOnoClick","article_modified_time":"2020-01-13T21:27:17+00:00","twitter_card":"summary_large_image","schema":{"@context":"https:\/\/schema.org","@graph":[{"@type":"WebPage","@id":"https:\/\/meubanconoclick.com.br\/fale-conosco\/","url":"https:\/\/meubanconoclick.com.br\/fale-conosco\/","name":"Chat Online | MeuBANCOnoClick","isPartOf":{"@id":"https:\/\/meubanconoclick.com.br\/#website"},"datePublished":"2017-08-13T09:32:23+00:00","dateModified":"2020-01-13T21:27:17+00:00","description":"Fale AGORA com um de nossos experts atrav\u00e9s do Chat On-line. CLIQUE!","breadcrumb":{"@id":"https:\/\/meubanconoclick.com.br\/fale-conosco\/#breadcrumb"},"inLanguage":"pt-BR","potentialAction":[{"@type":"ReadAction","target":["https:\/\/meubanconoclick.com.br\/fale-conosco\/"]}]},{"@type":"BreadcrumbList","@id":"https:\/\/meubanconoclick.com.br\/fale-conosco\/#breadcrumb","itemListElement":[{"@type":"ListItem","position":1,"name":"In\u00edcio","item":"https:\/\/meubanconoclick.com\/"},{"@type":"ListItem","position":2,"name":"Escreva-nos"}]},{"@type":"WebSite","@id":"https:\/\/meubanconoclick.com.br\/#website","url":"https:\/\/meubanconoclick.com.br\/","name":"MeuBANCOnoClick","description":"MeuBANCOnoClick","potentialAction":[{"@type":"SearchAction","target":{"@type":"EntryPoint","urlTemplate":"https:\/\/meubanconoclick.com.br\/?s={search_term_string}"},"query-input":{"@type":"PropertyValueSpecification","valueRequired":true,"valueName":"search_term_string"}}],"inLanguage":"pt-BR"}]}},"_links":{"self":[{"href":"https:\/\/11ponto11servidor.com.br\/mbanco\/wp-json\/wp\/v2\/pages\/197"}],"collection":[{"href":"https:\/\/11ponto11servidor.com.br\/mbanco\/wp-json\/wp\/v2\/pages"}],"about":[{"href":"https:\/\/11ponto11servidor.com.br\/mbanco\/wp-json\/wp\/v2\/types\/page"}],"author":[{"embeddable":true,"href":"https:\/\/11ponto11servidor.com.br\/mbanco\/wp-json\/wp\/v2\/users\/1"}],"replies":[{"embeddable":true,"href":"https:\/\/11ponto11servidor.com.br\/mbanco\/wp-json\/wp\/v2\/comments?post=197"}],"version-history":[{"count":3,"href":"https:\/\/11ponto11servidor.com.br\/mbanco\/wp-json\/wp\/v2\/pages\/197\/revisions"}],"predecessor-version":[{"id":3487,"href":"https:\/\/11ponto11servidor.com.br\/mbanco\/wp-json\/wp\/v2\/pages\/197\/revisions\/3487"}],"wp:attachment":[{"href":"https:\/\/11ponto11servidor.com.br\/mbanco\/wp-json\/wp\/v2\/media?parent=197"}],"curies":[{"name":"wp","href":"https:\/\/api.w.org\/{rel}","templated":true}]}}