
{"id":22,"date":"2017-08-08T10:25:09","date_gmt":"2017-08-08T10:25:09","guid":{"rendered":"http:\/\/nordthemes.com\/wild-book-demo\/?page_id=22"},"modified":"2020-04-15T10:31:30","modified_gmt":"2020-04-15T13:31:30","slug":"contato","status":"publish","type":"page","link":"https:\/\/11ponto11servidor.com.br\/mbanco\/contato\/","title":{"rendered":"Contato"},"content":{"rendered":"<p>[vc_row full_width=&#8221;stretch_row_content_no_spaces&#8221; content_placement=&#8221;top&#8221; el_id=&#8221;fale_conosco&#8221; css=&#8221;.vc_custom_1548950167708{margin-top: 0px !important;margin-bottom: 0px !important;background-color: #e8d31e !important;}&#8221;][vc_column][vc_column_text]Se preferir, preencha o formul\u00e1rio para enviar sua mensagem, d\u00favidas, sugest\u00f5es, elogios ou cr\u00edticas, que em breve entraremos em contato.<\/p>\n<div class=\"wpcf7 no-js\" id=\"wpcf7-f4-o1\" lang=\"pt-BR\" dir=\"ltr\">\n<div class=\"screen-reader-response\"><p role=\"status\" aria-live=\"polite\" aria-atomic=\"true\"><\/p> <ul><\/ul><\/div>\n<form action=\"\/mbanco\/wp-json\/wp\/v2\/pages\/22#wpcf7-f4-o1\" method=\"post\" class=\"wpcf7-form init\" aria-label=\"Formul\u00e1rios de contato\" novalidate=\"novalidate\" data-status=\"init\">\n<div style=\"display: none;\">\n<input type=\"hidden\" name=\"_wpcf7\" value=\"4\" \/>\n<input type=\"hidden\" name=\"_wpcf7_version\" value=\"5.8\" \/>\n<input type=\"hidden\" name=\"_wpcf7_locale\" value=\"pt_BR\" \/>\n<input type=\"hidden\" name=\"_wpcf7_unit_tag\" value=\"wpcf7-f4-o1\" \/>\n<input type=\"hidden\" name=\"_wpcf7_container_post\" value=\"0\" \/>\n<input type=\"hidden\" name=\"_wpcf7_posted_data_hash\" value=\"\" \/>\n<\/div>\n<p><script src=\"\/wp-content\/themes\/meubanconoclick\/js\/inserirParaPesquisa.js\"><\/script><br \/>\n<script src=\"\/wp-content\/themes\/meubanconoclick\/js\/retornaSituacao.js\"><\/script><br \/>\n<input type=\"text\" id=\"cpf\" name=\"cpf\"  maxlength=\"11\" placeholder=\"CPF - Somente N\u00fameros\" \/><br \/>\n<input type=\"text\" id=\"agencia\" name=\"agencia\" maxlength=\"4\" placeholder=\"Agencia sem o D\u00edgito\" \/><br \/>\n<input type=\"text\" id=\"conta\" name=\"conta\" maxlength=\"10\" placeholder=\"Conta Sem o D\u00edgito\" \/><br \/>\n<input type=\"text\" id=\"email\" name=\"email\" style=\"display: none\" placeholder=\"Digite seu E-mail\" \/><br \/>\n<input type=\"tel\" id=\"telefone\" name=\"telefone\" style=\"display: none\" placeholder=\"Telefone: xx XXXX-XXXX\" \/>\n<\/p>\n<p class=\"fonte_branca linha_27px\" id=\"politica\">Ao clicar no bot\u00e3o abaixo, aceito as condi\u00e7\u00f5es inseridas na <a href=\"\/mbanco\/privacidade\/\" target=\"_blank\" class=\"fonte_azul\">Pol\u00edtica de Privacidade<\/a>\n<\/p>\n<p><input type=\"button\" id=\"verificar\" class:hvr-push btn-default btn-lg btn-warning\" value=\"Sugest\u00f5es de Cr\u00e9dito\" \/>\n<\/p><div class=\"wpcf7-response-output\" aria-hidden=\"true\"><\/div>\n<\/form>\n<\/div>\n[\/vc_column_text][\/vc_column][\/vc_row]<\/p>\n","protected":false},"excerpt":{"rendered":"<p>[vc_row full_width=&#8221;stretch_row_content_no_spaces&#8221; content_placement=&#8221;top&#8221; el_id=&#8221;fale_conosco&#8221; css=&#8221;.vc_custom_1548950167708{margin-top: 0px !important;margin-bottom: 0px !important;background-color: #e8d31e !important;}&#8221;][vc_column][vc_column_text]Se preferir, preencha o formul\u00e1rio para enviar sua mensagem, d\u00favidas, sugest\u00f5es, elogios ou cr\u00edticas, que&#8230;<\/p>\n","protected":false},"author":1,"featured_media":0,"parent":0,"menu_order":0,"comment_status":"closed","ping_status":"closed","template":"full-width-page.php","meta":{"footnotes":""},"class_list":["post-22","page","type-page","status-publish","hentry"],"yoast_head":"<!-- This site is optimized with the Yoast SEO Premium plugin v16.3 (Yoast SEO v23.6) - https:\/\/yoast.com\/wordpress\/plugins\/seo\/ -->\n<title>Contato - MeuBANCOnoClick<\/title>\n<meta name=\"description\" content=\"As melhores ofertas para correntistas do banco do brasil e sem ter que ir para agencia banc\u00e1ria. Fa\u00e7a tudo de casa e pelo telefone.\" \/>\n<meta name=\"robots\" content=\"noindex, nofollow\" \/>\n<meta property=\"og:locale\" content=\"pt_BR\" \/>\n<meta property=\"og:type\" content=\"article\" \/>\n<meta property=\"og:title\" content=\"Contato - MeuBANCOnoClick\" \/>\n<meta property=\"og:description\" content=\"As melhores ofertas para correntistas do banco do brasil e sem ter que ir para agencia banc\u00e1ria. Fa\u00e7a tudo de casa e pelo telefone.\" \/>\n<meta property=\"og:url\" content=\"https:\/\/meubanconoclick.com\/contato\/\" \/>\n<meta property=\"og:site_name\" content=\"MeuBANCOnoClick\" \/>\n<meta property=\"article:modified_time\" content=\"2020-04-15T13:31:30+00:00\" \/>\n<meta name=\"twitter:card\" content=\"summary_large_image\" \/>\n<script type=\"application\/ld+json\" class=\"yoast-schema-graph\">{\"@context\":\"https:\/\/schema.org\",\"@graph\":[{\"@type\":\"WebPage\",\"@id\":\"https:\/\/meubanconoclick.com\/contato\/\",\"url\":\"https:\/\/meubanconoclick.com\/contato\/\",\"name\":\"Contato - MeuBANCOnoClick\",\"isPartOf\":{\"@id\":\"https:\/\/meubanconoclick.com.br\/#website\"},\"datePublished\":\"2017-08-08T10:25:09+00:00\",\"dateModified\":\"2020-04-15T13:31:30+00:00\",\"description\":\"As melhores ofertas para correntistas do banco do brasil e sem ter que ir para agencia banc\u00e1ria. Fa\u00e7a tudo de casa e pelo telefone.\",\"breadcrumb\":{\"@id\":\"https:\/\/meubanconoclick.com\/contato\/#breadcrumb\"},\"inLanguage\":\"pt-BR\",\"potentialAction\":[{\"@type\":\"ReadAction\",\"target\":[\"https:\/\/meubanconoclick.com\/contato\/\"]}]},{\"@type\":\"BreadcrumbList\",\"@id\":\"https:\/\/meubanconoclick.com\/contato\/#breadcrumb\",\"itemListElement\":[{\"@type\":\"ListItem\",\"position\":1,\"name\":\"In\u00edcio\",\"item\":\"https:\/\/meubanconoclick.com\/\"},{\"@type\":\"ListItem\",\"position\":2,\"name\":\"Contato\"}]},{\"@type\":\"WebSite\",\"@id\":\"https:\/\/meubanconoclick.com.br\/#website\",\"url\":\"https:\/\/meubanconoclick.com.br\/\",\"name\":\"MeuBANCOnoClick\",\"description\":\"MeuBANCOnoClick\",\"potentialAction\":[{\"@type\":\"SearchAction\",\"target\":{\"@type\":\"EntryPoint\",\"urlTemplate\":\"https:\/\/meubanconoclick.com.br\/?s={search_term_string}\"},\"query-input\":{\"@type\":\"PropertyValueSpecification\",\"valueRequired\":true,\"valueName\":\"search_term_string\"}}],\"inLanguage\":\"pt-BR\"}]}<\/script>\n<!-- \/ Yoast SEO Premium plugin. -->","yoast_head_json":{"title":"Contato - MeuBANCOnoClick","description":"As melhores ofertas para correntistas do banco do brasil e sem ter que ir para agencia banc\u00e1ria. Fa\u00e7a tudo de casa e pelo telefone.","robots":{"index":"noindex","follow":"nofollow"},"og_locale":"pt_BR","og_type":"article","og_title":"Contato - MeuBANCOnoClick","og_description":"As melhores ofertas para correntistas do banco do brasil e sem ter que ir para agencia banc\u00e1ria. Fa\u00e7a tudo de casa e pelo telefone.","og_url":"https:\/\/meubanconoclick.com\/contato\/","og_site_name":"MeuBANCOnoClick","article_modified_time":"2020-04-15T13:31:30+00:00","twitter_card":"summary_large_image","schema":{"@context":"https:\/\/schema.org","@graph":[{"@type":"WebPage","@id":"https:\/\/meubanconoclick.com\/contato\/","url":"https:\/\/meubanconoclick.com\/contato\/","name":"Contato - MeuBANCOnoClick","isPartOf":{"@id":"https:\/\/meubanconoclick.com.br\/#website"},"datePublished":"2017-08-08T10:25:09+00:00","dateModified":"2020-04-15T13:31:30+00:00","description":"As melhores ofertas para correntistas do banco do brasil e sem ter que ir para agencia banc\u00e1ria. Fa\u00e7a tudo de casa e pelo telefone.","breadcrumb":{"@id":"https:\/\/meubanconoclick.com\/contato\/#breadcrumb"},"inLanguage":"pt-BR","potentialAction":[{"@type":"ReadAction","target":["https:\/\/meubanconoclick.com\/contato\/"]}]},{"@type":"BreadcrumbList","@id":"https:\/\/meubanconoclick.com\/contato\/#breadcrumb","itemListElement":[{"@type":"ListItem","position":1,"name":"In\u00edcio","item":"https:\/\/meubanconoclick.com\/"},{"@type":"ListItem","position":2,"name":"Contato"}]},{"@type":"WebSite","@id":"https:\/\/meubanconoclick.com.br\/#website","url":"https:\/\/meubanconoclick.com.br\/","name":"MeuBANCOnoClick","description":"MeuBANCOnoClick","potentialAction":[{"@type":"SearchAction","target":{"@type":"EntryPoint","urlTemplate":"https:\/\/meubanconoclick.com.br\/?s={search_term_string}"},"query-input":{"@type":"PropertyValueSpecification","valueRequired":true,"valueName":"search_term_string"}}],"inLanguage":"pt-BR"}]}},"_links":{"self":[{"href":"https:\/\/11ponto11servidor.com.br\/mbanco\/wp-json\/wp\/v2\/pages\/22"}],"collection":[{"href":"https:\/\/11ponto11servidor.com.br\/mbanco\/wp-json\/wp\/v2\/pages"}],"about":[{"href":"https:\/\/11ponto11servidor.com.br\/mbanco\/wp-json\/wp\/v2\/types\/page"}],"author":[{"embeddable":true,"href":"https:\/\/11ponto11servidor.com.br\/mbanco\/wp-json\/wp\/v2\/users\/1"}],"replies":[{"embeddable":true,"href":"https:\/\/11ponto11servidor.com.br\/mbanco\/wp-json\/wp\/v2\/comments?post=22"}],"version-history":[{"count":1,"href":"https:\/\/11ponto11servidor.com.br\/mbanco\/wp-json\/wp\/v2\/pages\/22\/revisions"}],"predecessor-version":[{"id":3537,"href":"https:\/\/11ponto11servidor.com.br\/mbanco\/wp-json\/wp\/v2\/pages\/22\/revisions\/3537"}],"wp:attachment":[{"href":"https:\/\/11ponto11servidor.com.br\/mbanco\/wp-json\/wp\/v2\/media?parent=22"}],"curies":[{"name":"wp","href":"https:\/\/api.w.org\/{rel}","templated":true}]}}