{"id":1065,"date":"2017-07-26T18:50:46","date_gmt":"2017-07-26T21:50:46","guid":{"rendered":"http:\/\/11ponto11servidor.com.br\/seguro\/?page_id=1065"},"modified":"2021-02-17T18:48:29","modified_gmt":"2021-02-17T21:48:29","slug":"politica-de-privacidade","status":"publish","type":"page","link":"https:\/\/11ponto11servidor.com.br\/seguro\/politica-de-privacidade\/","title":{"rendered":"Pol\u00edtica de Privacidade"},"content":{"rendered":"<section class=\"l-section wpb_row us_custom_da65c38a height_auto\"><div class=\"l-section-h i-cf\"><div class=\"g-cols vc_row type_default valign_top\"><div class=\"vc_col-sm-12 wpb_column vc_column_container\"><div class=\"vc_column-inner\"><div class=\"wpb_wrapper\"><div class=\"wpb_text_column\" ><div class=\"wpb_wrapper\"><p><b>Data de entrada em vigor:<b> 22 de setembro de 2017.<\/b><\/b><\/p>\n<p>A privacidade \u00e9 importante e n\u00f3s respeitamos a sua. Nosso objetivo \u00e9 fazer mais do que o exigido por lei \u2013 queremos ganhar a sua confian\u00e7a de que somos cuidadosos com seus dados.<\/p>\n<h2>Informa\u00e7\u00e3o geral<\/h2>\n<p>Esta pol\u00edtica define nossas pr\u00e1ticas de privacidade e explica como manuseamos as informa\u00e7\u00f5es que coletamos quando voc\u00ea acessa nosso conte\u00fado, seja ele em nosso site ou aplicativos m\u00f3veis.<\/p>\n<h2>O que podemos coletar<\/h2>\n<p>Coletamos informa\u00e7\u00f5es sobre quais p\u00e1ginas voc\u00ea acessa, informa\u00e7\u00f5es sobre o dispositivo m\u00f3vel (como dispositivo ou tipo de navegador), informa\u00e7\u00f5es que voc\u00ea nos envia (por exemplo, um endere\u00e7o de e-mail usado para se registrar ou se comunicar conosco) e informa\u00e7\u00f5es de refer\u00eancia.<\/p>\n<p>Quando voc\u00ea acessa \u201cBlog do Sr. SIAPE\u201d, podemos coletar e armazenar seu endere\u00e7o IP. Podemos usar essas informa\u00e7\u00f5es para combater o spam e outros abusos; Para personalizar \u201cBlog do Sr. SIAPE\u201d; Ou para gerar informa\u00e7\u00f5es agregadas e n\u00e3o-identificadoras sobre como as pessoas acessam \u201cBlog do Sr. SIAPE\u201d.<\/p>\n<h2>E-mail de \u201cBlog do Sr. SIAPE\u201d<\/h2>\n<p>Enviaremos e-mails com notifica\u00e7\u00f5es de novas mat\u00e9rias, servi\u00e7os, produtos ou novas pol\u00edticas.<\/p>\n<h2>Divulga\u00e7\u00e3o de suas informa\u00e7\u00f5es<\/h2>\n<p>&#8211; Como regra geral, n\u00e3o compartilhamos suas informa\u00e7\u00f5es pessoais.<br \/>\n&#8211; N\u00e3o venderemos suas informa\u00e7\u00f5es pessoais.<\/p>\n<p>Podemos compartilhar suas informa\u00e7\u00f5es pessoais com terceiros em circunst\u00e2ncias limitadas, incluindo: (1) com o seu consentimento; (2) para um fornecedor ou parceiro que atenda aos nossos padr\u00f5es de prote\u00e7\u00e3o de dados; Ou (3) quando temos uma boa f\u00e9 acreditam que \u00e9 exigido por lei, como em conformidade com uma intima\u00e7\u00e3o ou outro processo legal.<\/p>\n<h2>Cookies<\/h2>\n<p>Usamos cookies e tecnologias semelhantes, como pixels e armazenamento local, para reconhec\u00ea-lo quando voc\u00ea retornar ao nosso site. Utilizamos cookies de v\u00e1rias formas, por exemplo, lembrar suas prefer\u00eancias, avaliar a efic\u00e1cia do e-mail, exibir an\u00fancios relevantes e personalizar as informa\u00e7\u00f5es.<\/p>\n<h2>Armazenamento de dados<\/h2>\n<p>\u201cBlog do Sr. SIAPE\u201d usa fornecedores de terceiros e parceiros de hospedagem, como a Cloudflare, para hardware, software, rede, armazenamento e tecnologia relacionada que precisamos para executar o \u201cBlog do Sr. SIAPE\u201d. N\u00f3s mantemos dois tipos de logs: logs do servidor e logs de eventos.<\/p>\n<h2>Seguran\u00e7a de dados<\/h2>\n<p>Usamos criptografia (HTTPS \/ TLS) para proteger os dados transmitidos de e para o nosso site. No entanto, nenhuma transmiss\u00e3o de dados pela Internet \u00e9 100% segura, por isso n\u00e3o podemos garantir integralmente a seguran\u00e7a. Recomendamos que tenha sempre medidas complementares, como antiv\u00edrus ativado e atualizado.<\/p>\n<h2>Altera\u00e7\u00f5es a esta Pol\u00edtica<\/h2>\n<p>\u201cBlog do Sr. SIAPE\u201d pode atualizar periodicamente esta Pol\u00edtica. Avisaremos sobre altera\u00e7\u00f5es significativas.<\/p>\n<h2>Perguntas<\/h2>\n<p>Em caso de d\u00favidas, preocupa\u00e7\u00f5es e coment\u00e1rios sobre esta pol\u00edtica escreva para \u201cBlog do Sr. SIAPE\u201d utilizando: contato@srsiape.com.br.<\/p>\n<\/div><\/div><\/div><\/div><\/div><\/div><\/div><\/section>\n","protected":false},"excerpt":{"rendered":"Data de entrada em vigor: 22 de setembro de 2017. A privacidade \u00e9 importante e n\u00f3s respeitamos a sua. Nosso objetivo \u00e9 fazer mais do que o exigido por lei \u2013 queremos ganhar a sua confian\u00e7a de que somos cuidadosos com seus dados. Informa\u00e7\u00e3o geral Esta pol\u00edtica define nossas pr\u00e1ticas de privacidade e explica como...","protected":false},"author":1,"featured_media":0,"parent":0,"menu_order":0,"comment_status":"closed","ping_status":"closed","template":"","meta":{"footnotes":""},"class_list":["post-1065","page","type-page","status-publish","hentry"],"yoast_head":"<!-- This site is optimized with the Yoast SEO Premium plugin v16.3 (Yoast SEO v23.6) - https:\/\/yoast.com\/wordpress\/plugins\/seo\/ -->\n<title>Pol\u00edtica de Privacidade &#8226; Blog Seguros<\/title>\n<meta name=\"robots\" content=\"index, follow, max-snippet:-1, max-image-preview:large, max-video-preview:-1\" \/>\n<link rel=\"canonical\" href=\"https:\/\/11ponto11servidor.com.br\/seguro\/politica-de-privacidade\/\" \/>\n<meta property=\"og:locale\" content=\"pt_BR\" \/>\n<meta property=\"og:type\" content=\"article\" \/>\n<meta property=\"og:title\" content=\"Pol\u00edtica de Privacidade &#8226; Blog Seguros\" \/>\n<meta property=\"og:url\" content=\"https:\/\/11ponto11servidor.com.br\/seguro\/politica-de-privacidade\/\" \/>\n<meta property=\"og:site_name\" content=\"Blog Seguros\" \/>\n<meta property=\"article:publisher\" content=\"https:\/\/facebook.com\/seuseguronoclick\" \/>\n<meta property=\"article:modified_time\" content=\"2021-02-17T21:48:29+00:00\" \/>\n<meta name=\"twitter:card\" content=\"summary_large_image\" \/>\n<meta name=\"twitter:label1\" content=\"Est. tempo de leitura\" \/>\n\t<meta name=\"twitter:data1\" content=\"2 minutos\" \/>\n<script type=\"application\/ld+json\" class=\"yoast-schema-graph\">{\"@context\":\"https:\/\/schema.org\",\"@graph\":[{\"@type\":\"WebPage\",\"@id\":\"https:\/\/11ponto11servidor.com.br\/seguro\/politica-de-privacidade\/\",\"url\":\"https:\/\/11ponto11servidor.com.br\/seguro\/politica-de-privacidade\/\",\"name\":\"Pol\u00edtica de Privacidade &#8226; Blog Seguros\",\"isPartOf\":{\"@id\":\"https:\/\/11ponto11servidor.com.br\/seguro\/#website\"},\"datePublished\":\"2017-07-26T21:50:46+00:00\",\"dateModified\":\"2021-02-17T21:48:29+00:00\",\"breadcrumb\":{\"@id\":\"https:\/\/11ponto11servidor.com.br\/seguro\/politica-de-privacidade\/#breadcrumb\"},\"inLanguage\":\"pt-BR\",\"potentialAction\":[{\"@type\":\"ReadAction\",\"target\":[\"https:\/\/11ponto11servidor.com.br\/seguro\/politica-de-privacidade\/\"]}]},{\"@type\":\"BreadcrumbList\",\"@id\":\"https:\/\/11ponto11servidor.com.br\/seguro\/politica-de-privacidade\/#breadcrumb\",\"itemListElement\":[{\"@type\":\"ListItem\",\"position\":1,\"name\":\"In\u00edcio\",\"item\":\"https:\/\/11ponto11servidor.com.br\/seguro\/\"},{\"@type\":\"ListItem\",\"position\":2,\"name\":\"Pol\u00edtica de Privacidade\"}]},{\"@type\":\"WebSite\",\"@id\":\"https:\/\/11ponto11servidor.com.br\/seguro\/#website\",\"url\":\"https:\/\/11ponto11servidor.com.br\/seguro\/\",\"name\":\"SeuSEGURONoClick\",\"description\":\"SIAPE Servidor Federal\",\"potentialAction\":[{\"@type\":\"SearchAction\",\"target\":{\"@type\":\"EntryPoint\",\"urlTemplate\":\"https:\/\/11ponto11servidor.com.br\/seguro\/?s={search_term_string}\"},\"query-input\":{\"@type\":\"PropertyValueSpecification\",\"valueRequired\":true,\"valueName\":\"search_term_string\"}}],\"inLanguage\":\"pt-BR\"}]}<\/script>\n<!-- \/ Yoast SEO Premium plugin. -->","yoast_head_json":{"title":"Pol\u00edtica de Privacidade &#8226; Blog Seguros","robots":{"index":"index","follow":"follow","max-snippet":"max-snippet:-1","max-image-preview":"max-image-preview:large","max-video-preview":"max-video-preview:-1"},"canonical":"https:\/\/11ponto11servidor.com.br\/seguro\/politica-de-privacidade\/","og_locale":"pt_BR","og_type":"article","og_title":"Pol\u00edtica de Privacidade &#8226; Blog Seguros","og_url":"https:\/\/11ponto11servidor.com.br\/seguro\/politica-de-privacidade\/","og_site_name":"Blog Seguros","article_publisher":"https:\/\/facebook.com\/seuseguronoclick","article_modified_time":"2021-02-17T21:48:29+00:00","twitter_card":"summary_large_image","twitter_misc":{"Est. tempo de leitura":"2 minutos"},"schema":{"@context":"https:\/\/schema.org","@graph":[{"@type":"WebPage","@id":"https:\/\/11ponto11servidor.com.br\/seguro\/politica-de-privacidade\/","url":"https:\/\/11ponto11servidor.com.br\/seguro\/politica-de-privacidade\/","name":"Pol\u00edtica de Privacidade &#8226; Blog Seguros","isPartOf":{"@id":"https:\/\/11ponto11servidor.com.br\/seguro\/#website"},"datePublished":"2017-07-26T21:50:46+00:00","dateModified":"2021-02-17T21:48:29+00:00","breadcrumb":{"@id":"https:\/\/11ponto11servidor.com.br\/seguro\/politica-de-privacidade\/#breadcrumb"},"inLanguage":"pt-BR","potentialAction":[{"@type":"ReadAction","target":["https:\/\/11ponto11servidor.com.br\/seguro\/politica-de-privacidade\/"]}]},{"@type":"BreadcrumbList","@id":"https:\/\/11ponto11servidor.com.br\/seguro\/politica-de-privacidade\/#breadcrumb","itemListElement":[{"@type":"ListItem","position":1,"name":"In\u00edcio","item":"https:\/\/11ponto11servidor.com.br\/seguro\/"},{"@type":"ListItem","position":2,"name":"Pol\u00edtica de Privacidade"}]},{"@type":"WebSite","@id":"https:\/\/11ponto11servidor.com.br\/seguro\/#website","url":"https:\/\/11ponto11servidor.com.br\/seguro\/","name":"SeuSEGURONoClick","description":"SIAPE Servidor Federal","potentialAction":[{"@type":"SearchAction","target":{"@type":"EntryPoint","urlTemplate":"https:\/\/11ponto11servidor.com.br\/seguro\/?s={search_term_string}"},"query-input":{"@type":"PropertyValueSpecification","valueRequired":true,"valueName":"search_term_string"}}],"inLanguage":"pt-BR"}]}},"_links":{"self":[{"href":"https:\/\/11ponto11servidor.com.br\/seguro\/wp-json\/wp\/v2\/pages\/1065"}],"collection":[{"href":"https:\/\/11ponto11servidor.com.br\/seguro\/wp-json\/wp\/v2\/pages"}],"about":[{"href":"https:\/\/11ponto11servidor.com.br\/seguro\/wp-json\/wp\/v2\/types\/page"}],"author":[{"embeddable":true,"href":"https:\/\/11ponto11servidor.com.br\/seguro\/wp-json\/wp\/v2\/users\/1"}],"replies":[{"embeddable":true,"href":"https:\/\/11ponto11servidor.com.br\/seguro\/wp-json\/wp\/v2\/comments?post=1065"}],"version-history":[{"count":0,"href":"https:\/\/11ponto11servidor.com.br\/seguro\/wp-json\/wp\/v2\/pages\/1065\/revisions"}],"wp:attachment":[{"href":"https:\/\/11ponto11servidor.com.br\/seguro\/wp-json\/wp\/v2\/media?parent=1065"}],"curies":[{"name":"wp","href":"https:\/\/api.w.org\/{rel}","templated":true}]}}