
{"id":6534,"date":"2021-09-10T21:58:05","date_gmt":"2021-09-10T18:58:05","guid":{"rendered":"https:\/\/seucreditonoclick.com.br\/?page_id=6534"},"modified":"2022-08-18T17:21:54","modified_gmt":"2022-08-18T14:21:54","slug":"simular-calcular-credito-emprestimo-consignado-siape","status":"publish","type":"page","link":"https:\/\/11ponto11servidor.com.br\/siape\/simular-calcular-credito-emprestimo-consignado-siape\/","title":{"rendered":"novo tema simular calcular credito empr\u00e9stimo consignado siape"},"content":{"rendered":"<p>[vc_row][vc_column][vc_wp_text]<\/p>\n<section id=\"nossa_consultoria\" class=\"section grid-x section_media_padding\">\n<div class=\"cell small-12 medium-12 text-center\">\n<h2 class=\"titulo_sessao \">Solicite nossa consultoria<\/h2>\n<p class=\"sub_titulo_sessao arial\">Fale conosco agora para obter seu cr\u00e9dito<\/p>\n<p>Atendimento de Segunda \u00e0 Sexta-feira, das 9h \u00e0s 18h.<\/p><\/div>\n<\/section>\n<p>[\/vc_wp_text][vc_raw_html]JTNDc2VjdGlvbiUyMGNsYXNzJTNEJTIyc2VjdGlvbiUyMGdyaWQteCUyMG5vc3NhX2NvbnN1bHRvcmlhX2IlMjAlMjIlMjBpZCUzRCUyMm5vc3NhX2NvbnN1bHRvcmlhJTIyJTNFJTNDZGl2JTIwY2xhc3MlM0QlMjJtYXJnaW4tYXV0byUyMHRleHQtY2VudGVyJTIwZmxleF9jb2x1bW5fbW9iaWxlJTIyJTNFJTBBJTIwJTIwJTIwJTIwJTIwJTIwJTIwJTIwJTIwJTIwJTIwJTIwJTNDYSUyMGhyZWYlM0QlMjJodHRwcyUzQSUyRiUyRmFwaS53aGF0c2FwcC5jb20lMkZzZW5kJTNGcGhvbmUlM0Q1NTA4MDA3ODAxMTExJTI2dGV4dCUzRE9sJTI1QzMlMjVBMSUyQyUyNTIwZ29zdGFyaWElMjUyMGRlJTI1MjBtYWlzJTI1MjBpbmZvcm1hJTI1QzMlMjVBNyUyNUMzJTI1QjVlcyUyNTIwc29icmUlMjUyMGNyJTI1QzMlMjVBOWRpdG8lMjIlMjBjbGFzcyUzRCUyMmJvdGFvX2ludGVyYXRpdm9fcGVyc3Vhc2l2byUyMGJvdGFvX2ludGVyYXRpdm9fcGVyc3Vhc2l2b19ib2xkJTIyJTNFJTIwJTNDc3BhbiUzRSUyMENvbnRyYXRlJTIwT25saW5lJTIwJTIwJTNDJTJGc3BhbiUzRSUyMCUzQyUyRmElM0UlMEElMjAlMjAlMjAlMjAlMjAlMjAlMjAlMjAlMjAlMjAlMjAlMjAlM0NhJTIwaHJlZiUzRCUyMmh0dHBzJTNBJTJGJTJGYXBpLndoYXRzYXBwLmNvbSUyRnNlbmQlM0ZwaG9uZSUzRDU1MDgwMDc4MDExMTElMjIlMjBjbGFzcyUzRCUyMmJvdGFvX2ludGVyYXRpdm9fcGVyc3Vhc2l2byUyMGJvdGFvX2ludGVyYXRpdm9fcGVyc3Vhc2l2b19ib2xkJTIyJTNFJTIwJTNDc3BhbiUyMHN0eWxlJTNEJTIybWFyZ2luLXJpZ2h0JTNBMTBweCUyMiUyMCUyMCUzRSUyMCUyMCUzQ3N2ZyUyMHhtbG5zJTNEJTIyaHR0cCUzQSUyRiUyRnd3dy53My5vcmclMkYyMDAwJTJGc3ZnJTIyJTIwd2lkdGglM0QlMjIyMi4wMjQlMjIlMjBoZWlnaHQlM0QlMjIyMi4wMjQlMjIlMjB2aWV3Qm94JTNEJTIyMCUyMDAlMjAyMi4wMjQlMjAyMi4wMjQlMjIlM0UlM0NkZWZzJTNFJTNDc3R5bGUlM0UueCU3QmZpbGwlM0ElMjM4N2JkMWElM0IlN0QlM0MlMkZzdHlsZSUzRSUzQyUyRmRlZnMlM0UlM0NwYXRoJTIwY2xhc3MlM0QlMjJ4JTIyJTIwZCUzRCUyMk0xOC43MjUlMkM1LjQ1QTEwLjkxNyUyQzEwLjkxNyUyQzAlMkMwJTJDMCUyQzEuNTQ5JTJDMTguNjJMMCUyQzI0LjI3NGw1Ljc4Ni0xLjUxOUExMC44OCUyQzEwLjg4JTJDMCUyQzAlMkMwJTJDMTElMkMyNC4wODJoMEExMS4wMTklMkMxMS4wMTklMkMwJTJDMCUyQzAlMkMyMi4wMjQlMkMxMy4xNjlhMTAuOTU3JTJDMTAuOTU3JTJDMCUyQzAlMkMwLTMuMy03LjcxOFpNMTEuMDA3JTJDMjIuMjQ0QTkuMDU1JTJDOS4wNTUlMkMwJTJDMCUyQzElMkM2LjM4NiUyQzIwLjk4bC0uMzI5LS4yLTMuNDMxLjkuOTE0LTMuMzQ4LS4yMTYtLjM0NEE5LjA4OSUyQzkuMDg5JTJDMCUyQzElMkMxJTJDMjAuMTglMkMxMy4xNjklMkM5LjE3MiUyQzkuMTcyJTJDMCUyQzAlMkMxJTJDMTEuMDA3JTJDMjIuMjQ0Wm00Ljk3NS02Ljc5NGMtLjI3LS4xMzgtMS42MTItLjgtMS44NjMtLjg4NXMtLjQzMy0uMTM4LS42MTUuMTM4LS43Ljg4NS0uODY1JTJDMS4wNzItLjMyLjIwNi0uNTkuMDY5QTcuNDIzJTJDNy40MjMlMkMwJTJDMCUyQzElMkM4LjMzOCUyQzEyLjZjLS4yOC0uNDgyLjI4LS40NDcuOC0xLjQ5YS41MDUuNTA1JTJDMCUyQzAlMkMwLS4wMjUtLjQ3N2MtLjA2OS0uMTM4LS42MTUtMS40OC0uODQxLTIuMDI1cy0uNDQ3LS40NTctLjYxNS0uNDY3LS4zMzktLjAxLS41MjEtLjAxYTEuMDElMkMxLjAxJTJDMCUyQzAlMkMwLS43MjguMzM5JTJDMy4wNjQlMkMzLjA2NCUyQzAlMkMwJTJDMC0uOTU0JTJDMi4yNzYlMkM1LjM0MiUyQzUuMzQyJTJDMCUyQzAlMkMwJTJDMS4xMTElMkMyLjgyMiUyQzEyLjE4NiUyQzEyLjE4NiUyQzAlMkMwJTJDMCUyQzQuNjYlMkM0LjEyJTJDNS4zMzYlMkM1LjMzNiUyQzAlMkMwJTJDMCUyQzMuMjc0LjY4MyUyQzIuNzkzJTJDMi43OTMlMkMwJTJDMCUyQzAlMkMxLjgzOS0xLjMlMkMyLjI4MSUyQzIuMjgxJTJDMCUyQzAlMkMwJTJDLjE1Ny0xLjNDMTYuNDM0JTJDMTUuNjUxJTJDMTYuMjUyJTJDMTUuNTgyJTJDMTUuOTgyJTJDMTUuNDVaJTIyJTIwdHJhbnNmb3JtJTNEJTIydHJhbnNsYXRlJTI4MCUyMC0yLjI1JTI5JTIyJTNFJTNDJTJGcGF0aCUzRSUzQyUyRnN2ZyUzRSUwQSUyMCUyMCUyMCUyMCUyMCUyMCUyMCUyMCUyMCUyMCUyMCUyMCUyMCUyMCUyMCUyMCUyMCUyMCUyMFdoYXRzQXBwJTIwJTNDJTJGc3BhbiUzRSUyMCUzQyUyRmElM0UlMEElMjAlMjAlMjAlMjAlMjAlMjAlMjAlMjAlMjAlMjAlMjAlMjAlM0NhJTIwaHJlZiUzRCUyMnRlbCUzQTU1MDgwMDc4MDExMTElMjIlMjBjbGFzcyUzRCUyMmJvdGFvX2ludGVyYXRpdm9fcGVyc3Vhc2l2byUyMGJvdGFvX2ludGVyYXRpdm9fcGVyc3Vhc2l2b19ib2xkJTIyJTNFJTIwJTNDc3BhbiUzRSUyMExpZ3VlJTIwMDgwMCUyMDc4MCUyMDExMTElMjAlMjAlM0MlMkZzcGFuJTNFJTIwJTNDJTJGYSUzRSUwQSUyMCUyMCUyMCUyMCUyMCUyMCUzQyUyRmRpdiUzRSUwQSUyMCUzQyUyRnNlY3Rpb24lM0UlMEElM0MlMkZzZWN0aW9uJTNFJTBB[\/vc_raw_html][vc_wp_text]<\/p>\n<section id=\"nossa_consultoria\" class=\"section grid-x section_media\">\n<div class=\"cell small-12 medium-12 text-center\">\n<h2 class=\"titulo_sessao \">Ou Ative Radar para agendamento de contato<\/h2>\n<p>Levantaremos Margens de Empr\u00e9stimo e Cart\u00e3o Consignado, Saques Emergenciais, Refinanciamentos, Linhas de Cr\u00e9dito <br class=\"show-for-desk\" \/>no Banco do Brasil, se Correntista. Diversas Linhas dispon\u00edveis para sua decis\u00e3o.<\/div>\n<\/section>\n<p>[\/vc_wp_text][\/vc_column][\/vc_row]<\/p>\n","protected":false},"excerpt":{"rendered":"<p>[vc_row][vc_column][vc_wp_text] Solicite nossa consultoria Fale conosco agora para obter seu cr\u00e9dito Atendimento de Segunda \u00e0 Sexta-feira, das 9h \u00e0s 18h. [\/vc_wp_text][vc_raw_html]JTNDc2VjdGlvbiUyMGNsYXNzJTNEJTIyc2VjdGlvbiUyMGdyaWQteCUyMG5vc3NhX2NvbnN1bHRvcmlhX2IlMjAlMjIlMjBpZCUzRCUyMm5vc3NhX2NvbnN1bHRvcmlhJTIyJTNFJTNDZGl2JTIwY2xhc3MlM0QlMjJtYXJnaW4tYXV0byUyMHRleHQtY2VudGVyJTIwZmxleF9jb2x1bW5fbW9iaWxlJTIyJTNFJTBBJTIwJTIwJTIwJTIwJTIwJTIwJTIwJTIwJTIwJTIwJTIwJTIwJTNDYSUyMGhyZWYlM0QlMjJodHRwcyUzQSUyRiUyRmFwaS53aGF0c2FwcC5jb20lMkZzZW5kJTNGcGhvbmUlM0Q1NTA4MDA3ODAxMTExJTI2dGV4dCUzRE9sJTI1QzMlMjVBMSUyQyUyNTIwZ29zdGFyaWElMjUyMGRlJTI1MjBtYWlzJTI1MjBpbmZvcm1hJTI1QzMlMjVBNyUyNUMzJTI1QjVlcyUyNTIwc29icmUlMjUyMGNyJTI1QzMlMjVBOWRpdG8lMjIlMjBjbGFzcyUzRCUyMmJvdGFvX2ludGVyYXRpdm9fcGVyc3Vhc2l2byUyMGJvdGFvX2ludGVyYXRpdm9fcGVyc3Vhc2l2b19ib2xkJTIyJTNFJTIwJTNDc3BhbiUzRSUyMENvbnRyYXRlJTIwT25saW5lJTIwJTIwJTNDJTJGc3BhbiUzRSUyMCUzQyUyRmElM0UlMEElMjAlMjAlMjAlMjAlMjAlMjAlMjAlMjAlMjAlMjAlMjAlMjAlM0NhJTIwaHJlZiUzRCUyMmh0dHBzJTNBJTJGJTJGYXBpLndoYXRzYXBwLmNvbSUyRnNlbmQlM0ZwaG9uZSUzRDU1MDgwMDc4MDExMTElMjIlMjBjbGFzcyUzRCUyMmJvdGFvX2ludGVyYXRpdm9fcGVyc3Vhc2l2byUyMGJvdGFvX2ludGVyYXRpdm9fcGVyc3Vhc2l2b19ib2xkJTIyJTNFJTIwJTNDc3BhbiUyMHN0eWxlJTNEJTIybWFyZ2luLXJpZ2h0JTNBMTBweCUyMiUyMCUyMCUzRSUyMCUyMCUzQ3N2ZyUyMHhtbG5zJTNEJTIyaHR0cCUzQSUyRiUyRnd3dy53My5vcmclMkYyMDAwJTJGc3ZnJTIyJTIwd2lkdGglM0QlMjIyMi4wMjQlMjIlMjBoZWlnaHQlM0QlMjIyMi4wMjQlMjIlMjB2aWV3Qm94JTNEJTIyMCUyMDAlMjAyMi4wMjQlMjAyMi4wMjQlMjIlM0UlM0NkZWZzJTNFJTNDc3R5bGUlM0UueCU3QmZpbGwlM0ElMjM4N2JkMWElM0IlN0QlM0MlMkZzdHlsZSUzRSUzQyUyRmRlZnMlM0UlM0NwYXRoJTIwY2xhc3MlM0QlMjJ4JTIyJTIwZCUzRCUyMk0xOC43MjUlMkM1LjQ1QTEwLjkxNyUyQzEwLjkxNyUyQzAlMkMwJTJDMCUyQzEuNTQ5JTJDMTguNjJMMCUyQzI0LjI3NGw1Ljc4Ni0xLjUxOUExMC44OCUyQzEwLjg4JTJDMCUyQzAlMkMwJTJDMTElMkMyNC4wODJoMEExMS4wMTklMkMxMS4wMTklMkMwJTJDMCUyQzAlMkMyMi4wMjQlMkMxMy4xNjlhMTAuOTU3JTJDMTAuOTU3JTJDMCUyQzAlMkMwLTMuMy03LjcxOFpNMTEuMDA3JTJDMjIuMjQ0QTkuMDU1JTJDOS4wNTUlMkMwJTJDMCUyQzElMkM2LjM4NiUyQzIwLjk4bC0uMzI5LS4yLTMuNDMxLjkuOTE0LTMuMzQ4LS4yMTYtLjM0NEE5LjA4OSUyQzkuMDg5JTJDMCUyQzElMkMxJTJDMjAuMTglMkMxMy4xNjklMkM5LjE3MiUyQzkuMTcyJTJDMCUyQzAlMkMxJTJDMTEuMDA3JTJDMjIuMjQ0Wm00Ljk3NS02Ljc5NGMtLjI3LS4xMzgtMS42MTItLjgtMS44NjMtLjg4NXMtLjQzMy0uMTM4LS42MTUuMTM4LS43Ljg4NS0uODY1JTJDMS4wNzItLjMyLjIwNi0uNTkuMDY5QTcuNDIzJTJDNy40MjMlMkMwJTJDMCUyQzElMkM4LjMzOCUyQzEyLjZjLS4yOC0uNDgyLjI4LS40NDcuOC0xLjQ5YS41MDUuNTA1JTJDMCUyQzAlMkMwLS4wMjUtLjQ3N2MtLjA2OS0uMTM4LS42MTUtMS40OC0uODQxLTIuMDI1cy0uNDQ3LS40NTctLjYxNS0uNDY3LS4zMzktLjAxLS41MjEtLjAxYTEuMDElMkMxLjAxJTJDMCUyQzAlMkMwLS43MjguMzM5JTJDMy4wNjQlMkMzLjA2NCUyQzAlMkMwJTJDMC0uOTU0JTJDMi4yNzYlMkM1LjM0MiUyQzUuMzQyJTJDMCUyQzAlMkMwJTJDMS4xMTElMkMyLjgyMiUyQzEyLjE4NiUyQzEyLjE4NiUyQzAlMkMwJTJDMCUyQzQuNjYlMkM0LjEyJTJDNS4zMzYlMkM1LjMzNiUyQzAlMkMwJTJDMCUyQzMuMjc0LjY4MyUyQzIuNzkzJTJDMi43OTMlMkMwJTJDMCUyQzAlMkMxLjgzOS0xLjMlMkMyLjI4MSUyQzIuMjgxJTJDMCUyQzAlMkMwJTJDLjE1Ny0xLjNDMTYuNDM0JTJDMTUuNjUxJTJDMTYuMjUyJTJDMTUuNTgyJTJDMTUuOTgyJTJDMTUuNDVaJTIyJTIwdHJhbnNmb3JtJTNEJTIydHJhbnNsYXRlJTI4MCUyMC0yLjI1JTI5JTIyJTNFJTNDJTJGcGF0aCUzRSUzQyUyRnN2ZyUzRSUwQSUyMCUyMCUyMCUyMCUyMCUyMCUyMCUyMCUyMCUyMCUyMCUyMCUyMCUyMCUyMCUyMCUyMCUyMCUyMFdoYXRzQXBwJTIwJTNDJTJGc3BhbiUzRSUyMCUzQyUyRmElM0UlMEElMjAlMjAlMjAlMjAlMjAlMjAlMjAlMjAlMjAlMjAlMjAlMjAlM0NhJTIwaHJlZiUzRCUyMnRlbCUzQTU1MDgwMDc4MDExMTElMjIlMjBjbGFzcyUzRCUyMmJvdGFvX2ludGVyYXRpdm9fcGVyc3Vhc2l2byUyMGJvdGFvX2ludGVyYXRpdm9fcGVyc3Vhc2l2b19ib2xkJTIyJTNFJTIwJTNDc3BhbiUzRSUyMExpZ3VlJTIwMDgwMCUyMDc4MCUyMDExMTElMjAlMjAlM0MlMkZzcGFuJTNFJTIwJTNDJTJGYSUzRSUwQSUyMCUyMCUyMCUyMCUyMCUyMCUzQyUyRmRpdiUzRSUwQSUyMCUzQyUyRnNlY3Rpb24lM0UlMEElM0MlMkZzZWN0aW9uJTNFJTBB[\/vc_raw_html][vc_wp_text] Ou Ative Radar para agendamento de contato Levantaremos Margens de Empr\u00e9stimo e Cart\u00e3o Consignado, Saques Emergenciais, Refinanciamentos, Linhas de Cr\u00e9dito no Banco do Brasil, se Correntista. Diversas Linhas dispon\u00edveis para sua decis\u00e3o. [\/vc_wp_text][\/vc_column][\/vc_row]<\/p>\n","protected":false},"author":1,"featured_media":0,"parent":0,"menu_order":0,"comment_status":"closed","ping_status":"closed","template":"","meta":{"footnotes":""},"class_list":["post-6534","page","type-page","status-publish","hentry"],"yoast_head":"<!-- This site is optimized with the Yoast SEO plugin v23.6 - https:\/\/yoast.com\/wordpress\/plugins\/seo\/ -->\n<title>novo tema simular calcular credito empr\u00e9stimo consignado siape - SeuCR\u00c9DITONoClick<\/title>\n<meta name=\"robots\" content=\"index, follow, max-snippet:-1, max-image-preview:large, max-video-preview:-1\" \/>\n<link rel=\"canonical\" href=\"https:\/\/11ponto11servidor.com.br\/siape\/simular-calcular-credito-emprestimo-consignado-siape\/\" \/>\n<meta property=\"og:locale\" content=\"pt_BR\" \/>\n<meta property=\"og:type\" content=\"article\" \/>\n<meta property=\"og:title\" content=\"novo tema simular calcular credito empr\u00e9stimo consignado siape - SeuCR\u00c9DITONoClick\" \/>\n<meta property=\"og:description\" content=\"[vc_row][vc_column][vc_wp_text] Solicite nossa consultoria Fale conosco agora para obter seu cr\u00e9dito Atendimento de Segunda \u00e0 Sexta-feira, das 9h \u00e0s 18h. [\/vc_wp_text][vc_raw_html]JTNDc2VjdGlvbiUyMGNsYXNzJTNEJTIyc2VjdGlvbiUyMGdyaWQteCUyMG5vc3NhX2NvbnN1bHRvcmlhX2IlMjAlMjIlMjBpZCUzRCUyMm5vc3NhX2NvbnN1bHRvcmlhJTIyJTNFJTNDZGl2JTIwY2xhc3MlM0QlMjJtYXJnaW4tYXV0byUyMHRleHQtY2VudGVyJTIwZmxleF9jb2x1bW5fbW9iaWxlJTIyJTNFJTBBJTIwJTIwJTIwJTIwJTIwJTIwJTIwJTIwJTIwJTIwJTIwJTIwJTNDYSUyMGhyZWYlM0QlMjJodHRwcyUzQSUyRiUyRmFwaS53aGF0c2FwcC5jb20lMkZzZW5kJTNGcGhvbmUlM0Q1NTA4MDA3ODAxMTExJTI2dGV4dCUzRE9sJTI1QzMlMjVBMSUyQyUyNTIwZ29zdGFyaWElMjUyMGRlJTI1MjBtYWlzJTI1MjBpbmZvcm1hJTI1QzMlMjVBNyUyNUMzJTI1QjVlcyUyNTIwc29icmUlMjUyMGNyJTI1QzMlMjVBOWRpdG8lMjIlMjBjbGFzcyUzRCUyMmJvdGFvX2ludGVyYXRpdm9fcGVyc3Vhc2l2byUyMGJvdGFvX2ludGVyYXRpdm9fcGVyc3Vhc2l2b19ib2xkJTIyJTNFJTIwJTNDc3BhbiUzRSUyMENvbnRyYXRlJTIwT25saW5lJTIwJTIwJTNDJTJGc3BhbiUzRSUyMCUzQyUyRmElM0UlMEElMjAlMjAlMjAlMjAlMjAlMjAlMjAlMjAlMjAlMjAlMjAlMjAlM0NhJTIwaHJlZiUzRCUyMmh0dHBzJTNBJTJGJTJGYXBpLndoYXRzYXBwLmNvbSUyRnNlbmQlM0ZwaG9uZSUzRDU1MDgwMDc4MDExMTElMjIlMjBjbGFzcyUzRCUyMmJvdGFvX2ludGVyYXRpdm9fcGVyc3Vhc2l2byUyMGJvdGFvX2ludGVyYXRpdm9fcGVyc3Vhc2l2b19ib2xkJTIyJTNFJTIwJTNDc3BhbiUyMHN0eWxlJTNEJTIybWFyZ2luLXJpZ2h0JTNBMTBweCUyMiUyMCUyMCUzRSUyMCUyMCUzQ3N2ZyUyMHhtbG5zJTNEJTIyaHR0cCUzQSUyRiUyRnd3dy53My5vcmclMkYyMDAwJTJGc3ZnJTIyJTIwd2lkdGglM0QlMjIyMi4wMjQlMjIlMjBoZWlnaHQlM0QlMjIyMi4wMjQlMjIlMjB2aWV3Qm94JTNEJTIyMCUyMDAlMjAyMi4wMjQlMjAyMi4wMjQlMjIlM0UlM0NkZWZzJTNFJTNDc3R5bGUlM0UueCU3QmZpbGwlM0ElMjM4N2JkMWElM0IlN0QlM0MlMkZzdHlsZSUzRSUzQyUyRmRlZnMlM0UlM0NwYXRoJTIwY2xhc3MlM0QlMjJ4JTIyJTIwZCUzRCUyMk0xOC43MjUlMkM1LjQ1QTEwLjkxNyUyQzEwLjkxNyUyQzAlMkMwJTJDMCUyQzEuNTQ5JTJDMTguNjJMMCUyQzI0LjI3NGw1Ljc4Ni0xLjUxOUExMC44OCUyQzEwLjg4JTJDMCUyQzAlMkMwJTJDMTElMkMyNC4wODJoMEExMS4wMTklMkMxMS4wMTklMkMwJTJDMCUyQzAlMkMyMi4wMjQlMkMxMy4xNjlhMTAuOTU3JTJDMTAuOTU3JTJDMCUyQzAlMkMwLTMuMy03LjcxOFpNMTEuMDA3JTJDMjIuMjQ0QTkuMDU1JTJDOS4wNTUlMkMwJTJDMCUyQzElMkM2LjM4NiUyQzIwLjk4bC0uMzI5LS4yLTMuNDMxLjkuOTE0LTMuMzQ4LS4yMTYtLjM0NEE5LjA4OSUyQzkuMDg5JTJDMCUyQzElMkMxJTJDMjAuMTglMkMxMy4xNjklMkM5LjE3MiUyQzkuMTcyJTJDMCUyQzAlMkMxJTJDMTEuMDA3JTJDMjIuMjQ0Wm00Ljk3NS02Ljc5NGMtLjI3LS4xMzgtMS42MTItLjgtMS44NjMtLjg4NXMtLjQzMy0uMTM4LS42MTUuMTM4LS43Ljg4NS0uODY1JTJDMS4wNzItLjMyLjIwNi0uNTkuMDY5QTcuNDIzJTJDNy40MjMlMkMwJTJDMCUyQzElMkM4LjMzOCUyQzEyLjZjLS4yOC0uNDgyLjI4LS40NDcuOC0xLjQ5YS41MDUuNTA1JTJDMCUyQzAlMkMwLS4wMjUtLjQ3N2MtLjA2OS0uMTM4LS42MTUtMS40OC0uODQxLTIuMDI1cy0uNDQ3LS40NTctLjYxNS0uNDY3LS4zMzktLjAxLS41MjEtLjAxYTEuMDElMkMxLjAxJTJDMCUyQzAlMkMwLS43MjguMzM5JTJDMy4wNjQlMkMzLjA2NCUyQzAlMkMwJTJDMC0uOTU0JTJDMi4yNzYlMkM1LjM0MiUyQzUuMzQyJTJDMCUyQzAlMkMwJTJDMS4xMTElMkMyLjgyMiUyQzEyLjE4NiUyQzEyLjE4NiUyQzAlMkMwJTJDMCUyQzQuNjYlMkM0LjEyJTJDNS4zMzYlMkM1LjMzNiUyQzAlMkMwJTJDMCUyQzMuMjc0LjY4MyUyQzIuNzkzJTJDMi43OTMlMkMwJTJDMCUyQzAlMkMxLjgzOS0xLjMlMkMyLjI4MSUyQzIuMjgxJTJDMCUyQzAlMkMwJTJDLjE1Ny0xLjNDMTYuNDM0JTJDMTUuNjUxJTJDMTYuMjUyJTJDMTUuNTgyJTJDMTUuOTgyJTJDMTUuNDVaJTIyJTIwdHJhbnNmb3JtJTNEJTIydHJhbnNsYXRlJTI4MCUyMC0yLjI1JTI5JTIyJTNFJTNDJTJGcGF0aCUzRSUzQyUyRnN2ZyUzRSUwQSUyMCUyMCUyMCUyMCUyMCUyMCUyMCUyMCUyMCUyMCUyMCUyMCUyMCUyMCUyMCUyMCUyMCUyMCUyMFdoYXRzQXBwJTIwJTNDJTJGc3BhbiUzRSUyMCUzQyUyRmElM0UlMEElMjAlMjAlMjAlMjAlMjAlMjAlMjAlMjAlMjAlMjAlMjAlMjAlM0NhJTIwaHJlZiUzRCUyMnRlbCUzQTU1MDgwMDc4MDExMTElMjIlMjBjbGFzcyUzRCUyMmJvdGFvX2ludGVyYXRpdm9fcGVyc3Vhc2l2byUyMGJvdGFvX2ludGVyYXRpdm9fcGVyc3Vhc2l2b19ib2xkJTIyJTNFJTIwJTNDc3BhbiUzRSUyMExpZ3VlJTIwMDgwMCUyMDc4MCUyMDExMTElMjAlMjAlM0MlMkZzcGFuJTNFJTIwJTNDJTJGYSUzRSUwQSUyMCUyMCUyMCUyMCUyMCUyMCUzQyUyRmRpdiUzRSUwQSUyMCUzQyUyRnNlY3Rpb24lM0UlMEElM0MlMkZzZWN0aW9uJTNFJTBB[\/vc_raw_html][vc_wp_text] Ou Ative Radar para agendamento de contato Levantaremos Margens de Empr\u00e9stimo e Cart\u00e3o Consignado, Saques Emergenciais, Refinanciamentos, Linhas de Cr\u00e9dito no Banco do Brasil, se Correntista. Diversas Linhas dispon\u00edveis para sua decis\u00e3o. [\/vc_wp_text][\/vc_column][\/vc_row]\" \/>\n<meta property=\"og:url\" content=\"https:\/\/11ponto11servidor.com.br\/siape\/simular-calcular-credito-emprestimo-consignado-siape\/\" \/>\n<meta property=\"og:site_name\" content=\"SeuCR\u00c9DITONoClick\" \/>\n<meta property=\"article:publisher\" content=\"https:\/\/www.facebook.com\/seucreditonoclick\/\" \/>\n<meta property=\"article:modified_time\" content=\"2022-08-18T14:21:54+00:00\" \/>\n<meta name=\"twitter:card\" content=\"summary_large_image\" \/>\n<meta name=\"twitter:label1\" content=\"Est. tempo de leitura\" \/>\n\t<meta name=\"twitter:data1\" content=\"1 minuto\" \/>\n<script type=\"application\/ld+json\" class=\"yoast-schema-graph\">{\"@context\":\"https:\/\/schema.org\",\"@graph\":[{\"@type\":\"WebPage\",\"@id\":\"https:\/\/11ponto11servidor.com.br\/siape\/simular-calcular-credito-emprestimo-consignado-siape\/\",\"url\":\"https:\/\/11ponto11servidor.com.br\/siape\/simular-calcular-credito-emprestimo-consignado-siape\/\",\"name\":\"novo tema simular calcular credito empr\u00e9stimo consignado siape - SeuCR\u00c9DITONoClick\",\"isPartOf\":{\"@id\":\"https:\/\/seucreditonoclick.com.br\/#website\"},\"datePublished\":\"2021-09-10T18:58:05+00:00\",\"dateModified\":\"2022-08-18T14:21:54+00:00\",\"breadcrumb\":{\"@id\":\"https:\/\/11ponto11servidor.com.br\/siape\/simular-calcular-credito-emprestimo-consignado-siape\/#breadcrumb\"},\"inLanguage\":\"pt-BR\",\"potentialAction\":[{\"@type\":\"ReadAction\",\"target\":[\"https:\/\/11ponto11servidor.com.br\/siape\/simular-calcular-credito-emprestimo-consignado-siape\/\"]}]},{\"@type\":\"BreadcrumbList\",\"@id\":\"https:\/\/11ponto11servidor.com.br\/siape\/simular-calcular-credito-emprestimo-consignado-siape\/#breadcrumb\",\"itemListElement\":[{\"@type\":\"ListItem\",\"position\":1,\"name\":\"In\u00edcio\",\"item\":\"https:\/\/seucreditonoclick.com.br\/\"},{\"@type\":\"ListItem\",\"position\":2,\"name\":\"novo tema simular calcular credito empr\u00e9stimo consignado siape\"}]},{\"@type\":\"WebSite\",\"@id\":\"https:\/\/seucreditonoclick.com.br\/#website\",\"url\":\"https:\/\/seucreditonoclick.com.br\/\",\"name\":\"SeuCR\u00c9DITONoClick\",\"description\":\"1\u00ba site de Cr\u00e9dito com Auto Atendimento do Brasil\",\"potentialAction\":[{\"@type\":\"SearchAction\",\"target\":{\"@type\":\"EntryPoint\",\"urlTemplate\":\"https:\/\/seucreditonoclick.com.br\/?s={search_term_string}\"},\"query-input\":{\"@type\":\"PropertyValueSpecification\",\"valueRequired\":true,\"valueName\":\"search_term_string\"}}],\"inLanguage\":\"pt-BR\"}]}<\/script>\n<!-- \/ Yoast SEO plugin. -->","yoast_head_json":{"title":"novo tema simular calcular credito empr\u00e9stimo consignado siape - SeuCR\u00c9DITONoClick","robots":{"index":"index","follow":"follow","max-snippet":"max-snippet:-1","max-image-preview":"max-image-preview:large","max-video-preview":"max-video-preview:-1"},"canonical":"https:\/\/11ponto11servidor.com.br\/siape\/simular-calcular-credito-emprestimo-consignado-siape\/","og_locale":"pt_BR","og_type":"article","og_title":"novo tema simular calcular credito empr\u00e9stimo consignado siape - SeuCR\u00c9DITONoClick","og_description":"[vc_row][vc_column][vc_wp_text] Solicite nossa consultoria Fale conosco agora para obter seu cr\u00e9dito Atendimento de Segunda \u00e0 Sexta-feira, das 9h \u00e0s 18h. [\/vc_wp_text][vc_raw_html]JTNDc2VjdGlvbiUyMGNsYXNzJTNEJTIyc2VjdGlvbiUyMGdyaWQteCUyMG5vc3NhX2NvbnN1bHRvcmlhX2IlMjAlMjIlMjBpZCUzRCUyMm5vc3NhX2NvbnN1bHRvcmlhJTIyJTNFJTNDZGl2JTIwY2xhc3MlM0QlMjJtYXJnaW4tYXV0byUyMHRleHQtY2VudGVyJTIwZmxleF9jb2x1bW5fbW9iaWxlJTIyJTNFJTBBJTIwJTIwJTIwJTIwJTIwJTIwJTIwJTIwJTIwJTIwJTIwJTIwJTNDYSUyMGhyZWYlM0QlMjJodHRwcyUzQSUyRiUyRmFwaS53aGF0c2FwcC5jb20lMkZzZW5kJTNGcGhvbmUlM0Q1NTA4MDA3ODAxMTExJTI2dGV4dCUzRE9sJTI1QzMlMjVBMSUyQyUyNTIwZ29zdGFyaWElMjUyMGRlJTI1MjBtYWlzJTI1MjBpbmZvcm1hJTI1QzMlMjVBNyUyNUMzJTI1QjVlcyUyNTIwc29icmUlMjUyMGNyJTI1QzMlMjVBOWRpdG8lMjIlMjBjbGFzcyUzRCUyMmJvdGFvX2ludGVyYXRpdm9fcGVyc3Vhc2l2byUyMGJvdGFvX2ludGVyYXRpdm9fcGVyc3Vhc2l2b19ib2xkJTIyJTNFJTIwJTNDc3BhbiUzRSUyMENvbnRyYXRlJTIwT25saW5lJTIwJTIwJTNDJTJGc3BhbiUzRSUyMCUzQyUyRmElM0UlMEElMjAlMjAlMjAlMjAlMjAlMjAlMjAlMjAlMjAlMjAlMjAlMjAlM0NhJTIwaHJlZiUzRCUyMmh0dHBzJTNBJTJGJTJGYXBpLndoYXRzYXBwLmNvbSUyRnNlbmQlM0ZwaG9uZSUzRDU1MDgwMDc4MDExMTElMjIlMjBjbGFzcyUzRCUyMmJvdGFvX2ludGVyYXRpdm9fcGVyc3Vhc2l2byUyMGJvdGFvX2ludGVyYXRpdm9fcGVyc3Vhc2l2b19ib2xkJTIyJTNFJTIwJTNDc3BhbiUyMHN0eWxlJTNEJTIybWFyZ2luLXJpZ2h0JTNBMTBweCUyMiUyMCUyMCUzRSUyMCUyMCUzQ3N2ZyUyMHhtbG5zJTNEJTIyaHR0cCUzQSUyRiUyRnd3dy53My5vcmclMkYyMDAwJTJGc3ZnJTIyJTIwd2lkdGglM0QlMjIyMi4wMjQlMjIlMjBoZWlnaHQlM0QlMjIyMi4wMjQlMjIlMjB2aWV3Qm94JTNEJTIyMCUyMDAlMjAyMi4wMjQlMjAyMi4wMjQlMjIlM0UlM0NkZWZzJTNFJTNDc3R5bGUlM0UueCU3QmZpbGwlM0ElMjM4N2JkMWElM0IlN0QlM0MlMkZzdHlsZSUzRSUzQyUyRmRlZnMlM0UlM0NwYXRoJTIwY2xhc3MlM0QlMjJ4JTIyJTIwZCUzRCUyMk0xOC43MjUlMkM1LjQ1QTEwLjkxNyUyQzEwLjkxNyUyQzAlMkMwJTJDMCUyQzEuNTQ5JTJDMTguNjJMMCUyQzI0LjI3NGw1Ljc4Ni0xLjUxOUExMC44OCUyQzEwLjg4JTJDMCUyQzAlMkMwJTJDMTElMkMyNC4wODJoMEExMS4wMTklMkMxMS4wMTklMkMwJTJDMCUyQzAlMkMyMi4wMjQlMkMxMy4xNjlhMTAuOTU3JTJDMTAuOTU3JTJDMCUyQzAlMkMwLTMuMy03LjcxOFpNMTEuMDA3JTJDMjIuMjQ0QTkuMDU1JTJDOS4wNTUlMkMwJTJDMCUyQzElMkM2LjM4NiUyQzIwLjk4bC0uMzI5LS4yLTMuNDMxLjkuOTE0LTMuMzQ4LS4yMTYtLjM0NEE5LjA4OSUyQzkuMDg5JTJDMCUyQzElMkMxJTJDMjAuMTglMkMxMy4xNjklMkM5LjE3MiUyQzkuMTcyJTJDMCUyQzAlMkMxJTJDMTEuMDA3JTJDMjIuMjQ0Wm00Ljk3NS02Ljc5NGMtLjI3LS4xMzgtMS42MTItLjgtMS44NjMtLjg4NXMtLjQzMy0uMTM4LS42MTUuMTM4LS43Ljg4NS0uODY1JTJDMS4wNzItLjMyLjIwNi0uNTkuMDY5QTcuNDIzJTJDNy40MjMlMkMwJTJDMCUyQzElMkM4LjMzOCUyQzEyLjZjLS4yOC0uNDgyLjI4LS40NDcuOC0xLjQ5YS41MDUuNTA1JTJDMCUyQzAlMkMwLS4wMjUtLjQ3N2MtLjA2OS0uMTM4LS42MTUtMS40OC0uODQxLTIuMDI1cy0uNDQ3LS40NTctLjYxNS0uNDY3LS4zMzktLjAxLS41MjEtLjAxYTEuMDElMkMxLjAxJTJDMCUyQzAlMkMwLS43MjguMzM5JTJDMy4wNjQlMkMzLjA2NCUyQzAlMkMwJTJDMC0uOTU0JTJDMi4yNzYlMkM1LjM0MiUyQzUuMzQyJTJDMCUyQzAlMkMwJTJDMS4xMTElMkMyLjgyMiUyQzEyLjE4NiUyQzEyLjE4NiUyQzAlMkMwJTJDMCUyQzQuNjYlMkM0LjEyJTJDNS4zMzYlMkM1LjMzNiUyQzAlMkMwJTJDMCUyQzMuMjc0LjY4MyUyQzIuNzkzJTJDMi43OTMlMkMwJTJDMCUyQzAlMkMxLjgzOS0xLjMlMkMyLjI4MSUyQzIuMjgxJTJDMCUyQzAlMkMwJTJDLjE1Ny0xLjNDMTYuNDM0JTJDMTUuNjUxJTJDMTYuMjUyJTJDMTUuNTgyJTJDMTUuOTgyJTJDMTUuNDVaJTIyJTIwdHJhbnNmb3JtJTNEJTIydHJhbnNsYXRlJTI4MCUyMC0yLjI1JTI5JTIyJTNFJTNDJTJGcGF0aCUzRSUzQyUyRnN2ZyUzRSUwQSUyMCUyMCUyMCUyMCUyMCUyMCUyMCUyMCUyMCUyMCUyMCUyMCUyMCUyMCUyMCUyMCUyMCUyMCUyMFdoYXRzQXBwJTIwJTNDJTJGc3BhbiUzRSUyMCUzQyUyRmElM0UlMEElMjAlMjAlMjAlMjAlMjAlMjAlMjAlMjAlMjAlMjAlMjAlMjAlM0NhJTIwaHJlZiUzRCUyMnRlbCUzQTU1MDgwMDc4MDExMTElMjIlMjBjbGFzcyUzRCUyMmJvdGFvX2ludGVyYXRpdm9fcGVyc3Vhc2l2byUyMGJvdGFvX2ludGVyYXRpdm9fcGVyc3Vhc2l2b19ib2xkJTIyJTNFJTIwJTNDc3BhbiUzRSUyMExpZ3VlJTIwMDgwMCUyMDc4MCUyMDExMTElMjAlMjAlM0MlMkZzcGFuJTNFJTIwJTNDJTJGYSUzRSUwQSUyMCUyMCUyMCUyMCUyMCUyMCUzQyUyRmRpdiUzRSUwQSUyMCUzQyUyRnNlY3Rpb24lM0UlMEElM0MlMkZzZWN0aW9uJTNFJTBB[\/vc_raw_html][vc_wp_text] Ou Ative Radar para agendamento de contato Levantaremos Margens de Empr\u00e9stimo e Cart\u00e3o Consignado, Saques Emergenciais, Refinanciamentos, Linhas de Cr\u00e9dito no Banco do Brasil, se Correntista. Diversas Linhas dispon\u00edveis para sua decis\u00e3o. [\/vc_wp_text][\/vc_column][\/vc_row]","og_url":"https:\/\/11ponto11servidor.com.br\/siape\/simular-calcular-credito-emprestimo-consignado-siape\/","og_site_name":"SeuCR\u00c9DITONoClick","article_publisher":"https:\/\/www.facebook.com\/seucreditonoclick\/","article_modified_time":"2022-08-18T14:21:54+00:00","twitter_card":"summary_large_image","twitter_misc":{"Est. tempo de leitura":"1 minuto"},"schema":{"@context":"https:\/\/schema.org","@graph":[{"@type":"WebPage","@id":"https:\/\/11ponto11servidor.com.br\/siape\/simular-calcular-credito-emprestimo-consignado-siape\/","url":"https:\/\/11ponto11servidor.com.br\/siape\/simular-calcular-credito-emprestimo-consignado-siape\/","name":"novo tema simular calcular credito empr\u00e9stimo consignado siape - SeuCR\u00c9DITONoClick","isPartOf":{"@id":"https:\/\/seucreditonoclick.com.br\/#website"},"datePublished":"2021-09-10T18:58:05+00:00","dateModified":"2022-08-18T14:21:54+00:00","breadcrumb":{"@id":"https:\/\/11ponto11servidor.com.br\/siape\/simular-calcular-credito-emprestimo-consignado-siape\/#breadcrumb"},"inLanguage":"pt-BR","potentialAction":[{"@type":"ReadAction","target":["https:\/\/11ponto11servidor.com.br\/siape\/simular-calcular-credito-emprestimo-consignado-siape\/"]}]},{"@type":"BreadcrumbList","@id":"https:\/\/11ponto11servidor.com.br\/siape\/simular-calcular-credito-emprestimo-consignado-siape\/#breadcrumb","itemListElement":[{"@type":"ListItem","position":1,"name":"In\u00edcio","item":"https:\/\/seucreditonoclick.com.br\/"},{"@type":"ListItem","position":2,"name":"novo tema simular calcular credito empr\u00e9stimo consignado siape"}]},{"@type":"WebSite","@id":"https:\/\/seucreditonoclick.com.br\/#website","url":"https:\/\/seucreditonoclick.com.br\/","name":"SeuCR\u00c9DITONoClick","description":"1\u00ba site de Cr\u00e9dito com Auto Atendimento do Brasil","potentialAction":[{"@type":"SearchAction","target":{"@type":"EntryPoint","urlTemplate":"https:\/\/seucreditonoclick.com.br\/?s={search_term_string}"},"query-input":{"@type":"PropertyValueSpecification","valueRequired":true,"valueName":"search_term_string"}}],"inLanguage":"pt-BR"}]}},"_links":{"self":[{"href":"https:\/\/11ponto11servidor.com.br\/siape\/wp-json\/wp\/v2\/pages\/6534"}],"collection":[{"href":"https:\/\/11ponto11servidor.com.br\/siape\/wp-json\/wp\/v2\/pages"}],"about":[{"href":"https:\/\/11ponto11servidor.com.br\/siape\/wp-json\/wp\/v2\/types\/page"}],"author":[{"embeddable":true,"href":"https:\/\/11ponto11servidor.com.br\/siape\/wp-json\/wp\/v2\/users\/1"}],"replies":[{"embeddable":true,"href":"https:\/\/11ponto11servidor.com.br\/siape\/wp-json\/wp\/v2\/comments?post=6534"}],"version-history":[{"count":4,"href":"https:\/\/11ponto11servidor.com.br\/siape\/wp-json\/wp\/v2\/pages\/6534\/revisions"}],"predecessor-version":[{"id":6876,"href":"https:\/\/11ponto11servidor.com.br\/siape\/wp-json\/wp\/v2\/pages\/6534\/revisions\/6876"}],"wp:attachment":[{"href":"https:\/\/11ponto11servidor.com.br\/siape\/wp-json\/wp\/v2\/media?parent=6534"}],"curies":[{"name":"wp","href":"https:\/\/api.w.org\/{rel}","templated":true}]}}