{"id":34,"date":"2018-01-22T11:01:17","date_gmt":"2018-01-22T13:01:17","guid":{"rendered":"https:\/\/11ponto11servidor.com.br\/viagem\/?page_id=34"},"modified":"2021-02-17T16:49:37","modified_gmt":"2021-02-17T19:49:37","slug":"seguranca-certificada","status":"publish","type":"page","link":"https:\/\/11ponto11servidor.com.br\/viagem\/seguranca-certificada\/","title":{"rendered":"Seguran\u00e7a Online Certificada"},"content":{"rendered":"<section class=\"l-section wpb_row height_large\"><div class=\"l-section-h i-cf\"><div class=\"g-cols vc_row type_default valign_top\"><div class=\"vc_col-sm-12 wpb_column vc_column_container\"><div class=\"vc_column-inner\"><div class=\"wpb_wrapper\"><div class=\"wpb_text_column\" ><div class=\"wpb_wrapper\"><p align=\"justify\">A <b>11PONTO11<\/b> possui em todos os seus Sites, Certifica\u00e7\u00e3o de Seguran\u00e7a, emitido pela empresa dos E.U.A., especializada em criptografar as informa\u00e7\u00f5es fornecidas, dando seguran\u00e7a aos usu\u00e1rios em rela\u00e7\u00e3o a invas\u00e3o dos nossos Sites para capturar as informa\u00e7\u00f5es a n\u00f3s confiadas por nossos clientes. Por outro lado, tamb\u00e9m com a certifica\u00e7\u00e3o, temos a garantia que voc\u00ea ter\u00e1 uma navega\u00e7\u00e3o \u201csegura\u201d e nossos Sites n\u00e3o ser\u00e3o agentes propagadores de V\u00edrus, Malwares, ou qualquer outro software malicioso que poder\u00e1 capturar suas informa\u00e7\u00f5es, danificador seu computador ou qualquer outra ferramenta de navega\u00e7\u00e3o.<\/p>\n<p align=\"justify\">Ao navegar em TODOS os sites da <b>11PONTO11<\/b> voc\u00ea ter\u00e1 a identifica\u00e7\u00e3o visual (cadeado) que lhe demonstra estar tendo uma navega\u00e7\u00e3o segura e certificada. Se quiser verificar os dados do nosso certificado, click no \u201ccadeado\u201d e ver\u00e1 todas as especifica\u00e7\u00f5es da nossa Certifica\u00e7\u00e3o. Por outro lado, no \u201crodap\u00e9\u201d de nossos Sites, temos o sele de Seguran\u00e7a: <b>CLOUDFLARE \u2013 CERTIFICADO E PROTEGIDO<\/b> onde voc\u00ea poder\u00e1 obter todos os dados do nosso certificado de Seguran\u00e7a.<\/p>\n<p align=\"justify\">Esta <b>FINTECH<\/b> utiliza cookies e informa\u00e7\u00f5es de sua navega\u00e7\u00e3o (sess\u00e3o do browser) com o objetivo de aperfei\u00e7oar sempre nossos servi\u00e7os, produtos, conte\u00fados e garantir as melhores ofertas e promo\u00e7\u00f5es para voc\u00ea. Durante todo este processo mantemos suas informa\u00e7\u00f5es em sigilo absoluto. Vale lembrar que seus dados s\u00e3o registrados pela <b>11PONTO11<\/b> de forma automatizada, dispensando manipula\u00e7\u00e3o humana.<\/p>\n<\/div><\/div>[vc_raw_html el_class=&#8221;esconder&#8221;]JTNDZGl2JTIwY2xhc3MlM0QlMjJ3LWltYWdlJTIwYWxpZ25fY2VudGVyJTIwYW5pbWF0ZV9mYWRlJTIwYW5pbWF0ZV9zdGFydCUyMiUzRSUzQ2ElMjBjbGFzcyUzRCUyMnctaW1hZ2UtaCUyMiUyMGhyZWYlM0QlMjIlMkZ3cC1jb250ZW50JTJGdGhlbWVzJTJGdmlhZ2VtJTJGaW1nJTJGY2VydGlmaWNhZG9fc3VhdmlhZ2Vtbm9jbGljay5qcGclMjIlMjByZWYlM0QlMjJtYWduaWZpY1BvcHVwJTIyJTNFJTNDaW1nJTIwc3JjJTNEJTIyJTJGd3AtY29udGVudCUyRnVwbG9hZHMlMkZzaXRlcyUyRjIlMkYyMDE3JTJGMDUlMkZzaXRlc2VhbF9nZF8zX2hfbF9tLmdpZiUyMiUyMGNsYXNzJTNEJTIyYXR0YWNobWVudC1mdWxsJTIwc2l6ZS1mdWxsJTIyJTIwYWx0JTNEJTIyJTIyJTIwd2lkdGglM0QlMjIyNDglMjIlMjBoZWlnaHQlM0QlMjI1NCUyMiUzRSUzQ3NwYW4lMjBjbGFzcyUzRCUyMnJpcHBsZS1jb250YWluZXIlMjIlM0UlM0MlMkZzcGFuJTNFJTNDJTJGYSUzRSUzQyUyRmRpdiUzRQ==[\/vc_raw_html]<\/div><\/div><\/div><\/div><\/div><\/section>\n","protected":false},"excerpt":{"rendered":"A 11PONTO11 possui em todos os seus Sites, Certifica\u00e7\u00e3o de Seguran\u00e7a, emitido pela empresa dos E.U.A., especializada em criptografar as informa\u00e7\u00f5es fornecidas, dando seguran\u00e7a aos usu\u00e1rios em rela\u00e7\u00e3o a invas\u00e3o dos nossos Sites para capturar as informa\u00e7\u00f5es a n\u00f3s confiadas por nossos clientes. Por outro lado, tamb\u00e9m com a certifica\u00e7\u00e3o, temos a garantia que voc\u00ea...","protected":false},"author":1,"featured_media":0,"parent":0,"menu_order":0,"comment_status":"closed","ping_status":"closed","template":"","meta":{"footnotes":""},"class_list":["post-34","page","type-page","status-publish","hentry"],"yoast_head":"<!-- This site is optimized with the Yoast SEO Premium plugin v16.3 (Yoast SEO v23.6) - https:\/\/yoast.com\/wordpress\/plugins\/seo\/ -->\n<title>Seguran\u00e7a Online Certificada - Blog Viagens<\/title>\n<meta name=\"robots\" content=\"index, follow, max-snippet:-1, max-image-preview:large, max-video-preview:-1\" \/>\n<link rel=\"canonical\" href=\"https:\/\/11ponto11servidor.com.br\/viagem\/seguranca-certificada\/\" \/>\n<meta property=\"og:locale\" content=\"pt_BR\" \/>\n<meta property=\"og:type\" content=\"article\" \/>\n<meta property=\"og:title\" content=\"Seguran\u00e7a Online Certificada - Blog Viagens\" \/>\n<meta property=\"og:url\" content=\"https:\/\/11ponto11servidor.com.br\/viagem\/seguranca-certificada\/\" \/>\n<meta property=\"og:site_name\" content=\"Blog Viagens\" \/>\n<meta property=\"article:publisher\" content=\"https:\/\/business.facebook.com\/suaviagemnoclick\/?business_id=470313793386419\" \/>\n<meta property=\"article:modified_time\" content=\"2021-02-17T19:49:37+00:00\" \/>\n<meta name=\"twitter:card\" content=\"summary_large_image\" \/>\n<meta name=\"twitter:label1\" content=\"Est. tempo de leitura\" \/>\n\t<meta name=\"twitter:data1\" content=\"1 minuto\" \/>\n<script type=\"application\/ld+json\" class=\"yoast-schema-graph\">{\"@context\":\"https:\/\/schema.org\",\"@graph\":[{\"@type\":\"WebPage\",\"@id\":\"https:\/\/11ponto11servidor.com.br\/viagem\/seguranca-certificada\/\",\"url\":\"https:\/\/11ponto11servidor.com.br\/viagem\/seguranca-certificada\/\",\"name\":\"Seguran\u00e7a Online Certificada - Blog Viagens\",\"isPartOf\":{\"@id\":\"https:\/\/11ponto11servidor.com.br\/viagem\/#website\"},\"datePublished\":\"2018-01-22T13:01:17+00:00\",\"dateModified\":\"2021-02-17T19:49:37+00:00\",\"breadcrumb\":{\"@id\":\"https:\/\/11ponto11servidor.com.br\/viagem\/seguranca-certificada\/#breadcrumb\"},\"inLanguage\":\"pt-BR\",\"potentialAction\":[{\"@type\":\"ReadAction\",\"target\":[\"https:\/\/11ponto11servidor.com.br\/viagem\/seguranca-certificada\/\"]}]},{\"@type\":\"BreadcrumbList\",\"@id\":\"https:\/\/11ponto11servidor.com.br\/viagem\/seguranca-certificada\/#breadcrumb\",\"itemListElement\":[{\"@type\":\"ListItem\",\"position\":1,\"name\":\"In\u00edcio\",\"item\":\"https:\/\/11ponto11servidor.com.br\/viagem\/\"},{\"@type\":\"ListItem\",\"position\":2,\"name\":\"Seguran\u00e7a Online Certificada\"}]},{\"@type\":\"WebSite\",\"@id\":\"https:\/\/11ponto11servidor.com.br\/viagem\/#website\",\"url\":\"https:\/\/11ponto11servidor.com.br\/viagem\/\",\"name\":\"Blog Viagens\",\"description\":\"SIAPE Servidor Federal\",\"potentialAction\":[{\"@type\":\"SearchAction\",\"target\":{\"@type\":\"EntryPoint\",\"urlTemplate\":\"https:\/\/11ponto11servidor.com.br\/viagem\/?s={search_term_string}\"},\"query-input\":{\"@type\":\"PropertyValueSpecification\",\"valueRequired\":true,\"valueName\":\"search_term_string\"}}],\"inLanguage\":\"pt-BR\"}]}<\/script>\n<!-- \/ Yoast SEO Premium plugin. -->","yoast_head_json":{"title":"Seguran\u00e7a Online Certificada - Blog Viagens","robots":{"index":"index","follow":"follow","max-snippet":"max-snippet:-1","max-image-preview":"max-image-preview:large","max-video-preview":"max-video-preview:-1"},"canonical":"https:\/\/11ponto11servidor.com.br\/viagem\/seguranca-certificada\/","og_locale":"pt_BR","og_type":"article","og_title":"Seguran\u00e7a Online Certificada - Blog Viagens","og_url":"https:\/\/11ponto11servidor.com.br\/viagem\/seguranca-certificada\/","og_site_name":"Blog Viagens","article_publisher":"https:\/\/business.facebook.com\/suaviagemnoclick\/?business_id=470313793386419","article_modified_time":"2021-02-17T19:49:37+00:00","twitter_card":"summary_large_image","twitter_misc":{"Est. tempo de leitura":"1 minuto"},"schema":{"@context":"https:\/\/schema.org","@graph":[{"@type":"WebPage","@id":"https:\/\/11ponto11servidor.com.br\/viagem\/seguranca-certificada\/","url":"https:\/\/11ponto11servidor.com.br\/viagem\/seguranca-certificada\/","name":"Seguran\u00e7a Online Certificada - Blog Viagens","isPartOf":{"@id":"https:\/\/11ponto11servidor.com.br\/viagem\/#website"},"datePublished":"2018-01-22T13:01:17+00:00","dateModified":"2021-02-17T19:49:37+00:00","breadcrumb":{"@id":"https:\/\/11ponto11servidor.com.br\/viagem\/seguranca-certificada\/#breadcrumb"},"inLanguage":"pt-BR","potentialAction":[{"@type":"ReadAction","target":["https:\/\/11ponto11servidor.com.br\/viagem\/seguranca-certificada\/"]}]},{"@type":"BreadcrumbList","@id":"https:\/\/11ponto11servidor.com.br\/viagem\/seguranca-certificada\/#breadcrumb","itemListElement":[{"@type":"ListItem","position":1,"name":"In\u00edcio","item":"https:\/\/11ponto11servidor.com.br\/viagem\/"},{"@type":"ListItem","position":2,"name":"Seguran\u00e7a Online Certificada"}]},{"@type":"WebSite","@id":"https:\/\/11ponto11servidor.com.br\/viagem\/#website","url":"https:\/\/11ponto11servidor.com.br\/viagem\/","name":"Blog Viagens","description":"SIAPE Servidor Federal","potentialAction":[{"@type":"SearchAction","target":{"@type":"EntryPoint","urlTemplate":"https:\/\/11ponto11servidor.com.br\/viagem\/?s={search_term_string}"},"query-input":{"@type":"PropertyValueSpecification","valueRequired":true,"valueName":"search_term_string"}}],"inLanguage":"pt-BR"}]}},"_links":{"self":[{"href":"https:\/\/11ponto11servidor.com.br\/viagem\/wp-json\/wp\/v2\/pages\/34"}],"collection":[{"href":"https:\/\/11ponto11servidor.com.br\/viagem\/wp-json\/wp\/v2\/pages"}],"about":[{"href":"https:\/\/11ponto11servidor.com.br\/viagem\/wp-json\/wp\/v2\/types\/page"}],"author":[{"embeddable":true,"href":"https:\/\/11ponto11servidor.com.br\/viagem\/wp-json\/wp\/v2\/users\/1"}],"replies":[{"embeddable":true,"href":"https:\/\/11ponto11servidor.com.br\/viagem\/wp-json\/wp\/v2\/comments?post=34"}],"version-history":[{"count":0,"href":"https:\/\/11ponto11servidor.com.br\/viagem\/wp-json\/wp\/v2\/pages\/34\/revisions"}],"wp:attachment":[{"href":"https:\/\/11ponto11servidor.com.br\/viagem\/wp-json\/wp\/v2\/media?parent=34"}],"curies":[{"name":"wp","href":"https:\/\/api.w.org\/{rel}","templated":true}]}}